{"id":12,"date":"2019-04-09T11:16:38","date_gmt":"2019-04-09T11:16:38","guid":{"rendered":"https:\/\/www.surface-controls.com\/?page_id=12"},"modified":"2024-03-18T13:24:53","modified_gmt":"2024-03-18T13:24:53","slug":"oberflaechenkontrolle-qualitaetskontrolle-mit-licht","status":"publish","type":"page","link":"https:\/\/www.surface-controls.com\/de\/oberflaechenkontrolle-qualitaetskontrolle-mit-licht\/","title":{"rendered":"Oberfl\u00e4chenkontrolle"},"content":{"rendered":"<div class=\"fusion-fullwidth fullwidth-box fusion-builder-row-1 nonhundred-percent-fullwidth non-hundred-percent-height-scrolling\" style=\"--awb-border-sizes-top:0px;--awb-border-sizes-bottom:0px;--awb-border-sizes-left:0px;--awb-border-sizes-right:0px;--awb-border-radius-top-left:0px;--awb-border-radius-top-right:0px;--awb-border-radius-bottom-right:0px;--awb-border-radius-bottom-left:0px;--awb-padding-top:0px;--awb-padding-bottom:0px;--awb-flex-wrap:wrap;\" ><div class=\"fusion-builder-row fusion-row\"><div class=\"fusion-layout-column fusion_builder_column fusion-builder-column-0 fusion_builder_column_1_1 1_1 fusion-one-full fusion-column-first fusion-column-last\" style=\"--awb-bg-size:cover;--awb-margin-bottom:0px;\"><div class=\"fusion-column-wrapper fusion-column-has-shadow fusion-flex-column-wrapper-legacy\"><div class=\"fusion-column-content-centered\"><div class=\"fusion-column-content\"><div class=\"fusion-title title fusion-title-1 fusion-title-center fusion-title-text fusion-title-size-one\" style=\"--awb-margin-bottom:5%;--awb-margin-bottom-small:5%;\"><div class=\"title-sep-container title-sep-container-left\"><div class=\"title-sep sep- sep-solid\" style=\"border-color:#e0dede;\"><\/div><\/div><span class=\"awb-title-spacer\"><\/span><h1 class=\"fusion-title-heading title-heading-center fusion-responsive-typography-calculated\" style=\"margin:0;--fontSize:34;line-height:1.41;\">Perfektes Licht &#8211; Perfekte Oberfl\u00e4chenkontrolle<\/h1><span class=\"awb-title-spacer\"><\/span><div class=\"title-sep-container title-sep-container-right\"><div class=\"title-sep sep- sep-solid\" style=\"border-color:#e0dede;\"><\/div><\/div><\/div><div class=\"fusion-sep-clear\"><\/div><div class=\"fusion-separator fusion-full-width-sep\" style=\"margin-left: auto;margin-right: auto;margin-top:0px;margin-bottom:0px;width:100%;\"><div class=\"fusion-separator-border sep-single sep-solid\" style=\"--awb-height:20px;--awb-amount:20px;--awb-sep-color:#870c30;border-color:#870c30;border-top-width:5px;\"><\/div><\/div><div class=\"fusion-sep-clear\"><\/div><\/div><\/div><div class=\"fusion-clearfix\"><\/div><\/div><\/div><div class=\"fusion-layout-column fusion_builder_column fusion-builder-column-1 fusion_builder_column_1_1 1_1 fusion-one-full fusion-column-first fusion-column-last green-border rounded-border\" style=\"--awb-padding-top:5%;--awb-padding-right:5%;--awb-padding-bottom:5%;--awb-padding-left:5%;--awb-bg-color:#ffffff;--awb-bg-color-hover:#ffffff;--awb-bg-size:cover;\"><div class=\"fusion-column-wrapper fusion-column-has-shadow fusion-flex-column-wrapper-legacy\"><div class=\"fusion-text fusion-text-1\"><p style=\"text-align: left;\"><img decoding=\"async\" class=\"alignleft wp-image-245 size-full\" style=\"margin-right: 60px;\" src=\"https:\/\/www.surface-controls.com\/wp-content\/uploads\/2019\/05\/oberflaechenkontrolle-mit-licht-grundlagen.jpg\" alt=\"Oberfl\u00e4chenkontrolle mit Leuchten - Oberfl\u00e4chenkontrolloptiken\" width=\"300\" height=\"220\" \/><\/p>\n<h3 style=\"text-align: left; margin-top: -20px;\">Grundlagen<\/h3>\n<p style=\"text-align: left;\">Im Rahmen der Qualit\u00e4tskontrolle spielt das Licht und somit auch die Beleuchtung eine wichtige Rolle. Damit der Mensch mit seinem Messmittel Auge Oberfl\u00e4chen genau kontrollieren kann, m\u00fcssen Lichtbedingungen geschaffen werden, die ihm das Erkennen von Oberfl\u00e4chenfehlern erleichtern.<\/p>\n<p style=\"text-align: left;\">Die f\u00fcr die Oberfl\u00e4chenkontrolle bestimmenden Sehfunktionen sind die Sehsch\u00e4rfe und das Kontrastempfinden.<\/p>\n<\/div><div class=\"fusion-clearfix\"><\/div><\/div><\/div><div class=\"fusion-layout-column fusion_builder_column fusion-builder-column-2 fusion_builder_column_1_2 1_2 fusion-one-half fusion-column-first\" style=\"--awb-padding-top:5%;--awb-padding-right:5%;--awb-padding-bottom:5%;--awb-padding-left:5%;--awb-bg-color:#ffffff;--awb-bg-color-hover:#ffffff;--awb-bg-size:cover;width:50%;width:calc(50% - ( ( 4% ) * 0.5 ) );margin-right: 4%;\"><div class=\"fusion-column-wrapper fusion-column-has-shadow fusion-flex-column-wrapper-legacy\"><div class=\"fusion-text fusion-text-2\"><p>Als Kontrastempfinden (das Kontrastsehen) wird die F\u00e4higkeit bezeichnet, Helligkeitsunterschiede zweier benachbarter Fl\u00e4chen (Kontraste) wahrzunehmen.<\/p>\n<p>Die Wahrnehmung von Kontrasten h\u00e4ngt unter anderem von der Adaptionsdichte und damit dem Adaptionsniveau des Auges ab. Je gr\u00f6\u00dfer die Umfeldleuchtdichte, also je heller der Raum, desto gr\u00f6\u00dfer ist auch die relevante Kontrastempfindlichkeit. Bei geringen Kontrasten und geringer Sehobjektgr\u00f6\u00dfe kann das Sehobjekt durch die Erh\u00f6hung der Umfeldleuchtdichte (Helligkeit) vom nichtsichtbaren in den sichtbaren Zustand \u00fcberf\u00fchrt werden.<\/p>\n<\/div><div class=\"fusion-clearfix\"><\/div><\/div><\/div><div class=\"fusion-layout-column fusion_builder_column fusion-builder-column-3 fusion_builder_column_1_2 1_2 fusion-one-half fusion-column-last\" style=\"--awb-padding-top:10%;--awb-padding-right:5%;--awb-padding-bottom:5%;--awb-padding-left:5%;--awb-bg-size:cover;width:50%;width:calc(50% - ( ( 4% ) * 0.5 ) );\"><div class=\"fusion-column-wrapper fusion-column-has-shadow fusion-flex-column-wrapper-legacy\"><div class=\"fusion-image-element fusion-image-align-left in-legacy-container\" style=\"text-align:left;--awb-caption-title-font-family:var(--h2_typography-font-family);--awb-caption-title-font-weight:var(--h2_typography-font-weight);--awb-caption-title-font-style:var(--h2_typography-font-style);--awb-caption-title-size:var(--h2_typography-font-size);--awb-caption-title-transform:var(--h2_typography-text-transform);--awb-caption-title-line-height:var(--h2_typography-line-height);--awb-caption-title-letter-spacing:var(--h2_typography-letter-spacing);\"><span class=\" fusion-imageframe imageframe-none imageframe-1 hover-type-none\" style=\"margin-right:25px;float:left;\"><img decoding=\"async\" width=\"442\" height=\"230\" alt=\"Beispiel des Kontrastes in der Oberfl\u00e4chenkontrolle\" title=\"Kontraste bei der Qialit\u00e4tskontrolle gut erkennen\" src=\"https:\/\/www.surface-controls.com\/wp-content\/uploads\/2019\/06\/kontraste-web.png\" class=\"img-responsive wp-image-1403\" srcset=\"https:\/\/www.surface-controls.com\/wp-content\/uploads\/2019\/06\/kontraste-web-200x104.png 200w, https:\/\/www.surface-controls.com\/wp-content\/uploads\/2019\/06\/kontraste-web-400x208.png 400w, https:\/\/www.surface-controls.com\/wp-content\/uploads\/2019\/06\/kontraste-web.png 442w\" sizes=\"(max-width: 850px) 100vw, 442px\" \/><\/span><\/div><div class=\"fusion-text fusion-text-3\"><p>Beispiel f\u00fcr den Kontrast<\/p>\n<\/div><div class=\"fusion-clearfix\"><\/div><\/div><\/div><div class=\"fusion-layout-column fusion_builder_column fusion-builder-column-4 fusion_builder_column_1_1 1_1 fusion-one-full fusion-column-first fusion-column-last\" style=\"--awb-padding-top:5%;--awb-padding-right:5%;--awb-padding-bottom:5%;--awb-padding-left:5%;--awb-bg-color:#ffffff;--awb-bg-color-hover:#ffffff;--awb-bg-size:cover;--awb-border-color:#575757;--awb-border-top:2px;--awb-border-right:2px;--awb-border-bottom:2px;--awb-border-left:2px;--awb-border-style:solid;\"><div class=\"fusion-column-wrapper fusion-column-has-shadow fusion-flex-column-wrapper-legacy\"><div class=\"fusion-text fusion-text-4\"><p>Die Umfeldleuchtdichte darf jedoch nicht unbegrenzt erh\u00f6ht werden. Denn ist sie zu hoch, kommt es zur Blendung. Um dieses Problem zu umgehen, werden Optiken eingesetzt, welche den Kontrast des Oberfl\u00e4chenfehlers erh\u00f6hen. Diese Ma\u00dfnahme f\u00fchrt schon bei geringer Leuchtdichte zur leichteren Fehlererkennung und somit zu weniger Blendung.<\/p>\n<\/div><div class=\"fusion-clearfix\"><\/div><\/div><\/div><div class=\"fusion-layout-column fusion_builder_column fusion-builder-column-5 fusion_builder_column_1_1 1_1 fusion-one-full fusion-column-first fusion-column-last\" style=\"--awb-padding-top:5%;--awb-padding-right:5%;--awb-padding-bottom:5%;--awb-padding-left:5%;--awb-bg-color:#ffffff;--awb-bg-color-hover:#ffffff;--awb-bg-size:cover;\"><div class=\"fusion-column-wrapper fusion-column-has-shadow fusion-flex-column-wrapper-legacy\"><div class=\"fusion-text fusion-text-5\"><p>Die Sehsch\u00e4rfe (medizinisch: Visus) entspricht dem Aufl\u00f6sungsverm\u00f6gen des Auges. Das Aufl\u00f6sungsverm\u00f6gen ist die F\u00e4higkeit der Netzhaut zwei Punkte als getrennt wahrzunehmen.<\/p>\n<p>Die Sehsch\u00e4rfe ist abh\u00e4ngig von der Adaptionsleuchtdichte und dem Kontrast. Mit steigender Adaptionsleuchtdichte nimmt auch die Sehsch\u00e4rfe zu. F\u00fcr die Oberfl\u00e4chenkontrolle bedeutet dies, dass hohe Umfeldhelligkeiten die Sehsch\u00e4rfe der Mitarbeiter positiv beeinflussen.<\/p>\n<p>Das Sehen und Erkennen ist in der Oberfl\u00e4chenkontrolle von gro\u00dfer Relevanz. Das Auge unterscheidet nicht nur Helligkeitskontraste, sondern zum Beispiel auch Farbkontraste.<\/p>\n<\/div><div class=\"fusion-clearfix\"><\/div><\/div><\/div><\/div><\/div>\n","protected":false},"excerpt":{"rendered":"","protected":false},"author":1,"featured_media":0,"parent":0,"menu_order":1,"comment_status":"closed","ping_status":"closed","template":"","meta":{"footnotes":""},"class_list":["post-12","page","type-page","status-publish","hentry"],"yoast_head":"<!-- This site is optimized with the Yoast SEO plugin v27.4 - https:\/\/yoast.com\/product\/yoast-seo-wordpress\/ -->\n<title>Oberfl\u00e4chenkontrolle als Qualit\u00e4tskontrolle f\u00fcr alle Oberfl\u00e4chenarten<\/title>\n<meta name=\"description\" content=\"Im Rahmen der Qualit\u00e4tskontrolle spielt die Beleuchtung eine wichtige Rolle. Mit dem richtigen Licht lassen sich Fehler auf Oberfl\u00e4chen deutlich besser erkennen.\" \/>\n<meta name=\"robots\" content=\"index, follow, max-snippet:-1, max-image-preview:large, max-video-preview:-1\" \/>\n<link rel=\"canonical\" href=\"https:\/\/www.surface-controls.com\/de\/oberflaechenkontrolle-qualitaetskontrolle-mit-licht\/\" \/>\n<meta property=\"og:locale\" content=\"de_DE\" \/>\n<meta property=\"og:type\" content=\"article\" \/>\n<meta property=\"og:title\" content=\"Oberfl\u00e4chenkontrolle als Qualit\u00e4tskontrolle f\u00fcr alle Oberfl\u00e4chenarten\" \/>\n<meta property=\"og:description\" content=\"Im Rahmen der Qualit\u00e4tskontrolle spielt die Beleuchtung eine wichtige Rolle. Mit dem richtigen Licht lassen sich Fehler auf Oberfl\u00e4chen deutlich besser erkennen.\" \/>\n<meta property=\"og:url\" content=\"https:\/\/www.surface-controls.com\/de\/oberflaechenkontrolle-qualitaetskontrolle-mit-licht\/\" \/>\n<meta property=\"og:site_name\" content=\"Surface Controls\" \/>\n<meta property=\"article:modified_time\" content=\"2024-03-18T13:24:53+00:00\" \/>\n<meta property=\"og:image\" content=\"https:\/\/www.surface-controls.com\/wp-content\/uploads\/2019\/05\/oberflaechenkontrolle-mit-licht-grundlagen.jpg\" \/>\n<meta name=\"twitter:card\" content=\"summary_large_image\" \/>\n<meta name=\"twitter:label1\" content=\"Gesch\u00e4tzte Lesezeit\" \/>\n\t<meta name=\"twitter:data1\" content=\"2\u00a0Minuten\" \/>\n<script type=\"application\/ld+json\" class=\"yoast-schema-graph\">{\"@context\":\"https:\\\/\\\/schema.org\",\"@graph\":[{\"@type\":\"WebPage\",\"@id\":\"https:\\\/\\\/www.surface-controls.com\\\/de\\\/oberflaechenkontrolle-qualitaetskontrolle-mit-licht\\\/\",\"url\":\"https:\\\/\\\/www.surface-controls.com\\\/de\\\/oberflaechenkontrolle-qualitaetskontrolle-mit-licht\\\/\",\"name\":\"Oberfl\u00e4chenkontrolle als Qualit\u00e4tskontrolle f\u00fcr alle Oberfl\u00e4chenarten\",\"isPartOf\":{\"@id\":\"https:\\\/\\\/www.surface-controls.com\\\/de\\\/#website\"},\"primaryImageOfPage\":{\"@id\":\"https:\\\/\\\/www.surface-controls.com\\\/de\\\/oberflaechenkontrolle-qualitaetskontrolle-mit-licht\\\/#primaryimage\"},\"image\":{\"@id\":\"https:\\\/\\\/www.surface-controls.com\\\/de\\\/oberflaechenkontrolle-qualitaetskontrolle-mit-licht\\\/#primaryimage\"},\"thumbnailUrl\":\"https:\\\/\\\/www.surface-controls.com\\\/wp-content\\\/uploads\\\/2019\\\/05\\\/oberflaechenkontrolle-mit-licht-grundlagen.jpg\",\"datePublished\":\"2019-04-09T11:16:38+00:00\",\"dateModified\":\"2024-03-18T13:24:53+00:00\",\"description\":\"Im Rahmen der Qualit\u00e4tskontrolle spielt die Beleuchtung eine wichtige Rolle. Mit dem richtigen Licht lassen sich Fehler auf Oberfl\u00e4chen deutlich besser erkennen.\",\"breadcrumb\":{\"@id\":\"https:\\\/\\\/www.surface-controls.com\\\/de\\\/oberflaechenkontrolle-qualitaetskontrolle-mit-licht\\\/#breadcrumb\"},\"inLanguage\":\"de\",\"potentialAction\":[{\"@type\":\"ReadAction\",\"target\":[\"https:\\\/\\\/www.surface-controls.com\\\/de\\\/oberflaechenkontrolle-qualitaetskontrolle-mit-licht\\\/\"]}]},{\"@type\":\"ImageObject\",\"inLanguage\":\"de\",\"@id\":\"https:\\\/\\\/www.surface-controls.com\\\/de\\\/oberflaechenkontrolle-qualitaetskontrolle-mit-licht\\\/#primaryimage\",\"url\":\"https:\\\/\\\/www.surface-controls.com\\\/wp-content\\\/uploads\\\/2019\\\/05\\\/oberflaechenkontrolle-mit-licht-grundlagen.jpg\",\"contentUrl\":\"https:\\\/\\\/www.surface-controls.com\\\/wp-content\\\/uploads\\\/2019\\\/05\\\/oberflaechenkontrolle-mit-licht-grundlagen.jpg\"},{\"@type\":\"BreadcrumbList\",\"@id\":\"https:\\\/\\\/www.surface-controls.com\\\/de\\\/oberflaechenkontrolle-qualitaetskontrolle-mit-licht\\\/#breadcrumb\",\"itemListElement\":[{\"@type\":\"ListItem\",\"position\":1,\"name\":\"Startseite\",\"item\":\"https:\\\/\\\/www.surface-controls.com\\\/de\\\/\"},{\"@type\":\"ListItem\",\"position\":2,\"name\":\"Oberfl\u00e4chenkontrolle\"}]},{\"@type\":\"WebSite\",\"@id\":\"https:\\\/\\\/www.surface-controls.com\\\/de\\\/#website\",\"url\":\"https:\\\/\\\/www.surface-controls.com\\\/de\\\/\",\"name\":\"Surface Controls\",\"description\":\"Leuchten zur Oberfl\u00e4chenkontrolle\",\"potentialAction\":[{\"@type\":\"SearchAction\",\"target\":{\"@type\":\"EntryPoint\",\"urlTemplate\":\"https:\\\/\\\/www.surface-controls.com\\\/de\\\/?s={search_term_string}\"},\"query-input\":{\"@type\":\"PropertyValueSpecification\",\"valueRequired\":true,\"valueName\":\"search_term_string\"}}],\"inLanguage\":\"de\"}]}<\/script>\n<!-- \/ Yoast SEO plugin. -->","yoast_head_json":{"title":"Oberfl\u00e4chenkontrolle als Qualit\u00e4tskontrolle f\u00fcr alle Oberfl\u00e4chenarten","description":"Im Rahmen der Qualit\u00e4tskontrolle spielt die Beleuchtung eine wichtige Rolle. Mit dem richtigen Licht lassen sich Fehler auf Oberfl\u00e4chen deutlich besser erkennen.","robots":{"index":"index","follow":"follow","max-snippet":"max-snippet:-1","max-image-preview":"max-image-preview:large","max-video-preview":"max-video-preview:-1"},"canonical":"https:\/\/www.surface-controls.com\/de\/oberflaechenkontrolle-qualitaetskontrolle-mit-licht\/","og_locale":"de_DE","og_type":"article","og_title":"Oberfl\u00e4chenkontrolle als Qualit\u00e4tskontrolle f\u00fcr alle Oberfl\u00e4chenarten","og_description":"Im Rahmen der Qualit\u00e4tskontrolle spielt die Beleuchtung eine wichtige Rolle. Mit dem richtigen Licht lassen sich Fehler auf Oberfl\u00e4chen deutlich besser erkennen.","og_url":"https:\/\/www.surface-controls.com\/de\/oberflaechenkontrolle-qualitaetskontrolle-mit-licht\/","og_site_name":"Surface Controls","article_modified_time":"2024-03-18T13:24:53+00:00","og_image":[{"url":"https:\/\/www.surface-controls.com\/wp-content\/uploads\/2019\/05\/oberflaechenkontrolle-mit-licht-grundlagen.jpg","type":"","width":"","height":""}],"twitter_card":"summary_large_image","twitter_misc":{"Gesch\u00e4tzte Lesezeit":"2\u00a0Minuten"},"schema":{"@context":"https:\/\/schema.org","@graph":[{"@type":"WebPage","@id":"https:\/\/www.surface-controls.com\/de\/oberflaechenkontrolle-qualitaetskontrolle-mit-licht\/","url":"https:\/\/www.surface-controls.com\/de\/oberflaechenkontrolle-qualitaetskontrolle-mit-licht\/","name":"Oberfl\u00e4chenkontrolle als Qualit\u00e4tskontrolle f\u00fcr alle Oberfl\u00e4chenarten","isPartOf":{"@id":"https:\/\/www.surface-controls.com\/de\/#website"},"primaryImageOfPage":{"@id":"https:\/\/www.surface-controls.com\/de\/oberflaechenkontrolle-qualitaetskontrolle-mit-licht\/#primaryimage"},"image":{"@id":"https:\/\/www.surface-controls.com\/de\/oberflaechenkontrolle-qualitaetskontrolle-mit-licht\/#primaryimage"},"thumbnailUrl":"https:\/\/www.surface-controls.com\/wp-content\/uploads\/2019\/05\/oberflaechenkontrolle-mit-licht-grundlagen.jpg","datePublished":"2019-04-09T11:16:38+00:00","dateModified":"2024-03-18T13:24:53+00:00","description":"Im Rahmen der Qualit\u00e4tskontrolle spielt die Beleuchtung eine wichtige Rolle. Mit dem richtigen Licht lassen sich Fehler auf Oberfl\u00e4chen deutlich besser erkennen.","breadcrumb":{"@id":"https:\/\/www.surface-controls.com\/de\/oberflaechenkontrolle-qualitaetskontrolle-mit-licht\/#breadcrumb"},"inLanguage":"de","potentialAction":[{"@type":"ReadAction","target":["https:\/\/www.surface-controls.com\/de\/oberflaechenkontrolle-qualitaetskontrolle-mit-licht\/"]}]},{"@type":"ImageObject","inLanguage":"de","@id":"https:\/\/www.surface-controls.com\/de\/oberflaechenkontrolle-qualitaetskontrolle-mit-licht\/#primaryimage","url":"https:\/\/www.surface-controls.com\/wp-content\/uploads\/2019\/05\/oberflaechenkontrolle-mit-licht-grundlagen.jpg","contentUrl":"https:\/\/www.surface-controls.com\/wp-content\/uploads\/2019\/05\/oberflaechenkontrolle-mit-licht-grundlagen.jpg"},{"@type":"BreadcrumbList","@id":"https:\/\/www.surface-controls.com\/de\/oberflaechenkontrolle-qualitaetskontrolle-mit-licht\/#breadcrumb","itemListElement":[{"@type":"ListItem","position":1,"name":"Startseite","item":"https:\/\/www.surface-controls.com\/de\/"},{"@type":"ListItem","position":2,"name":"Oberfl\u00e4chenkontrolle"}]},{"@type":"WebSite","@id":"https:\/\/www.surface-controls.com\/de\/#website","url":"https:\/\/www.surface-controls.com\/de\/","name":"Surface Controls","description":"Leuchten zur Oberfl\u00e4chenkontrolle","potentialAction":[{"@type":"SearchAction","target":{"@type":"EntryPoint","urlTemplate":"https:\/\/www.surface-controls.com\/de\/?s={search_term_string}"},"query-input":{"@type":"PropertyValueSpecification","valueRequired":true,"valueName":"search_term_string"}}],"inLanguage":"de"}]}},"_links":{"self":[{"href":"https:\/\/www.surface-controls.com\/de\/wp-json\/wp\/v2\/pages\/12","targetHints":{"allow":["GET"]}}],"collection":[{"href":"https:\/\/www.surface-controls.com\/de\/wp-json\/wp\/v2\/pages"}],"about":[{"href":"https:\/\/www.surface-controls.com\/de\/wp-json\/wp\/v2\/types\/page"}],"author":[{"embeddable":true,"href":"https:\/\/www.surface-controls.com\/de\/wp-json\/wp\/v2\/users\/1"}],"replies":[{"embeddable":true,"href":"https:\/\/www.surface-controls.com\/de\/wp-json\/wp\/v2\/comments?post=12"}],"version-history":[{"count":44,"href":"https:\/\/www.surface-controls.com\/de\/wp-json\/wp\/v2\/pages\/12\/revisions"}],"predecessor-version":[{"id":5832,"href":"https:\/\/www.surface-controls.com\/de\/wp-json\/wp\/v2\/pages\/12\/revisions\/5832"}],"wp:attachment":[{"href":"https:\/\/www.surface-controls.com\/de\/wp-json\/wp\/v2\/media?parent=12"}],"curies":[{"name":"wp","href":"https:\/\/api.w.org\/{rel}","templated":true}]}}