{"id":2978,"date":"2020-07-09T10:25:06","date_gmt":"2020-07-09T10:25:06","guid":{"rendered":"https:\/\/www.surface-controls.com\/?page_id=2978"},"modified":"2025-01-31T10:12:48","modified_gmt":"2025-01-31T10:12:48","slug":"fussbodenreflektor","status":"publish","type":"page","link":"https:\/\/www.surface-controls.com\/de\/produkte\/oberflaechenkontrolle\/fussbodenreflektor\/","title":{"rendered":"Fussbodenreflektor"},"content":{"rendered":"<p><div class=\"fusion-fullwidth fullwidth-box fusion-builder-row-1 nonhundred-percent-fullwidth non-hundred-percent-height-scrolling\" style=\"--awb-border-radius-top-left:0px;--awb-border-radius-top-right:0px;--awb-border-radius-bottom-right:0px;--awb-border-radius-bottom-left:0px;--awb-flex-wrap:wrap;\" ><div class=\"fusion-builder-row fusion-row\"><div class=\"fusion-layout-column fusion_builder_column fusion-builder-column-0 fusion_builder_column_1_1 1_1 fusion-one-full fusion-column-first fusion-column-last\" style=\"--awb-bg-size:cover;--awb-margin-bottom:0px;\"><div class=\"fusion-column-wrapper fusion-column-has-shadow fusion-flex-column-wrapper-legacy\"><div class=\"fusion-title title fusion-title-1 fusion-title-center fusion-title-text fusion-title-size-one\" style=\"--awb-margin-bottom:5%;--awb-margin-bottom-small:5%;\"><div class=\"title-sep-container title-sep-container-left\"><div class=\"title-sep sep- sep-solid\" style=\"border-color:#e0dede;\"><\/div><\/div><span class=\"awb-title-spacer\"><\/span><h1 class=\"fusion-title-heading title-heading-center fusion-responsive-typography-calculated\" style=\"margin:0;--fontSize:34;line-height:1.41;\">Fussbodenreflektor<\/h1><span class=\"awb-title-spacer\"><\/span><div class=\"title-sep-container title-sep-container-right\"><div class=\"title-sep sep- sep-solid\" style=\"border-color:#e0dede;\"><\/div><\/div><\/div><div class=\"fusion-sep-clear\"><\/div><div class=\"fusion-separator fusion-full-width-sep\" style=\"margin-left: auto;margin-right: auto;margin-top:0px;margin-bottom:0px;width:100%;\"><div class=\"fusion-separator-border sep-single sep-solid\" style=\"--awb-height:20px;--awb-amount:20px;--awb-sep-color:#870c30;border-color:#870c30;border-top-width:5px;\"><\/div><\/div><div class=\"fusion-sep-clear\"><\/div><div class=\"fusion-clearfix\"><\/div><\/div><\/div><\/div><\/div><div class=\"fusion-fullwidth fullwidth-box fusion-builder-row-2 nonhundred-percent-fullwidth non-hundred-percent-height-scrolling\" style=\"--awb-border-radius-top-left:0px;--awb-border-radius-top-right:0px;--awb-border-radius-bottom-right:0px;--awb-border-radius-bottom-left:0px;--awb-padding-top:0px;--awb-background-color:#ffffff;--awb-flex-wrap:wrap;\" ><div class=\"fusion-builder-row fusion-row\"><div class=\"fusion-layout-column fusion_builder_column fusion-builder-column-1 fusion_builder_column_1_3 1_3 fusion-one-third fusion-column-first green-border rounded-border\" style=\"--awb-padding-top:5%;--awb-padding-right:5%;--awb-padding-bottom:5%;--awb-padding-left:5%;--awb-bg-color:#ffffff;--awb-bg-color-hover:#ffffff;--awb-bg-size:cover;--awb-margin-top:2%;width:30.6666%; margin-right: 4%;\"><div class=\"fusion-column-wrapper fusion-column-has-shadow fusion-flex-column-wrapper-legacy\"><div class=\"fusion-image-element fusion-image-align-center in-legacy-container\" style=\"text-align:center;--awb-caption-title-font-family:var(--h2_typography-font-family);--awb-caption-title-font-weight:var(--h2_typography-font-weight);--awb-caption-title-font-style:var(--h2_typography-font-style);--awb-caption-title-size:var(--h2_typography-font-size);--awb-caption-title-transform:var(--h2_typography-text-transform);--awb-caption-title-line-height:var(--h2_typography-line-height);--awb-caption-title-letter-spacing:var(--h2_typography-letter-spacing);\"><div class=\"imageframe-align-center\"><span class=\" fusion-imageframe imageframe-none imageframe-1 hover-type-none\"><img decoding=\"async\" width=\"221\" height=\"332\" title=\"Fussbodenreflektor\" src=\"https:\/\/www.surface-controls.com\/wp-content\/uploads\/2025\/01\/fussbodenreflektor-202501.png\" alt class=\"img-responsive wp-image-6425\" srcset=\"https:\/\/www.surface-controls.com\/wp-content\/uploads\/2025\/01\/fussbodenreflektor-202501-200x300.png 200w, https:\/\/www.surface-controls.com\/wp-content\/uploads\/2025\/01\/fussbodenreflektor-202501.png 221w\" sizes=\"(max-width: 850px) 100vw, 221px\" \/><\/span><\/div><\/div><div class=\"fusion-clearfix\"><\/div><\/div><\/div><div class=\"fusion-layout-column fusion_builder_column fusion-builder-column-2 fusion_builder_column_2_3 2_3 fusion-two-third fusion-column-last green-border rounded-border\" style=\"--awb-padding-top:5%;--awb-padding-right:5%;--awb-padding-bottom:5%;--awb-padding-left:5%;--awb-bg-color:#ffffff;--awb-bg-color-hover:#ffffff;--awb-bg-size:cover;--awb-margin-top:2%;width:65.3333%;\"><div class=\"fusion-column-wrapper fusion-column-has-shadow fusion-flex-column-wrapper-legacy\"><div class=\"fusion-text fusion-text-1\"><p>Der begehbare Fussbodenreflektor mit hochgl\u00e4nzender Spiegelplatte bietet eine innovative L\u00f6sung zur exakten Wiedergabe des Reflexbildes von stehenden Oberfl\u00e4chenKontrollOptiken auf vertikalen Fl\u00e4chen im Fussbodenbereich (Schweller). <\/p>\n<p>Diese hochwertigen Spiegel sind extra entwickelt, um eine klare und pr\u00e4zise Reflexion in unteren Bereichen zu gew\u00e4hrleisten und sorgen so f\u00fcr eine optimale Beleuchtung und Sichtbarkeit von M\u00e4ngeln w\u00e4hrend der Fahrzeuginspektion.<\/p>\n<\/div><div class=\"fusion-sep-clear\"><\/div><div class=\"fusion-separator\" style=\"margin-left: auto;margin-right: auto;width:100%;max-width:4%;\"><div class=\"fusion-separator-border sep-double\" style=\"--awb-height:20px;--awb-amount:20px;border-color:#e0dede;border-top-width:0px;border-bottom-width:0px;\"><\/div><\/div><div class=\"fusion-sep-clear\"><\/div><table width=\"90%\">\n<thead>\n<tr>\n<th align=\"left\" width=\"70%\">Optionen<\/th>\n<th align=\"left\" width=\"30%\">Ma\u00dfe in mm [BxHxT]<\/th>\n<\/tr>\n<\/thead>\n<tbody>\n<tr>\n<td align=\"left\"><ul>\n<li>keine<\/li>\n<\/ul>\n<\/td>\n<td align=\"left\"><ul>\n<li>1210 x 884 x 36<\/li>\n<\/ul>\n<\/td>\n<\/tr>\n<\/tbody>\n<\/table><div class=\"fusion-clearfix\"><\/div><\/div><\/div><\/div><\/div><div class=\"fusion-fullwidth fullwidth-box fusion-builder-row-3 nonhundred-percent-fullwidth non-hundred-percent-height-scrolling\" style=\"--awb-border-radius-top-left:0px;--awb-border-radius-top-right:0px;--awb-border-radius-bottom-right:0px;--awb-border-radius-bottom-left:0px;--awb-padding-bottom:3%;--awb-padding-left:10%;--awb-margin-bottom:3%;--awb-background-color:#ffffff;--awb-flex-wrap:wrap;\" ><div class=\"fusion-builder-row fusion-row\"><div class=\"fusion-layout-column fusion_builder_column fusion-builder-column-3 fusion_builder_column_1_1 1_1 fusion-one-full fusion-column-first fusion-column-last\" style=\"--awb-bg-size:cover;\"><div class=\"fusion-column-wrapper fusion-column-has-shadow fusion-flex-column-wrapper-legacy\"><div class=\"fusion-title title fusion-title-2 fusion-title-text fusion-title-size-three\" style=\"--awb-margin-bottom:2%;--awb-margin-bottom-small:2%;\"><h3 class=\"fusion-title-heading title-heading-left fusion-responsive-typography-calculated\" style=\"margin:0;--fontSize:18;--minFontSize:18;line-height:1.67;\">Ausstattung<\/h3><span class=\"awb-title-spacer\"><\/span><div class=\"title-sep-container\"><div class=\"title-sep sep- sep-solid\" style=\"border-color:#e0dede;\"><\/div><\/div><\/div><div class=\"fusion-clearfix\"><\/div><\/div><\/div><div class=\"fusion-layout-column fusion_builder_column fusion-builder-column-4 fusion_builder_column_1_4 1_4 fusion-one-fourth fusion-column-first\" style=\"--awb-padding-top:4%;--awb-bg-size:cover;width:25%;width:calc(25% - ( ( 4% ) * 0.25 ) );margin-right: 4%;\"><div class=\"fusion-column-wrapper fusion-column-has-shadow fusion-flex-column-wrapper-legacy\"><div class=\"fusion-text fusion-text-2\"><p><strong>Geh\u00e4use<\/strong><\/p>\n<\/div><div class=\"fusion-clearfix\"><\/div><\/div><\/div><div class=\"fusion-layout-column fusion_builder_column fusion-builder-column-5 fusion_builder_column_3_4 3_4 fusion-three-fourth fusion-column-last\" style=\"--awb-bg-size:cover;width:75%;width:calc(75% - ( ( 4% ) * 0.75 ) );\"><div class=\"fusion-column-wrapper fusion-column-has-shadow fusion-flex-column-wrapper-legacy\"><div class=\"fusion-text fusion-text-3\"><ul>\n<li>Aluminiumwabe zwischen zwei 1 mm verzinkten Stahlblechen (S235JR (1.0038))<\/li>\n<\/ul>\n<\/div><div class=\"fusion-clearfix\"><\/div><\/div><\/div><div class=\"fusion-layout-column fusion_builder_column fusion-builder-column-6 fusion_builder_column_1_4 1_4 fusion-one-fourth fusion-column-first\" style=\"--awb-padding-top:4%;--awb-bg-size:cover;width:25%;width:calc(25% - ( ( 4% ) * 0.25 ) );margin-right: 4%;\"><div class=\"fusion-column-wrapper fusion-column-has-shadow fusion-flex-column-wrapper-legacy\"><div class=\"fusion-text fusion-text-4\"><p><strong>Reflexionsfl\u00e4che<\/strong><\/p>\n<\/div><div class=\"fusion-clearfix\"><\/div><\/div><\/div><div class=\"fusion-layout-column fusion_builder_column fusion-builder-column-7 fusion_builder_column_3_4 3_4 fusion-three-fourth fusion-column-last\" style=\"--awb-bg-size:cover;width:75%;width:calc(75% - ( ( 4% ) * 0.75 ) );\"><div class=\"fusion-column-wrapper fusion-column-has-shadow fusion-flex-column-wrapper-legacy\"><div class=\"fusion-text fusion-text-5\"><ul>\n<li>4 mm Floatspiegel (Kanten fein geschliffen und poliert)<\/li>\n<li>Fuge zum Spiegel dauerelastisch verfugt<\/li>\n<\/ul>\n<\/div><div class=\"fusion-clearfix\"><\/div><\/div><\/div><div class=\"fusion-layout-column fusion_builder_column fusion-builder-column-8 fusion_builder_column_1_4 1_4 fusion-one-fourth fusion-column-first\" style=\"--awb-padding-top:4%;--awb-bg-size:cover;width:25%;width:calc(25% - ( ( 4% ) * 0.25 ) );margin-right: 4%;\"><div class=\"fusion-column-wrapper fusion-column-has-shadow fusion-flex-column-wrapper-legacy\"><div class=\"fusion-text fusion-text-6\"><p><strong>Au\u00dfenrand<\/strong><\/p>\n<\/div><div class=\"fusion-clearfix\"><\/div><\/div><\/div><div class=\"fusion-layout-column fusion_builder_column fusion-builder-column-9 fusion_builder_column_3_4 3_4 fusion-three-fourth fusion-column-last\" style=\"--awb-bg-size:cover;width:75%;width:calc(75% - ( ( 4% ) * 0.75 ) );\"><div class=\"fusion-column-wrapper fusion-column-has-shadow fusion-flex-column-wrapper-legacy\"><div class=\"fusion-text fusion-text-7\"><ul>\n<li>Mit Aluminiumwinkel auf Gehrung eingefasst<\/li>\n<\/ul>\n<\/div><div class=\"fusion-clearfix\"><\/div><\/div><\/div><div class=\"fusion-layout-column fusion_builder_column fusion-builder-column-10 fusion_builder_column_1_4 1_4 fusion-one-fourth fusion-column-first\" style=\"--awb-padding-top:4%;--awb-bg-size:cover;width:25%;width:calc(25% - ( ( 4% ) * 0.25 ) );margin-right: 4%;\"><div class=\"fusion-column-wrapper fusion-column-has-shadow fusion-flex-column-wrapper-legacy\"><div class=\"fusion-text fusion-text-8\"><p><strong>Aufbauten<\/strong><\/p>\n<\/div><div class=\"fusion-clearfix\"><\/div><\/div><\/div><div class=\"fusion-layout-column fusion_builder_column fusion-builder-column-11 fusion_builder_column_3_4 3_4 fusion-three-fourth fusion-column-last\" style=\"--awb-bg-size:cover;width:75%;width:calc(75% - ( ( 4% ) * 0.75 ) );\"><div class=\"fusion-column-wrapper fusion-column-has-shadow fusion-flex-column-wrapper-legacy\"><div class=\"fusion-text fusion-text-9\"><ul>\n<li>4 St. Alubleche 100 x 100 x 4 mm<\/li>\n<li>an der Unterseite in den Ecken aufgeklebt<\/li>\n<\/ul>\n<\/div><div class=\"fusion-clearfix\"><\/div><\/div><\/div><div class=\"fusion-layout-column fusion_builder_column fusion-builder-column-12 fusion_builder_column_1_4 1_4 fusion-one-fourth fusion-column-first\" style=\"--awb-padding-top:4%;--awb-bg-size:cover;width:25%;width:calc(25% - ( ( 4% ) * 0.25 ) );margin-right: 4%;\"><div class=\"fusion-column-wrapper fusion-column-has-shadow fusion-flex-column-wrapper-legacy\"><div class=\"fusion-text fusion-text-10\"><p><strong>Besonderheiten<\/strong><\/p>\n<\/div><div class=\"fusion-clearfix\"><\/div><\/div><\/div><div class=\"fusion-layout-column fusion_builder_column fusion-builder-column-13 fusion_builder_column_3_4 3_4 fusion-three-fourth fusion-column-last\" style=\"--awb-bg-size:cover;width:75%;width:calc(75% - ( ( 4% ) * 0.75 ) );\"><div class=\"fusion-column-wrapper fusion-column-has-shadow fusion-flex-column-wrapper-legacy\"><div class=\"fusion-text fusion-text-11\"><ul>\n<li>Begehbarer Fussbodenreflektor<\/li>\n<li>F\u00fcr den Einsatz in Lichttunneln geeignet<\/li>\n<li>Robuste Konstruktion<\/li>\n<li>Hohe Tragf\u00e4higkeit<\/li>\n<\/ul>\n<\/div><div class=\"fusion-clearfix\"><\/div><\/div><\/div><div class=\"fusion-layout-column fusion_builder_column fusion-builder-column-14 fusion_builder_column_1_2 1_2 fusion-one-half fusion-column-first\" style=\"--awb-padding-right:5%;--awb-bg-size:cover;width:50%;width:calc(50% - ( ( 4% ) * 0.5 ) );margin-right: 4%;\"><div class=\"fusion-column-wrapper fusion-column-has-shadow fusion-flex-column-wrapper-legacy\"><div class=\"fusion-title title fusion-title-3 fusion-title-text fusion-title-size-three\" style=\"--awb-margin-top:5%;--awb-margin-bottom:5%;--awb-margin-top-small:5%;--awb-margin-bottom-small:5%;\"><h3 class=\"fusion-title-heading title-heading-left fusion-responsive-typography-calculated\" style=\"margin:0;--fontSize:18;--minFontSize:18;line-height:1.67;\">Technische Daten<\/h3><span class=\"awb-title-spacer\"><\/span><div class=\"title-sep-container\"><div class=\"title-sep sep- sep-solid\" style=\"border-color:#e0dede;\"><\/div><\/div><\/div><div class=\"fusion-text fusion-text-12\"><p><strong>Belastbarkeit<\/strong><br \/>\n300 kg \/ m\u00b2<\/p>\n<\/div><div class=\"fusion-clearfix\"><\/div><\/div><\/div><\/div><\/div><div class=\"fusion-fullwidth fullwidth-box fusion-builder-row-4 nonhundred-percent-fullwidth non-hundred-percent-height-scrolling\" style=\"--awb-border-radius-top-left:0px;--awb-border-radius-top-right:0px;--awb-border-radius-bottom-right:0px;--awb-border-radius-bottom-left:0px;--awb-padding-bottom:3%;--awb-background-color:#ffffff;--awb-flex-wrap:wrap;\" ><div class=\"fusion-builder-row fusion-row\"><div class=\"fusion-layout-column fusion_builder_column fusion-builder-column-15 fusion_builder_column_1_1 1_1 fusion-one-full fusion-column-first fusion-column-last\" style=\"--awb-padding-top:5%;--awb-padding-right:5%;--awb-padding-left:5%;--awb-bg-size:cover;\"><div class=\"fusion-column-wrapper fusion-column-has-shadow fusion-flex-column-wrapper-legacy\"><i class=\"fb-icon-element-1 fb-icon-element fontawesome-icon fa-download fas circle-yes fusion-text-flow\" style=\"--awb-circlecolor:#870c30;--awb-circlecolor-hover:#870c30;--awb-circlebordercolor:#870c30;--awb-circlebordercolor-hover:#870c30;--awb-circlebordersize:1px;--awb-font-size:17.6px;--awb-width:35.2px;--awb-height:35.2px;--awb-line-height:33.2px;--awb-margin-right:3%;\"><\/i><div class=\"fusion-title title fusion-title-4 fusion-title-text fusion-title-size-two\" style=\"--awb-margin-bottom:5%;--awb-margin-bottom-small:5%;\"><h2 class=\"fusion-title-heading title-heading-left fusion-responsive-typography-calculated\" style=\"margin:0;--fontSize:28;line-height:1.21;\">Downloads<\/h2><span class=\"awb-title-spacer\"><\/span><div class=\"title-sep-container\"><div class=\"title-sep sep- sep-solid\" style=\"border-color:#e0dede;\"><\/div><\/div><\/div><div class=\"fusion-clearfix\"><\/div><\/div><\/div><div class=\"fusion-layout-column fusion_builder_column fusion-builder-column-16 fusion_builder_column_1_2 1_2 fusion-one-half fusion-column-first\" style=\"--awb-padding-left:10%;--awb-bg-size:cover;width:50%;width:calc(50% - ( ( 4% ) * 0.5 ) );margin-right: 4%;\"><div class=\"fusion-column-wrapper fusion-column-has-shadow fusion-flex-column-wrapper-legacy\"><div class=\"fusion-title title fusion-title-5 fusion-title-text fusion-title-size-four\" style=\"--awb-margin-bottom:5%;--awb-margin-bottom-small:5%;\"><h4 class=\"fusion-title-heading title-heading-left fusion-responsive-typography-calculated\" style=\"margin:0;--fontSize:14;--minFontSize:14;line-height:1.43;\">Datenblatt<\/h4><span class=\"awb-title-spacer\"><\/span><div class=\"title-sep-container\"><div class=\"title-sep sep- sep-solid\" style=\"border-color:#e0dede;\"><\/div><\/div><\/div><div class=\"fusion-text fusion-text-13\"><ul>\n<li><a href=\"https:\/\/www.surface-controls.com\/wp-content\/uploads\/2025\/01\/Datenblatt-01-25_Fussbodenreflektor_DE.pdf\" target=\"_blank\" rel=\"noopener noreferrer\">Deutsch<\/a><\/li>\n<\/ul>\n<\/div><div class=\"fusion-clearfix\"><\/div><\/div><\/div><div class=\"fusion-layout-column fusion_builder_column fusion-builder-column-17 fusion_builder_column_1_2 1_2 fusion-one-half fusion-column-last\" style=\"--awb-padding-left:10%;--awb-bg-size:cover;width:50%;width:calc(50% - ( ( 4% ) * 0.5 ) );\"><div class=\"fusion-column-wrapper fusion-column-has-shadow fusion-flex-column-wrapper-legacy\"><div class=\"fusion-title title fusion-title-6 fusion-title-text fusion-title-size-four\" style=\"--awb-margin-bottom:5%;--awb-margin-bottom-small:5%;\"><h4 class=\"fusion-title-heading title-heading-left fusion-responsive-typography-calculated\" style=\"margin:0;--fontSize:14;--minFontSize:14;line-height:1.43;\">Data sheet<\/h4><span class=\"awb-title-spacer\"><\/span><div class=\"title-sep-container\"><div class=\"title-sep sep- sep-solid\" style=\"border-color:#e0dede;\"><\/div><\/div><\/div><div class=\"fusion-text fusion-text-14\"><ul>\n<li><a href=\"https:\/\/www.surface-controls.com\/wp-content\/uploads\/2025\/01\/Data-sheet-01-25_Floor_installation_mirror_EN.pdf\" target=\"_blank\" rel=\"noopener noreferrer\">English<\/a><\/li>\n<\/ul>\n<\/div><div class=\"fusion-clearfix\"><\/div><\/div><\/div><\/div><\/div><div class=\"fusion-fullwidth fullwidth-box fusion-builder-row-5 nonhundred-percent-fullwidth non-hundred-percent-height-scrolling\" style=\"--awb-border-radius-top-left:0px;--awb-border-radius-top-right:0px;--awb-border-radius-bottom-right:0px;--awb-border-radius-bottom-left:0px;--awb-flex-wrap:wrap;\" ><div class=\"fusion-builder-row fusion-row\"><div class=\"fusion-layout-column fusion_builder_column fusion-builder-column-18 fusion_builder_column_1_1 1_1 fusion-one-full fusion-column-first fusion-column-last\" style=\"--awb-padding-top:2%;--awb-bg-size:cover;\"><div class=\"fusion-column-wrapper fusion-column-has-shadow fusion-flex-column-wrapper-legacy\"><div class=\"fusion-text fusion-text-15\"><p><a title=\"zur\u00fcck zur Produkt\u00fcbersicht\" href=\"https:\/\/www.surface-controls.com\/de\/produkte\/oberflaechenkontrolle\/\">&lt;&lt; zur\u00fcck zur \u00dcbersicht<\/a><\/p>\n<\/div><div class=\"fusion-clearfix\"><\/div><\/div><\/div><\/div><\/div><\/p>\n","protected":false},"excerpt":{"rendered":"","protected":false},"author":1,"featured_media":0,"parent":2733,"menu_order":15,"comment_status":"closed","ping_status":"closed","template":"","meta":{"footnotes":""},"class_list":["post-2978","page","type-page","status-publish","hentry"],"yoast_head":"<!-- This site is optimized with the Yoast SEO plugin v27.4 - https:\/\/yoast.com\/product\/yoast-seo-wordpress\/ -->\n<title>Fussbodenreflektor zur Ausleuchtung der Schweller<\/title>\n<meta name=\"description\" content=\"Die begehbaren Spiegel dienen bei der Fahrzeuginspektion zur Nutzung des Reflexbildes vorhandener Oberfl\u00e4chenkontrollleuchten im Schwellerbereich\" \/>\n<meta name=\"robots\" content=\"index, follow, max-snippet:-1, max-image-preview:large, max-video-preview:-1\" \/>\n<link rel=\"canonical\" href=\"https:\/\/www.surface-controls.com\/de\/produkte\/oberflaechenkontrolle\/fussbodenreflektor\/\" \/>\n<meta property=\"og:locale\" content=\"de_DE\" \/>\n<meta property=\"og:type\" content=\"article\" \/>\n<meta property=\"og:title\" content=\"Fussbodenreflektor zur Ausleuchtung der Schweller\" \/>\n<meta property=\"og:description\" content=\"Die begehbaren Spiegel dienen bei der Fahrzeuginspektion zur Nutzung des Reflexbildes vorhandener Oberfl\u00e4chenkontrollleuchten im Schwellerbereich\" \/>\n<meta property=\"og:url\" content=\"https:\/\/www.surface-controls.com\/de\/produkte\/oberflaechenkontrolle\/fussbodenreflektor\/\" \/>\n<meta property=\"og:site_name\" content=\"Surface Controls\" \/>\n<meta property=\"article:modified_time\" content=\"2025-01-31T10:12:48+00:00\" \/>\n<meta name=\"twitter:card\" content=\"summary_large_image\" \/>\n<meta name=\"twitter:label1\" content=\"Gesch\u00e4tzte Lesezeit\" \/>\n\t<meta name=\"twitter:data1\" content=\"1\u00a0Minute\" \/>\n<script type=\"application\/ld+json\" class=\"yoast-schema-graph\">{\"@context\":\"https:\\\/\\\/schema.org\",\"@graph\":[{\"@type\":\"WebPage\",\"@id\":\"https:\\\/\\\/www.surface-controls.com\\\/de\\\/produkte\\\/oberflaechenkontrolle\\\/fussbodenreflektor\\\/\",\"url\":\"https:\\\/\\\/www.surface-controls.com\\\/de\\\/produkte\\\/oberflaechenkontrolle\\\/fussbodenreflektor\\\/\",\"name\":\"Fussbodenreflektor zur Ausleuchtung der Schweller\",\"isPartOf\":{\"@id\":\"https:\\\/\\\/www.surface-controls.com\\\/de\\\/#website\"},\"datePublished\":\"2020-07-09T10:25:06+00:00\",\"dateModified\":\"2025-01-31T10:12:48+00:00\",\"description\":\"Die begehbaren Spiegel dienen bei der Fahrzeuginspektion zur Nutzung des Reflexbildes vorhandener Oberfl\u00e4chenkontrollleuchten im Schwellerbereich\",\"breadcrumb\":{\"@id\":\"https:\\\/\\\/www.surface-controls.com\\\/de\\\/produkte\\\/oberflaechenkontrolle\\\/fussbodenreflektor\\\/#breadcrumb\"},\"inLanguage\":\"de\",\"potentialAction\":[{\"@type\":\"ReadAction\",\"target\":[\"https:\\\/\\\/www.surface-controls.com\\\/de\\\/produkte\\\/oberflaechenkontrolle\\\/fussbodenreflektor\\\/\"]}]},{\"@type\":\"BreadcrumbList\",\"@id\":\"https:\\\/\\\/www.surface-controls.com\\\/de\\\/produkte\\\/oberflaechenkontrolle\\\/fussbodenreflektor\\\/#breadcrumb\",\"itemListElement\":[{\"@type\":\"ListItem\",\"position\":1,\"name\":\"Startseite\",\"item\":\"https:\\\/\\\/www.surface-controls.com\\\/de\\\/\"},{\"@type\":\"ListItem\",\"position\":2,\"name\":\"Produkte\",\"item\":\"https:\\\/\\\/www.surface-controls.com\\\/de\\\/produkte\\\/\"},{\"@type\":\"ListItem\",\"position\":3,\"name\":\"Produkte Oberfl\u00e4chenkontrolle\",\"item\":\"https:\\\/\\\/www.surface-controls.com\\\/de\\\/produkte\\\/oberflaechenkontrolle\\\/\"},{\"@type\":\"ListItem\",\"position\":4,\"name\":\"Fussbodenreflektor\"}]},{\"@type\":\"WebSite\",\"@id\":\"https:\\\/\\\/www.surface-controls.com\\\/de\\\/#website\",\"url\":\"https:\\\/\\\/www.surface-controls.com\\\/de\\\/\",\"name\":\"Surface Controls\",\"description\":\"Leuchten zur Oberfl\u00e4chenkontrolle\",\"potentialAction\":[{\"@type\":\"SearchAction\",\"target\":{\"@type\":\"EntryPoint\",\"urlTemplate\":\"https:\\\/\\\/www.surface-controls.com\\\/de\\\/?s={search_term_string}\"},\"query-input\":{\"@type\":\"PropertyValueSpecification\",\"valueRequired\":true,\"valueName\":\"search_term_string\"}}],\"inLanguage\":\"de\"}]}<\/script>\n<!-- \/ Yoast SEO plugin. -->","yoast_head_json":{"title":"Fussbodenreflektor zur Ausleuchtung der Schweller","description":"Die begehbaren Spiegel dienen bei der Fahrzeuginspektion zur Nutzung des Reflexbildes vorhandener Oberfl\u00e4chenkontrollleuchten im Schwellerbereich","robots":{"index":"index","follow":"follow","max-snippet":"max-snippet:-1","max-image-preview":"max-image-preview:large","max-video-preview":"max-video-preview:-1"},"canonical":"https:\/\/www.surface-controls.com\/de\/produkte\/oberflaechenkontrolle\/fussbodenreflektor\/","og_locale":"de_DE","og_type":"article","og_title":"Fussbodenreflektor zur Ausleuchtung der Schweller","og_description":"Die begehbaren Spiegel dienen bei der Fahrzeuginspektion zur Nutzung des Reflexbildes vorhandener Oberfl\u00e4chenkontrollleuchten im Schwellerbereich","og_url":"https:\/\/www.surface-controls.com\/de\/produkte\/oberflaechenkontrolle\/fussbodenreflektor\/","og_site_name":"Surface Controls","article_modified_time":"2025-01-31T10:12:48+00:00","twitter_card":"summary_large_image","twitter_misc":{"Gesch\u00e4tzte Lesezeit":"1\u00a0Minute"},"schema":{"@context":"https:\/\/schema.org","@graph":[{"@type":"WebPage","@id":"https:\/\/www.surface-controls.com\/de\/produkte\/oberflaechenkontrolle\/fussbodenreflektor\/","url":"https:\/\/www.surface-controls.com\/de\/produkte\/oberflaechenkontrolle\/fussbodenreflektor\/","name":"Fussbodenreflektor zur Ausleuchtung der Schweller","isPartOf":{"@id":"https:\/\/www.surface-controls.com\/de\/#website"},"datePublished":"2020-07-09T10:25:06+00:00","dateModified":"2025-01-31T10:12:48+00:00","description":"Die begehbaren Spiegel dienen bei der Fahrzeuginspektion zur Nutzung des Reflexbildes vorhandener Oberfl\u00e4chenkontrollleuchten im Schwellerbereich","breadcrumb":{"@id":"https:\/\/www.surface-controls.com\/de\/produkte\/oberflaechenkontrolle\/fussbodenreflektor\/#breadcrumb"},"inLanguage":"de","potentialAction":[{"@type":"ReadAction","target":["https:\/\/www.surface-controls.com\/de\/produkte\/oberflaechenkontrolle\/fussbodenreflektor\/"]}]},{"@type":"BreadcrumbList","@id":"https:\/\/www.surface-controls.com\/de\/produkte\/oberflaechenkontrolle\/fussbodenreflektor\/#breadcrumb","itemListElement":[{"@type":"ListItem","position":1,"name":"Startseite","item":"https:\/\/www.surface-controls.com\/de\/"},{"@type":"ListItem","position":2,"name":"Produkte","item":"https:\/\/www.surface-controls.com\/de\/produkte\/"},{"@type":"ListItem","position":3,"name":"Produkte Oberfl\u00e4chenkontrolle","item":"https:\/\/www.surface-controls.com\/de\/produkte\/oberflaechenkontrolle\/"},{"@type":"ListItem","position":4,"name":"Fussbodenreflektor"}]},{"@type":"WebSite","@id":"https:\/\/www.surface-controls.com\/de\/#website","url":"https:\/\/www.surface-controls.com\/de\/","name":"Surface Controls","description":"Leuchten zur Oberfl\u00e4chenkontrolle","potentialAction":[{"@type":"SearchAction","target":{"@type":"EntryPoint","urlTemplate":"https:\/\/www.surface-controls.com\/de\/?s={search_term_string}"},"query-input":{"@type":"PropertyValueSpecification","valueRequired":true,"valueName":"search_term_string"}}],"inLanguage":"de"}]}},"_links":{"self":[{"href":"https:\/\/www.surface-controls.com\/de\/wp-json\/wp\/v2\/pages\/2978","targetHints":{"allow":["GET"]}}],"collection":[{"href":"https:\/\/www.surface-controls.com\/de\/wp-json\/wp\/v2\/pages"}],"about":[{"href":"https:\/\/www.surface-controls.com\/de\/wp-json\/wp\/v2\/types\/page"}],"author":[{"embeddable":true,"href":"https:\/\/www.surface-controls.com\/de\/wp-json\/wp\/v2\/users\/1"}],"replies":[{"embeddable":true,"href":"https:\/\/www.surface-controls.com\/de\/wp-json\/wp\/v2\/comments?post=2978"}],"version-history":[{"count":12,"href":"https:\/\/www.surface-controls.com\/de\/wp-json\/wp\/v2\/pages\/2978\/revisions"}],"predecessor-version":[{"id":3402,"href":"https:\/\/www.surface-controls.com\/de\/wp-json\/wp\/v2\/pages\/2978\/revisions\/3402"}],"up":[{"embeddable":true,"href":"https:\/\/www.surface-controls.com\/de\/wp-json\/wp\/v2\/pages\/2733"}],"wp:attachment":[{"href":"https:\/\/www.surface-controls.com\/de\/wp-json\/wp\/v2\/media?parent=2978"}],"curies":[{"name":"wp","href":"https:\/\/api.w.org\/{rel}","templated":true}]}}