{"id":3143,"date":"2020-07-16T07:34:07","date_gmt":"2020-07-16T07:34:07","guid":{"rendered":"https:\/\/www.surface-controls.com\/?page_id=3143"},"modified":"2021-04-28T08:19:24","modified_gmt":"2021-04-28T08:19:24","slug":"tischkabinen","status":"publish","type":"page","link":"https:\/\/www.surface-controls.com\/de\/produkte\/tischkabinen\/","title":{"rendered":"Produkte Tischkabinen"},"content":{"rendered":"<p><div class=\"fusion-fullwidth fullwidth-box fusion-builder-row-1 nonhundred-percent-fullwidth non-hundred-percent-height-scrolling\" style=\"--awb-border-sizes-top:0px;--awb-border-sizes-bottom:0px;--awb-border-sizes-left:0px;--awb-border-sizes-right:0px;--awb-border-radius-top-left:0px;--awb-border-radius-top-right:0px;--awb-border-radius-bottom-right:0px;--awb-border-radius-bottom-left:0px;--awb-padding-top:0px;--awb-padding-bottom:0px;--awb-flex-wrap:wrap;\" ><div class=\"fusion-builder-row fusion-row\"><div class=\"fusion-layout-column fusion_builder_column fusion-builder-column-0 fusion_builder_column_1_1 1_1 fusion-one-full fusion-column-first fusion-column-last\" style=\"--awb-bg-size:cover;--awb-margin-bottom:0px;\"><div class=\"fusion-column-wrapper fusion-column-has-shadow fusion-flex-column-wrapper-legacy\"><div class=\"fusion-column-content-centered\"><div class=\"fusion-column-content\"><div class=\"fusion-title title fusion-title-1 fusion-title-center fusion-title-text fusion-title-size-one\" style=\"--awb-margin-bottom:5%;--awb-margin-bottom-small:5%;\"><div class=\"title-sep-container title-sep-container-left\"><div class=\"title-sep sep- sep-solid\" style=\"border-color:#e0dede;\"><\/div><\/div><span class=\"awb-title-spacer\"><\/span><h1 class=\"fusion-title-heading title-heading-center fusion-responsive-typography-calculated\" style=\"margin:0;--fontSize:34;line-height:1.41;\">Tischkabinen<\/h1><span class=\"awb-title-spacer\"><\/span><div class=\"title-sep-container title-sep-container-right\"><div class=\"title-sep sep- sep-solid\" style=\"border-color:#e0dede;\"><\/div><\/div><\/div><div class=\"fusion-sep-clear\"><\/div><div class=\"fusion-separator fusion-full-width-sep\" style=\"margin-left: auto;margin-right: auto;margin-top:0px;margin-bottom:0px;width:100%;\"><div class=\"fusion-separator-border sep-single sep-solid\" style=\"--awb-height:20px;--awb-amount:20px;--awb-sep-color:#870c30;border-color:#870c30;border-top-width:5px;\"><\/div><\/div><div class=\"fusion-sep-clear\"><\/div><\/div><\/div><div class=\"fusion-clearfix\"><\/div><\/div><\/div><\/div><\/div><div class=\"fusion-fullwidth fullwidth-box fusion-builder-row-2 nonhundred-percent-fullwidth non-hundred-percent-height-scrolling\" style=\"--awb-border-radius-top-left:0px;--awb-border-radius-top-right:0px;--awb-border-radius-bottom-right:0px;--awb-border-radius-bottom-left:0px;--awb-padding-top:5%;--awb-background-color:#ffffff;--awb-flex-wrap:wrap;\" ><div class=\"fusion-builder-row fusion-row\"><div class=\"fusion-layout-column fusion_builder_column fusion-builder-column-1 fusion_builder_column_1_4 1_4 fusion-one-fourth fusion-column-first\" style=\"--awb-padding-left:7%;--awb-bg-size:cover;width:25%;width:calc(25% - ( ( 4% + 4% + 4% ) * 0.25 ) );margin-right: 4%;\"><div class=\"fusion-column-wrapper fusion-column-has-shadow fusion-flex-column-wrapper-legacy\"><div class=\"fusion-image-element in-legacy-container\" style=\"--awb-caption-title-font-family:var(--h2_typography-font-family);--awb-caption-title-font-weight:var(--h2_typography-font-weight);--awb-caption-title-font-style:var(--h2_typography-font-style);--awb-caption-title-size:var(--h2_typography-font-size);--awb-caption-title-transform:var(--h2_typography-text-transform);--awb-caption-title-line-height:var(--h2_typography-line-height);--awb-caption-title-letter-spacing:var(--h2_typography-letter-spacing);\"><span class=\" fusion-imageframe imageframe-none imageframe-1 hover-type-none\"><a class=\"fusion-no-lightbox\" href=\"https:\/\/www.surface-controls.com\/de\/produkte\/tischkabinen\/oberflaechenkontrolle\/\" target=\"_self\" aria-label=\"OKO Tischkabine\"><img decoding=\"async\" width=\"244\" height=\"244\" alt=\"Tischkabine zur Oberfl\u00e4chenkontrolle\" src=\"https:\/\/www.surface-controls.com\/wp-content\/uploads\/2020\/08\/OKO-Tischkabine-aluminium_244x244.png\" class=\"img-responsive wp-image-3701\" srcset=\"https:\/\/www.surface-controls.com\/wp-content\/uploads\/2020\/08\/OKO-Tischkabine-aluminium_244x244-200x200.png 200w, https:\/\/www.surface-controls.com\/wp-content\/uploads\/2020\/08\/OKO-Tischkabine-aluminium_244x244.png 244w\" sizes=\"(max-width: 850px) 100vw, 244px\" \/><\/a><\/span><\/div><div class=\"fusion-clearfix\"><\/div><\/div><\/div><div class=\"fusion-layout-column fusion_builder_column fusion-builder-column-2 fusion_builder_column_1_4 1_4 fusion-one-fourth\" style=\"--awb-padding-left:5%;--awb-bg-size:cover;width:25%;width:calc(25% - ( ( 4% + 4% + 4% ) * 0.25 ) );margin-right: 4%;\"><div class=\"fusion-column-wrapper fusion-column-has-shadow fusion-flex-column-wrapper-legacy\"><div class=\"fusion-title title fusion-title-2 fusion-title-text fusion-title-size-three\" style=\"--awb-margin-bottom:2%;--awb-margin-bottom-small:2%;\"><h3 class=\"fusion-title-heading title-heading-left fusion-responsive-typography-calculated\" style=\"margin:0;--fontSize:18;--minFontSize:18;line-height:1.67;\">OKO Tischkabine<\/h3><span class=\"awb-title-spacer\"><\/span><div class=\"title-sep-container\"><div class=\"title-sep sep- sep-solid\" style=\"border-color:#e0dede;\"><\/div><\/div><\/div><div class=\"fusion-text fusion-text-1\"><p><strong>Anwendung<\/strong><br \/>\nOberfl\u00e4chenkontrolle<\/p>\n<\/div><div class=\"fusion-text fusion-text-2\"><p><strong>Ma\u00dfe<\/strong> (HxBxT in mm)<br \/>\n2310 x 1940 x 1115<\/p>\n<\/div><div class=\"fusion-text fusion-text-3\"><p><strong>Best\u00fcckung<\/strong><br \/>\n1 x LPS50 puremaxLED\u00ae<br \/>\n+ optionale Optiken<\/p>\n<p><strong>Steuerung<\/strong><br \/>\nHAST2.0<\/p>\n<\/div><div class=\"fusion-alignleft\"><a class=\"fusion-button button-flat fusion-button-default-size button-default fusion-button-default button-1 fusion-button-default-span fusion-button-default-type\" target=\"_self\" title=\"OKO Tischkabine zur Oberfl\u00e4chenkontrolle\" aria-label=\"OKO Tischkabine zur Oberfl\u00e4chenkontrolle\" href=\"https:\/\/www.surface-controls.com\/de\/produkte\/tischkabinen\/oberflaechenkontrolle\/\"><span class=\"fusion-button-text awb-button__text awb-button__text--default\">DETAILS<\/span><\/a><\/div><div class=\"fusion-clearfix\"><\/div><\/div><\/div><div class=\"fusion-layout-column fusion_builder_column fusion-builder-column-3 fusion_builder_column_1_4 1_4 fusion-one-fourth\" style=\"--awb-padding-left:7%;--awb-bg-color:#ffffff;--awb-bg-color-hover:#ffffff;--awb-bg-size:cover;width:25%;width:calc(25% - ( ( 4% + 4% + 4% ) * 0.25 ) );margin-right: 4%;\"><div class=\"fusion-column-wrapper fusion-column-has-shadow fusion-flex-column-wrapper-legacy\"><div class=\"fusion-image-element in-legacy-container\" style=\"--awb-caption-title-font-family:var(--h2_typography-font-family);--awb-caption-title-font-weight:var(--h2_typography-font-weight);--awb-caption-title-font-style:var(--h2_typography-font-style);--awb-caption-title-size:var(--h2_typography-font-size);--awb-caption-title-transform:var(--h2_typography-text-transform);--awb-caption-title-line-height:var(--h2_typography-line-height);--awb-caption-title-letter-spacing:var(--h2_typography-letter-spacing);\"><span class=\" fusion-imageframe imageframe-none imageframe-2 hover-type-none\"><a class=\"fusion-no-lightbox\" href=\"https:\/\/www.surface-controls.com\/de\/produkte\/tischkabinen\/farbabmusterung\/\" target=\"_self\" aria-label=\"CCO-Tischkabine\"><img decoding=\"async\" width=\"244\" height=\"244\" alt=\"Tischkabine zur Farbabmusterung\" src=\"https:\/\/www.surface-controls.com\/wp-content\/uploads\/2020\/08\/CCO-Tischkabine-aluminium_244x244-web.png\" class=\"img-responsive wp-image-3773\" srcset=\"https:\/\/www.surface-controls.com\/wp-content\/uploads\/2020\/08\/CCO-Tischkabine-aluminium_244x244-web-200x200.png 200w, https:\/\/www.surface-controls.com\/wp-content\/uploads\/2020\/08\/CCO-Tischkabine-aluminium_244x244-web.png 244w\" sizes=\"(max-width: 850px) 100vw, 244px\" \/><\/a><\/span><\/div><div class=\"fusion-clearfix\"><\/div><\/div><\/div><div class=\"fusion-layout-column fusion_builder_column fusion-builder-column-4 fusion_builder_column_1_4 1_4 fusion-one-fourth fusion-column-last\" style=\"--awb-padding-left:5%;--awb-bg-color:#ffffff;--awb-bg-color-hover:#ffffff;--awb-bg-size:cover;width:25%;width:calc(25% - ( ( 4% + 4% + 4% ) * 0.25 ) );\"><div class=\"fusion-column-wrapper fusion-column-has-shadow fusion-flex-column-wrapper-legacy\"><div class=\"fusion-title title fusion-title-3 fusion-title-text fusion-title-size-three\" style=\"--awb-margin-bottom:2%;--awb-margin-bottom-small:2%;\"><h3 class=\"fusion-title-heading title-heading-left fusion-responsive-typography-calculated\" style=\"margin:0;--fontSize:18;--minFontSize:18;line-height:1.67;\">CCO Tischkabine<\/h3><span class=\"awb-title-spacer\"><\/span><div class=\"title-sep-container\"><div class=\"title-sep sep- sep-solid\" style=\"border-color:#e0dede;\"><\/div><\/div><\/div><div class=\"fusion-text fusion-text-4\"><p><strong>Anwendung<\/strong><br \/>\nColorMatching<\/p>\n<\/div><div class=\"fusion-text fusion-text-5\"><p><strong>Ma\u00dfe<\/strong> (HxBxT in mm)<br \/>\n2310 x 1940 x 1120<\/p>\n<\/div><div class=\"fusion-text fusion-text-6\"><p><strong>Best\u00fcckung<\/strong><br \/>\n1 x CCO oder 1 x LEDCCO<br \/>\n+ optionale Optiken<\/p>\n<p><strong>Steuerung<\/strong><br \/>\nHAFST2.0<\/p>\n<\/div><div class=\"fusion-alignleft\"><a class=\"fusion-button button-flat fusion-button-default-size button-default fusion-button-default button-2 fusion-button-default-span fusion-button-default-type\" target=\"_self\" title=\"CCO Tischkabine zur Farbabmusterung\" aria-label=\"CCO Tischkabine zur Farbabmusterung\" href=\"https:\/\/www.surface-controls.com\/de\/produkte\/tischkabinen\/farbabmusterung\/\"><span class=\"fusion-button-text awb-button__text awb-button__text--default\">DETAILS<\/span><\/a><\/div><div class=\"fusion-clearfix\"><\/div><\/div><\/div><\/div><\/div><\/p>\n","protected":false},"excerpt":{"rendered":"","protected":false},"author":1,"featured_media":0,"parent":2917,"menu_order":4,"comment_status":"closed","ping_status":"closed","template":"","meta":{"footnotes":""},"class_list":["post-3143","page","type-page","status-publish","hentry"],"yoast_head":"<!-- This site is optimized with the Yoast SEO plugin v27.1.1 - https:\/\/yoast.com\/product\/yoast-seo-wordpress\/ -->\n<title>Tischkabinen f\u00fcr Farbabmusterung und Oberfl\u00e4chenkontrolle<\/title>\n<meta name=\"description\" content=\"F\u00fcr eine genaue Farbabmusterung oder Oberfl\u00e4chenkontrolle bieten wir Tischkabinen mit integrierten OLIGO Leuchten, abgestimmt auf die Anforderungen, an.\" \/>\n<meta name=\"robots\" content=\"index, follow, max-snippet:-1, max-image-preview:large, max-video-preview:-1\" \/>\n<link rel=\"canonical\" href=\"https:\/\/www.surface-controls.com\/de\/produkte\/tischkabinen\/\" \/>\n<meta property=\"og:locale\" content=\"de_DE\" \/>\n<meta property=\"og:type\" content=\"article\" \/>\n<meta property=\"og:title\" content=\"Tischkabinen f\u00fcr Farbabmusterung und Oberfl\u00e4chenkontrolle\" \/>\n<meta property=\"og:description\" content=\"F\u00fcr eine genaue Farbabmusterung oder Oberfl\u00e4chenkontrolle bieten wir Tischkabinen mit integrierten OLIGO Leuchten, abgestimmt auf die Anforderungen, an.\" \/>\n<meta property=\"og:url\" content=\"https:\/\/www.surface-controls.com\/de\/produkte\/tischkabinen\/\" \/>\n<meta property=\"og:site_name\" content=\"Surface Controls\" \/>\n<meta property=\"article:modified_time\" content=\"2021-04-28T08:19:24+00:00\" \/>\n<meta name=\"twitter:card\" content=\"summary_large_image\" \/>\n<meta name=\"twitter:label1\" content=\"Gesch\u00e4tzte Lesezeit\" \/>\n\t<meta name=\"twitter:data1\" content=\"12\u00a0Minuten\" \/>\n<script type=\"application\/ld+json\" class=\"yoast-schema-graph\">{\"@context\":\"https:\/\/schema.org\",\"@graph\":[{\"@type\":\"WebPage\",\"@id\":\"https:\/\/www.surface-controls.com\/de\/produkte\/tischkabinen\/\",\"url\":\"https:\/\/www.surface-controls.com\/de\/produkte\/tischkabinen\/\",\"name\":\"Tischkabinen f\u00fcr Farbabmusterung und Oberfl\u00e4chenkontrolle\",\"isPartOf\":{\"@id\":\"https:\/\/www.surface-controls.com\/de\/#website\"},\"datePublished\":\"2020-07-16T07:34:07+00:00\",\"dateModified\":\"2021-04-28T08:19:24+00:00\",\"description\":\"F\u00fcr eine genaue Farbabmusterung oder Oberfl\u00e4chenkontrolle bieten wir Tischkabinen mit integrierten OLIGO Leuchten, abgestimmt auf die Anforderungen, an.\",\"breadcrumb\":{\"@id\":\"https:\/\/www.surface-controls.com\/de\/produkte\/tischkabinen\/#breadcrumb\"},\"inLanguage\":\"de\",\"potentialAction\":[{\"@type\":\"ReadAction\",\"target\":[\"https:\/\/www.surface-controls.com\/de\/produkte\/tischkabinen\/\"]}]},{\"@type\":\"BreadcrumbList\",\"@id\":\"https:\/\/www.surface-controls.com\/de\/produkte\/tischkabinen\/#breadcrumb\",\"itemListElement\":[{\"@type\":\"ListItem\",\"position\":1,\"name\":\"Startseite\",\"item\":\"https:\/\/www.surface-controls.com\/de\/\"},{\"@type\":\"ListItem\",\"position\":2,\"name\":\"Produkte\",\"item\":\"https:\/\/www.surface-controls.com\/de\/produkte\/\"},{\"@type\":\"ListItem\",\"position\":3,\"name\":\"Produkte Tischkabinen\"}]},{\"@type\":\"WebSite\",\"@id\":\"https:\/\/www.surface-controls.com\/de\/#website\",\"url\":\"https:\/\/www.surface-controls.com\/de\/\",\"name\":\"Surface Controls\",\"description\":\"Leuchten zur Oberfl\u00e4chenkontrolle\",\"potentialAction\":[{\"@type\":\"SearchAction\",\"target\":{\"@type\":\"EntryPoint\",\"urlTemplate\":\"https:\/\/www.surface-controls.com\/de\/?s={search_term_string}\"},\"query-input\":{\"@type\":\"PropertyValueSpecification\",\"valueRequired\":true,\"valueName\":\"search_term_string\"}}],\"inLanguage\":\"de\"}]}<\/script>\n<!-- \/ Yoast SEO plugin. -->","yoast_head_json":{"title":"Tischkabinen f\u00fcr Farbabmusterung und Oberfl\u00e4chenkontrolle","description":"F\u00fcr eine genaue Farbabmusterung oder Oberfl\u00e4chenkontrolle bieten wir Tischkabinen mit integrierten OLIGO Leuchten, abgestimmt auf die Anforderungen, an.","robots":{"index":"index","follow":"follow","max-snippet":"max-snippet:-1","max-image-preview":"max-image-preview:large","max-video-preview":"max-video-preview:-1"},"canonical":"https:\/\/www.surface-controls.com\/de\/produkte\/tischkabinen\/","og_locale":"de_DE","og_type":"article","og_title":"Tischkabinen f\u00fcr Farbabmusterung und Oberfl\u00e4chenkontrolle","og_description":"F\u00fcr eine genaue Farbabmusterung oder Oberfl\u00e4chenkontrolle bieten wir Tischkabinen mit integrierten OLIGO Leuchten, abgestimmt auf die Anforderungen, an.","og_url":"https:\/\/www.surface-controls.com\/de\/produkte\/tischkabinen\/","og_site_name":"Surface Controls","article_modified_time":"2021-04-28T08:19:24+00:00","twitter_card":"summary_large_image","twitter_misc":{"Gesch\u00e4tzte Lesezeit":"12\u00a0Minuten"},"schema":{"@context":"https:\/\/schema.org","@graph":[{"@type":"WebPage","@id":"https:\/\/www.surface-controls.com\/de\/produkte\/tischkabinen\/","url":"https:\/\/www.surface-controls.com\/de\/produkte\/tischkabinen\/","name":"Tischkabinen f\u00fcr Farbabmusterung und Oberfl\u00e4chenkontrolle","isPartOf":{"@id":"https:\/\/www.surface-controls.com\/de\/#website"},"datePublished":"2020-07-16T07:34:07+00:00","dateModified":"2021-04-28T08:19:24+00:00","description":"F\u00fcr eine genaue Farbabmusterung oder Oberfl\u00e4chenkontrolle bieten wir Tischkabinen mit integrierten OLIGO Leuchten, abgestimmt auf die Anforderungen, an.","breadcrumb":{"@id":"https:\/\/www.surface-controls.com\/de\/produkte\/tischkabinen\/#breadcrumb"},"inLanguage":"de","potentialAction":[{"@type":"ReadAction","target":["https:\/\/www.surface-controls.com\/de\/produkte\/tischkabinen\/"]}]},{"@type":"BreadcrumbList","@id":"https:\/\/www.surface-controls.com\/de\/produkte\/tischkabinen\/#breadcrumb","itemListElement":[{"@type":"ListItem","position":1,"name":"Startseite","item":"https:\/\/www.surface-controls.com\/de\/"},{"@type":"ListItem","position":2,"name":"Produkte","item":"https:\/\/www.surface-controls.com\/de\/produkte\/"},{"@type":"ListItem","position":3,"name":"Produkte Tischkabinen"}]},{"@type":"WebSite","@id":"https:\/\/www.surface-controls.com\/de\/#website","url":"https:\/\/www.surface-controls.com\/de\/","name":"Surface Controls","description":"Leuchten zur Oberfl\u00e4chenkontrolle","potentialAction":[{"@type":"SearchAction","target":{"@type":"EntryPoint","urlTemplate":"https:\/\/www.surface-controls.com\/de\/?s={search_term_string}"},"query-input":{"@type":"PropertyValueSpecification","valueRequired":true,"valueName":"search_term_string"}}],"inLanguage":"de"}]}},"_links":{"self":[{"href":"https:\/\/www.surface-controls.com\/de\/wp-json\/wp\/v2\/pages\/3143","targetHints":{"allow":["GET"]}}],"collection":[{"href":"https:\/\/www.surface-controls.com\/de\/wp-json\/wp\/v2\/pages"}],"about":[{"href":"https:\/\/www.surface-controls.com\/de\/wp-json\/wp\/v2\/types\/page"}],"author":[{"embeddable":true,"href":"https:\/\/www.surface-controls.com\/de\/wp-json\/wp\/v2\/users\/1"}],"replies":[{"embeddable":true,"href":"https:\/\/www.surface-controls.com\/de\/wp-json\/wp\/v2\/comments?post=3143"}],"version-history":[{"count":27,"href":"https:\/\/www.surface-controls.com\/de\/wp-json\/wp\/v2\/pages\/3143\/revisions"}],"predecessor-version":[{"id":4548,"href":"https:\/\/www.surface-controls.com\/de\/wp-json\/wp\/v2\/pages\/3143\/revisions\/4548"}],"up":[{"embeddable":true,"href":"https:\/\/www.surface-controls.com\/de\/wp-json\/wp\/v2\/pages\/2917"}],"wp:attachment":[{"href":"https:\/\/www.surface-controls.com\/de\/wp-json\/wp\/v2\/media?parent=3143"}],"curies":[{"name":"wp","href":"https:\/\/api.w.org\/{rel}","templated":true}]}}