{"id":3178,"date":"2020-07-16T10:28:29","date_gmt":"2020-07-16T10:28:29","guid":{"rendered":"https:\/\/www.surface-controls.com\/?page_id=3178"},"modified":"2024-11-21T14:24:14","modified_gmt":"2024-11-21T14:24:14","slug":"oberflaechenkontrolle","status":"publish","type":"page","link":"https:\/\/www.surface-controls.com\/de\/produkte\/tischkabinen\/oberflaechenkontrolle\/","title":{"rendered":"OKO-Tischkabine"},"content":{"rendered":"<p><div class=\"fusion-fullwidth fullwidth-box fusion-builder-row-1 nonhundred-percent-fullwidth non-hundred-percent-height-scrolling\" style=\"--awb-border-radius-top-left:0px;--awb-border-radius-top-right:0px;--awb-border-radius-bottom-right:0px;--awb-border-radius-bottom-left:0px;--awb-flex-wrap:wrap;\" ><div class=\"fusion-builder-row fusion-row\"><div class=\"fusion-layout-column fusion_builder_column fusion-builder-column-0 fusion_builder_column_1_1 1_1 fusion-one-full fusion-column-first fusion-column-last\" style=\"--awb-bg-size:cover;--awb-margin-bottom:0px;\"><div class=\"fusion-column-wrapper fusion-column-has-shadow fusion-flex-column-wrapper-legacy\"><div class=\"fusion-title title fusion-title-1 fusion-title-center fusion-title-text fusion-title-size-one\" style=\"--awb-margin-bottom:5%;--awb-margin-bottom-small:5%;\"><div class=\"title-sep-container title-sep-container-left\"><div class=\"title-sep sep- sep-solid\" style=\"border-color:#e0dede;\"><\/div><\/div><span class=\"awb-title-spacer\"><\/span><h1 class=\"fusion-title-heading title-heading-center fusion-responsive-typography-calculated\" style=\"margin:0;--fontSize:34;line-height:1.41;\">OKO &#8211; Tischkabine<\/h1><span class=\"awb-title-spacer\"><\/span><div class=\"title-sep-container title-sep-container-right\"><div class=\"title-sep sep- sep-solid\" style=\"border-color:#e0dede;\"><\/div><\/div><\/div><div class=\"fusion-sep-clear\"><\/div><div class=\"fusion-separator fusion-full-width-sep\" style=\"margin-left: auto;margin-right: auto;margin-top:0px;margin-bottom:0px;width:100%;\"><div class=\"fusion-separator-border sep-single sep-solid\" style=\"--awb-height:20px;--awb-amount:20px;--awb-sep-color:#870c30;border-color:#870c30;border-top-width:5px;\"><\/div><\/div><div class=\"fusion-sep-clear\"><\/div><div class=\"fusion-clearfix\"><\/div><\/div><\/div><\/div><\/div><div class=\"fusion-fullwidth fullwidth-box fusion-builder-row-2 nonhundred-percent-fullwidth non-hundred-percent-height-scrolling\" style=\"--awb-border-radius-top-left:0px;--awb-border-radius-top-right:0px;--awb-border-radius-bottom-right:0px;--awb-border-radius-bottom-left:0px;--awb-padding-top:0px;--awb-background-color:#ffffff;--awb-flex-wrap:wrap;\" ><div class=\"fusion-builder-row fusion-row\"><div class=\"fusion-layout-column fusion_builder_column fusion-builder-column-1 fusion_builder_column_1_3 1_3 fusion-one-third fusion-column-first green-border rounded-border\" style=\"--awb-padding-left:10%;--awb-bg-color:#ffffff;--awb-bg-color-hover:#ffffff;--awb-bg-size:cover;--awb-margin-top:4%;width:30.6666%; margin-right: 4%;\"><div class=\"fusion-column-wrapper fusion-column-has-shadow fusion-flex-column-wrapper-legacy\"><div class=\"fusion-image-element fusion-image-align-center in-legacy-container\" style=\"text-align:center;--awb-caption-title-font-family:var(--h2_typography-font-family);--awb-caption-title-font-weight:var(--h2_typography-font-weight);--awb-caption-title-font-style:var(--h2_typography-font-style);--awb-caption-title-size:var(--h2_typography-font-size);--awb-caption-title-transform:var(--h2_typography-text-transform);--awb-caption-title-line-height:var(--h2_typography-line-height);--awb-caption-title-letter-spacing:var(--h2_typography-letter-spacing);\"><div class=\"imageframe-align-center\"><span class=\" fusion-imageframe imageframe-none imageframe-1 hover-type-none\"><img decoding=\"async\" width=\"320\" height=\"400\" alt=\"OKO Tischkabien zur Oberfl\u00e4chenkontrolle\" title=\"OKO Tischkabine\" src=\"https:\/\/www.surface-controls.com\/wp-content\/uploads\/2020\/08\/OKO-Tischkabine-aluminium_320x400.png\" class=\"img-responsive wp-image-3682\" srcset=\"https:\/\/www.surface-controls.com\/wp-content\/uploads\/2020\/08\/OKO-Tischkabine-aluminium_320x400-200x250.png 200w, https:\/\/www.surface-controls.com\/wp-content\/uploads\/2020\/08\/OKO-Tischkabine-aluminium_320x400.png 320w\" sizes=\"(max-width: 850px) 100vw, 320px\" \/><\/span><\/div><\/div><div class=\"fusion-clearfix\"><\/div><\/div><\/div><div class=\"fusion-layout-column fusion_builder_column fusion-builder-column-2 fusion_builder_column_2_3 2_3 fusion-two-third fusion-column-last green-border rounded-border\" style=\"--awb-padding-top:5%;--awb-padding-right:5%;--awb-padding-bottom:5%;--awb-padding-left:5%;--awb-bg-color:#ffffff;--awb-bg-color-hover:#ffffff;--awb-bg-size:cover;--awb-margin-top:2%;width:65.3333%;\"><div class=\"fusion-column-wrapper fusion-column-has-shadow fusion-flex-column-wrapper-legacy\"><div class=\"fusion-title title fusion-title-2 fusion-title-text fusion-title-size-two\" style=\"--awb-margin-bottom:2%;--awb-margin-bottom-small:2%;--awb-font-size:20px;\"><h2 class=\"fusion-title-heading title-heading-left fusion-responsive-typography-calculated\" style=\"margin:0;font-size:1em;--fontSize:20;--minFontSize:20;line-height:1.21;\">Hochwertige Tischkabine f\u00fcr die Oberfl\u00e4chenkontrolle (OKO)<\/h2><span class=\"awb-title-spacer\"><\/span><div class=\"title-sep-container\"><div class=\"title-sep sep- sep-solid\" style=\"border-color:#e0dede;\"><\/div><\/div><\/div><div class=\"fusion-text fusion-text-1\" style=\"--awb-text-transform:none;\"><p>Oligo Surface Controls OKO \u2013 Tischkabine bietet Ihnen einen professionellen und speziellen Arbeitsplatz f\u00fcr das fachgerechte Pr\u00fcfen von diversen Oberfl\u00e4chen auf beschr\u00e4nkten Raum. Unter flexibel und individuell ver\u00e4nderbaren Lichtsituationen erm\u00f6glicht sie Ihnen ein einzigartiges und pr\u00e4zises Pr\u00fcfergebnis.<\/p>\n<p>Unterschiedlich gro\u00dfe Pr\u00fcfteile k\u00f6nnen in unserer Tischkabine fokussiert begutachtet werden. Die zu pr\u00fcfenden Materialien werden dabei in das richtige Licht ger\u00fcckt, um fr\u00fchzeitig auftretende Fehler zu erkennen und Ausschuss f\u00fcr unsere Kunden zu vermeiden.<\/p>\n<p>Ein hochwertig verarbeiteter Aluminiumrahmen sorgt f\u00fcr einen best\u00e4ndig festen Stand. Die umlaufenden Seitenteile unserer Tischkabine verhindern das Eindringen von Fremdlicht und gew\u00e4hren ein einwandfreies Pr\u00fcfen auf h\u00f6chstem Qualit\u00e4tsniveau. Unsere Tischkabine ist universell einsetzbar, kompakt in ihrer Bauweise und l\u00e4sst sich durch unser geschultes Fachpersonal zu jeder Zeit den kundenspezifischen Anforderungen anpassen.<br \/>\nDie Oligo Surface Controls OKO \u2013 Tischkabine wurde eigens durch unsere erfahrenen und spezialisierten Ingenieure nach h\u00f6chsten technischen Qualit\u00e4tstandards entwickelt und gepr\u00fcft, um den Anspr\u00fcchen aller Kunden gerecht zu werden.<\/p>\n<p>Unsere Oberfl\u00e4chenKontrollOptiken (OKO) k\u00f6nnen f\u00fcr ann\u00e4hernd jede Oberfl\u00e4che genutzt werden. Vor jedem Leuchtmittel befindet sich eine speziell von uns entwickelte Linsen-Prismen-Scheibe. Es entsteht ein blendfreies und exaktes Reflexbild mit hellen und dunklen Streifen auf der zu begutachtenden Oberfl\u00e4che. Durch bewegen des Pr\u00fcfteils oder Aktionen des Mitarbeiters ver\u00e4ndert sich das Reflexbild auf der Oberfl\u00e4che und der Fehler wird sehr gut sichtbar.<\/p>\n<p>Sie haben Fragen zu unserer Tischkabine? Gerne beraten Sie unsere Experten und unterst\u00fctzen Sie bei Ihrer spezifischen Planung und Anwendung.<\/p>\n<\/div><div class=\"fusion-clearfix\"><\/div><\/div><\/div><\/div><\/div><div class=\"fusion-fullwidth fullwidth-box fusion-builder-row-3 nonhundred-percent-fullwidth non-hundred-percent-height-scrolling\" style=\"--awb-border-radius-top-left:0px;--awb-border-radius-top-right:0px;--awb-border-radius-bottom-right:0px;--awb-border-radius-bottom-left:0px;--awb-padding-bottom:3%;--awb-padding-left:10%;--awb-margin-bottom:3%;--awb-background-color:#ffffff;--awb-flex-wrap:wrap;\" ><div class=\"fusion-builder-row fusion-row\"><div class=\"fusion-layout-column fusion_builder_column fusion-builder-column-3 fusion_builder_column_1_1 1_1 fusion-one-full fusion-column-first fusion-column-last\" style=\"--awb-bg-size:cover;\"><div class=\"fusion-column-wrapper fusion-column-has-shadow fusion-flex-column-wrapper-legacy\"><div class=\"fusion-title title fusion-title-3 fusion-title-text fusion-title-size-three\" style=\"--awb-margin-bottom:2%;--awb-margin-bottom-small:2%;\"><h3 class=\"fusion-title-heading title-heading-left fusion-responsive-typography-calculated\" style=\"margin:0;--fontSize:18;--minFontSize:18;line-height:1.67;\">Details<\/h3><span class=\"awb-title-spacer\"><\/span><div class=\"title-sep-container\"><div class=\"title-sep sep- sep-solid\" style=\"border-color:#e0dede;\"><\/div><\/div><\/div><div class=\"fusion-clearfix\"><\/div><\/div><\/div><div class=\"fusion-layout-column fusion_builder_column fusion-builder-column-4 fusion_builder_column_1_4 1_4 fusion-one-fourth fusion-column-first\" style=\"--awb-padding-top:4%;--awb-bg-size:cover;width:25%;width:calc(25% - ( ( 4% ) * 0.25 ) );margin-right: 4%;\"><div class=\"fusion-column-wrapper fusion-column-has-shadow fusion-flex-column-wrapper-legacy\"><div class=\"fusion-text fusion-text-2\"><p><strong>Optiken<\/strong><\/p>\n<\/div><div class=\"fusion-clearfix\"><\/div><\/div><\/div><div class=\"fusion-layout-column fusion_builder_column fusion-builder-column-5 fusion_builder_column_3_4 3_4 fusion-three-fourth fusion-column-last\" style=\"--awb-padding-left:0%;--awb-bg-size:cover;width:75%;width:calc(75% - ( ( 4% ) * 0.75 ) );\"><div class=\"fusion-column-wrapper fusion-column-has-shadow fusion-flex-column-wrapper-legacy\"><div class=\"fusion-text fusion-text-3\"><ul>\n<li>1 x LPS100 puremaxLED\u00ae<\/li>\n<li>+ optionale Optik<\/li>\n<\/ul>\n<\/div><div class=\"fusion-clearfix\"><\/div><\/div><\/div><div class=\"fusion-layout-column fusion_builder_column fusion-builder-column-6 fusion_builder_column_1_4 1_4 fusion-one-fourth fusion-column-first\" style=\"--awb-padding-top:4%;--awb-bg-size:cover;width:25%;width:calc(25% - ( ( 4% ) * 0.25 ) );margin-right: 4%;\"><div class=\"fusion-column-wrapper fusion-column-has-shadow fusion-flex-column-wrapper-legacy\"><div class=\"fusion-text fusion-text-4\"><p><strong>Steuerung<\/strong><\/p>\n<\/div><div class=\"fusion-clearfix\"><\/div><\/div><\/div><div class=\"fusion-layout-column fusion_builder_column fusion-builder-column-7 fusion_builder_column_3_4 3_4 fusion-three-fourth fusion-column-last\" style=\"--awb-padding-left:0%;--awb-bg-size:cover;width:75%;width:calc(75% - ( ( 4% ) * 0.75 ) );\"><div class=\"fusion-column-wrapper fusion-column-has-shadow fusion-flex-column-wrapper-legacy\"><div class=\"fusion-text fusion-text-5\"><ul>\n<li>HAST2.0 oder HASTeta &#8211; Halbautomatische Steuerung<\/li>\n<li>Klemmkasten<\/li>\n<\/ul>\n<\/div><div class=\"fusion-clearfix\"><\/div><\/div><\/div><div class=\"fusion-layout-column fusion_builder_column fusion-builder-column-8 fusion_builder_column_1_4 1_4 fusion-one-fourth fusion-column-first\" style=\"--awb-padding-top:4%;--awb-bg-size:cover;width:25%;width:calc(25% - ( ( 4% ) * 0.25 ) );margin-right: 4%;\"><div class=\"fusion-column-wrapper fusion-column-has-shadow fusion-flex-column-wrapper-legacy\"><div class=\"fusion-text fusion-text-6\"><p><strong>Konstruktion<br \/>\n<\/strong><\/p>\n<\/div><div class=\"fusion-clearfix\"><\/div><\/div><\/div><div class=\"fusion-layout-column fusion_builder_column fusion-builder-column-9 fusion_builder_column_3_4 3_4 fusion-three-fourth fusion-column-last\" style=\"--awb-padding-left:0%;--awb-bg-size:cover;width:75%;width:calc(75% - ( ( 4% ) * 0.75 ) );\"><div class=\"fusion-column-wrapper fusion-column-has-shadow fusion-flex-column-wrapper-legacy\"><div class=\"fusion-text fusion-text-7\"><ul>\n<li>Gestell aus Aluminium<\/li>\n<li>Arbeitsfl\u00e4che aus Kunststoff<\/li>\n<\/ul>\n<\/div><div class=\"fusion-clearfix\"><\/div><\/div><\/div><div class=\"fusion-layout-column fusion_builder_column fusion-builder-column-10 fusion_builder_column_1_4 1_4 fusion-one-fourth fusion-column-first\" style=\"--awb-padding-top:4%;--awb-bg-size:cover;width:25%;width:calc(25% - ( ( 4% ) * 0.25 ) );margin-right: 4%;\"><div class=\"fusion-column-wrapper fusion-column-has-shadow fusion-flex-column-wrapper-legacy\"><div class=\"fusion-text fusion-text-8\"><p><strong>Optionen<br \/>\n<\/strong><\/p>\n<\/div><div class=\"fusion-clearfix\"><\/div><\/div><\/div><div class=\"fusion-layout-column fusion_builder_column fusion-builder-column-11 fusion_builder_column_3_4 3_4 fusion-three-fourth fusion-column-last\" style=\"--awb-padding-left:0%;--awb-bg-size:cover;width:75%;width:calc(75% - ( ( 4% ) * 0.75 ) );\"><div class=\"fusion-column-wrapper fusion-column-has-shadow fusion-flex-column-wrapper-legacy\"><div class=\"fusion-text fusion-text-9\"><ul>\n<li>Seitenteile<\/li>\n<li>Handsteuerung<\/li>\n<\/ul>\n<\/div><div class=\"fusion-clearfix\"><\/div><\/div><\/div><div class=\"fusion-layout-column fusion_builder_column fusion-builder-column-12 fusion_builder_column_1_4 1_4 fusion-one-fourth fusion-column-first\" style=\"--awb-padding-top:4%;--awb-bg-size:cover;width:25%;width:calc(25% - ( ( 4% ) * 0.25 ) );margin-right: 4%;\"><div class=\"fusion-column-wrapper fusion-column-has-shadow fusion-flex-column-wrapper-legacy\"><div class=\"fusion-text fusion-text-10\"><p><strong>Ma\u00dfe in mm [HxBxT]\n<\/strong><\/p>\n<\/div><div class=\"fusion-clearfix\"><\/div><\/div><\/div><div class=\"fusion-layout-column fusion_builder_column fusion-builder-column-13 fusion_builder_column_3_4 3_4 fusion-three-fourth fusion-column-last\" style=\"--awb-padding-left:0%;--awb-bg-size:cover;width:75%;width:calc(75% - ( ( 4% ) * 0.75 ) );\"><div class=\"fusion-column-wrapper fusion-column-has-shadow fusion-flex-column-wrapper-legacy\"><div class=\"fusion-text fusion-text-11\"><ul>\n<li>2310 x 1940 x 1115<\/li>\n<\/ul>\n<\/div><div class=\"fusion-clearfix\"><\/div><\/div><\/div><div class=\"fusion-layout-column fusion_builder_column fusion-builder-column-14 fusion_builder_column_1_4 1_4 fusion-one-fourth fusion-column-first\" style=\"--awb-padding-top:4%;--awb-bg-size:cover;width:25%;width:calc(25% - ( ( 4% ) * 0.25 ) );margin-right: 4%;\"><div class=\"fusion-column-wrapper fusion-column-has-shadow fusion-flex-column-wrapper-legacy\"><div class=\"fusion-text fusion-text-12\"><p><strong>Lieferung und Montage<br \/>\n<\/strong><\/p>\n<\/div><div class=\"fusion-clearfix\"><\/div><\/div><\/div><div class=\"fusion-layout-column fusion_builder_column fusion-builder-column-15 fusion_builder_column_3_4 3_4 fusion-three-fourth fusion-column-last\" style=\"--awb-padding-left:0%;--awb-bg-size:cover;width:75%;width:calc(75% - ( ( 4% ) * 0.75 ) );\"><div class=\"fusion-column-wrapper fusion-column-has-shadow fusion-flex-column-wrapper-legacy\"><div class=\"fusion-text fusion-text-13\"><ul>\n<li>Die Lieferung erfolgt per Spedition<\/li>\n<li>Lieferung und Montage durch OLIGO surface controls kann separat beauftragt werden<\/li>\n<\/ul>\n<\/div><div class=\"fusion-clearfix\"><\/div><\/div><\/div><\/div><\/div><div class=\"fusion-fullwidth fullwidth-box fusion-builder-row-4 nonhundred-percent-fullwidth non-hundred-percent-height-scrolling\" style=\"--awb-border-radius-top-left:0px;--awb-border-radius-top-right:0px;--awb-border-radius-bottom-right:0px;--awb-border-radius-bottom-left:0px;--awb-flex-wrap:wrap;\" ><div class=\"fusion-builder-row fusion-row\"><div class=\"fusion-layout-column fusion_builder_column fusion-builder-column-16 fusion_builder_column_1_1 1_1 fusion-one-full fusion-column-first fusion-column-last\" style=\"--awb-padding-top:2%;--awb-bg-size:cover;\"><div class=\"fusion-column-wrapper fusion-column-has-shadow fusion-flex-column-wrapper-legacy\"><div class=\"fusion-text fusion-text-14\"><p><a title=\"Tischkabinen zur Oberfl\u00e4chenkontrolle und zur Farbabmusterung\" href=\"https:\/\/www.surface-controls.com\/de\/produkte\/tischkabinen\/\">&lt;&lt; zur\u00fcck zur \u00dcbersicht<\/a><\/p>\n<\/div><div class=\"fusion-clearfix\"><\/div><\/div><\/div><\/div><\/div><\/p>\n","protected":false},"excerpt":{"rendered":"","protected":false},"author":1,"featured_media":0,"parent":3143,"menu_order":1,"comment_status":"closed","ping_status":"closed","template":"","meta":{"footnotes":""},"class_list":["post-3178","page","type-page","status-publish","hentry"],"yoast_head":"<!-- This site is optimized with the Yoast SEO plugin v27.4 - https:\/\/yoast.com\/product\/yoast-seo-wordpress\/ -->\n<title>Tischkabine zur Oberfl\u00e4chenkontrolle mit OLIGO OKO Leuchte<\/title>\n<meta name=\"description\" content=\"Die OKO Tischkabine bietet einen professionellen und speziellen Arbeitsplatz f\u00fcr das fachgerechte Pr\u00fcfen diverser Oberfl\u00e4chen auf beschr\u00e4nktem Raum.\" \/>\n<meta name=\"robots\" content=\"index, follow, max-snippet:-1, max-image-preview:large, max-video-preview:-1\" \/>\n<link rel=\"canonical\" href=\"https:\/\/www.surface-controls.com\/de\/produkte\/tischkabinen\/oberflaechenkontrolle\/\" \/>\n<meta property=\"og:locale\" content=\"de_DE\" \/>\n<meta property=\"og:type\" content=\"article\" \/>\n<meta property=\"og:title\" content=\"Tischkabine zur Oberfl\u00e4chenkontrolle mit OLIGO OKO Leuchte\" \/>\n<meta property=\"og:description\" content=\"Die OKO Tischkabine bietet einen professionellen und speziellen Arbeitsplatz f\u00fcr das fachgerechte Pr\u00fcfen diverser Oberfl\u00e4chen auf beschr\u00e4nktem Raum.\" \/>\n<meta property=\"og:url\" content=\"https:\/\/www.surface-controls.com\/de\/produkte\/tischkabinen\/oberflaechenkontrolle\/\" \/>\n<meta property=\"og:site_name\" content=\"Surface Controls\" \/>\n<meta property=\"article:modified_time\" content=\"2024-11-21T14:24:14+00:00\" \/>\n<meta name=\"twitter:card\" content=\"summary_large_image\" \/>\n<meta name=\"twitter:label1\" content=\"Gesch\u00e4tzte Lesezeit\" \/>\n\t<meta name=\"twitter:data1\" content=\"2\u00a0Minuten\" \/>\n<script type=\"application\/ld+json\" class=\"yoast-schema-graph\">{\"@context\":\"https:\\\/\\\/schema.org\",\"@graph\":[{\"@type\":\"WebPage\",\"@id\":\"https:\\\/\\\/www.surface-controls.com\\\/de\\\/produkte\\\/tischkabinen\\\/oberflaechenkontrolle\\\/\",\"url\":\"https:\\\/\\\/www.surface-controls.com\\\/de\\\/produkte\\\/tischkabinen\\\/oberflaechenkontrolle\\\/\",\"name\":\"Tischkabine zur Oberfl\u00e4chenkontrolle mit OLIGO OKO Leuchte\",\"isPartOf\":{\"@id\":\"https:\\\/\\\/www.surface-controls.com\\\/de\\\/#website\"},\"datePublished\":\"2020-07-16T10:28:29+00:00\",\"dateModified\":\"2024-11-21T14:24:14+00:00\",\"description\":\"Die OKO Tischkabine bietet einen professionellen und speziellen Arbeitsplatz f\u00fcr das fachgerechte Pr\u00fcfen diverser Oberfl\u00e4chen auf beschr\u00e4nktem Raum.\",\"breadcrumb\":{\"@id\":\"https:\\\/\\\/www.surface-controls.com\\\/de\\\/produkte\\\/tischkabinen\\\/oberflaechenkontrolle\\\/#breadcrumb\"},\"inLanguage\":\"de\",\"potentialAction\":[{\"@type\":\"ReadAction\",\"target\":[\"https:\\\/\\\/www.surface-controls.com\\\/de\\\/produkte\\\/tischkabinen\\\/oberflaechenkontrolle\\\/\"]}]},{\"@type\":\"BreadcrumbList\",\"@id\":\"https:\\\/\\\/www.surface-controls.com\\\/de\\\/produkte\\\/tischkabinen\\\/oberflaechenkontrolle\\\/#breadcrumb\",\"itemListElement\":[{\"@type\":\"ListItem\",\"position\":1,\"name\":\"Startseite\",\"item\":\"https:\\\/\\\/www.surface-controls.com\\\/de\\\/\"},{\"@type\":\"ListItem\",\"position\":2,\"name\":\"Produkte\",\"item\":\"https:\\\/\\\/www.surface-controls.com\\\/de\\\/produkte\\\/\"},{\"@type\":\"ListItem\",\"position\":3,\"name\":\"Produkte Tischkabinen\",\"item\":\"https:\\\/\\\/www.surface-controls.com\\\/de\\\/produkte\\\/tischkabinen\\\/\"},{\"@type\":\"ListItem\",\"position\":4,\"name\":\"OKO-Tischkabine\"}]},{\"@type\":\"WebSite\",\"@id\":\"https:\\\/\\\/www.surface-controls.com\\\/de\\\/#website\",\"url\":\"https:\\\/\\\/www.surface-controls.com\\\/de\\\/\",\"name\":\"Surface Controls\",\"description\":\"Leuchten zur Oberfl\u00e4chenkontrolle\",\"potentialAction\":[{\"@type\":\"SearchAction\",\"target\":{\"@type\":\"EntryPoint\",\"urlTemplate\":\"https:\\\/\\\/www.surface-controls.com\\\/de\\\/?s={search_term_string}\"},\"query-input\":{\"@type\":\"PropertyValueSpecification\",\"valueRequired\":true,\"valueName\":\"search_term_string\"}}],\"inLanguage\":\"de\"}]}<\/script>\n<!-- \/ Yoast SEO plugin. -->","yoast_head_json":{"title":"Tischkabine zur Oberfl\u00e4chenkontrolle mit OLIGO OKO Leuchte","description":"Die OKO Tischkabine bietet einen professionellen und speziellen Arbeitsplatz f\u00fcr das fachgerechte Pr\u00fcfen diverser Oberfl\u00e4chen auf beschr\u00e4nktem Raum.","robots":{"index":"index","follow":"follow","max-snippet":"max-snippet:-1","max-image-preview":"max-image-preview:large","max-video-preview":"max-video-preview:-1"},"canonical":"https:\/\/www.surface-controls.com\/de\/produkte\/tischkabinen\/oberflaechenkontrolle\/","og_locale":"de_DE","og_type":"article","og_title":"Tischkabine zur Oberfl\u00e4chenkontrolle mit OLIGO OKO Leuchte","og_description":"Die OKO Tischkabine bietet einen professionellen und speziellen Arbeitsplatz f\u00fcr das fachgerechte Pr\u00fcfen diverser Oberfl\u00e4chen auf beschr\u00e4nktem Raum.","og_url":"https:\/\/www.surface-controls.com\/de\/produkte\/tischkabinen\/oberflaechenkontrolle\/","og_site_name":"Surface Controls","article_modified_time":"2024-11-21T14:24:14+00:00","twitter_card":"summary_large_image","twitter_misc":{"Gesch\u00e4tzte Lesezeit":"2\u00a0Minuten"},"schema":{"@context":"https:\/\/schema.org","@graph":[{"@type":"WebPage","@id":"https:\/\/www.surface-controls.com\/de\/produkte\/tischkabinen\/oberflaechenkontrolle\/","url":"https:\/\/www.surface-controls.com\/de\/produkte\/tischkabinen\/oberflaechenkontrolle\/","name":"Tischkabine zur Oberfl\u00e4chenkontrolle mit OLIGO OKO Leuchte","isPartOf":{"@id":"https:\/\/www.surface-controls.com\/de\/#website"},"datePublished":"2020-07-16T10:28:29+00:00","dateModified":"2024-11-21T14:24:14+00:00","description":"Die OKO Tischkabine bietet einen professionellen und speziellen Arbeitsplatz f\u00fcr das fachgerechte Pr\u00fcfen diverser Oberfl\u00e4chen auf beschr\u00e4nktem Raum.","breadcrumb":{"@id":"https:\/\/www.surface-controls.com\/de\/produkte\/tischkabinen\/oberflaechenkontrolle\/#breadcrumb"},"inLanguage":"de","potentialAction":[{"@type":"ReadAction","target":["https:\/\/www.surface-controls.com\/de\/produkte\/tischkabinen\/oberflaechenkontrolle\/"]}]},{"@type":"BreadcrumbList","@id":"https:\/\/www.surface-controls.com\/de\/produkte\/tischkabinen\/oberflaechenkontrolle\/#breadcrumb","itemListElement":[{"@type":"ListItem","position":1,"name":"Startseite","item":"https:\/\/www.surface-controls.com\/de\/"},{"@type":"ListItem","position":2,"name":"Produkte","item":"https:\/\/www.surface-controls.com\/de\/produkte\/"},{"@type":"ListItem","position":3,"name":"Produkte Tischkabinen","item":"https:\/\/www.surface-controls.com\/de\/produkte\/tischkabinen\/"},{"@type":"ListItem","position":4,"name":"OKO-Tischkabine"}]},{"@type":"WebSite","@id":"https:\/\/www.surface-controls.com\/de\/#website","url":"https:\/\/www.surface-controls.com\/de\/","name":"Surface Controls","description":"Leuchten zur Oberfl\u00e4chenkontrolle","potentialAction":[{"@type":"SearchAction","target":{"@type":"EntryPoint","urlTemplate":"https:\/\/www.surface-controls.com\/de\/?s={search_term_string}"},"query-input":{"@type":"PropertyValueSpecification","valueRequired":true,"valueName":"search_term_string"}}],"inLanguage":"de"}]}},"_links":{"self":[{"href":"https:\/\/www.surface-controls.com\/de\/wp-json\/wp\/v2\/pages\/3178","targetHints":{"allow":["GET"]}}],"collection":[{"href":"https:\/\/www.surface-controls.com\/de\/wp-json\/wp\/v2\/pages"}],"about":[{"href":"https:\/\/www.surface-controls.com\/de\/wp-json\/wp\/v2\/types\/page"}],"author":[{"embeddable":true,"href":"https:\/\/www.surface-controls.com\/de\/wp-json\/wp\/v2\/users\/1"}],"replies":[{"embeddable":true,"href":"https:\/\/www.surface-controls.com\/de\/wp-json\/wp\/v2\/comments?post=3178"}],"version-history":[{"count":30,"href":"https:\/\/www.surface-controls.com\/de\/wp-json\/wp\/v2\/pages\/3178\/revisions"}],"predecessor-version":[{"id":6270,"href":"https:\/\/www.surface-controls.com\/de\/wp-json\/wp\/v2\/pages\/3178\/revisions\/6270"}],"up":[{"embeddable":true,"href":"https:\/\/www.surface-controls.com\/de\/wp-json\/wp\/v2\/pages\/3143"}],"wp:attachment":[{"href":"https:\/\/www.surface-controls.com\/de\/wp-json\/wp\/v2\/media?parent=3178"}],"curies":[{"name":"wp","href":"https:\/\/api.w.org\/{rel}","templated":true}]}}