{"id":32,"date":"2019-04-09T11:30:37","date_gmt":"2019-04-09T11:30:37","guid":{"rendered":"https:\/\/www.surface-controls.com\/?page_id=32"},"modified":"2020-09-08T13:59:31","modified_gmt":"2020-09-08T13:59:31","slug":"fallstudie","status":"publish","type":"page","link":"https:\/\/www.surface-controls.com\/de\/oberflaechenkontrolle-qualitaetskontrolle-mit-licht\/fallstudie\/","title":{"rendered":"Fallstudie"},"content":{"rendered":"<div class=\"fusion-fullwidth fullwidth-box fusion-builder-row-1 nonhundred-percent-fullwidth non-hundred-percent-height-scrolling\" style=\"--awb-border-radius-top-left:0px;--awb-border-radius-top-right:0px;--awb-border-radius-bottom-right:0px;--awb-border-radius-bottom-left:0px;--awb-padding-top:0px;--awb-padding-bottom:0px;--awb-flex-wrap:wrap;\" ><div class=\"fusion-builder-row fusion-row\"><div class=\"fusion-layout-column fusion_builder_column fusion-builder-column-0 fusion_builder_column_1_1 1_1 fusion-one-full fusion-column-first fusion-column-last\" style=\"--awb-bg-size:cover;--awb-margin-bottom:0px;\"><div class=\"fusion-column-wrapper fusion-column-has-shadow fusion-flex-column-wrapper-legacy\"><div class=\"fusion-title title fusion-title-1 fusion-title-center fusion-title-text fusion-title-size-one\" style=\"--awb-margin-bottom:30px;\"><div class=\"title-sep-container title-sep-container-left\"><div class=\"title-sep sep- sep-solid\" style=\"border-color:#e0dede;\"><\/div><\/div><span class=\"awb-title-spacer\"><\/span><h1 class=\"fusion-title-heading title-heading-center fusion-responsive-typography-calculated\" style=\"margin:0;--fontSize:34;line-height:1.41;\">Fallstudie zu Oberfl\u00e4chen-Kontroll-Optiken<\/h1><span class=\"awb-title-spacer\"><\/span><div class=\"title-sep-container title-sep-container-right\"><div class=\"title-sep sep- sep-solid\" style=\"border-color:#e0dede;\"><\/div><\/div><\/div><div class=\"fusion-sep-clear\"><\/div><div class=\"fusion-separator fusion-full-width-sep\" style=\"margin-left: auto;margin-right: auto;margin-top:0px;margin-bottom:0px;width:100%;\"><div class=\"fusion-separator-border sep-single sep-solid\" style=\"--awb-height:20px;--awb-amount:20px;--awb-sep-color:#870c30;border-color:#870c30;border-top-width:5px;\"><\/div><\/div><div class=\"fusion-sep-clear\"><\/div><div class=\"fusion-clearfix\"><\/div><\/div><\/div><div class=\"fusion-layout-column fusion_builder_column fusion-builder-column-1 fusion_builder_column_1_1 1_1 fusion-one-full fusion-column-first fusion-column-last green-border rounded-border\" style=\"--awb-padding-top:5%;--awb-padding-right:5%;--awb-padding-bottom:5%;--awb-padding-left:5%;--awb-bg-color:#ffffff;--awb-bg-color-hover:#ffffff;--awb-bg-size:cover;\"><div class=\"fusion-column-wrapper fusion-column-has-shadow fusion-flex-column-wrapper-legacy\"><div class=\"fusion-text fusion-text-1\"><h2>Oberfl\u00e4chenkontrolle Lichtdach \u00fcber Pressenauslauf<\/h2>\n<p><strong>BSH Bosch und Siemens Haushaltsger\u00e4te GmbH, Traunreut \/ Nauen<\/strong><\/p>\n<h4>Ausgangssituation<\/h4>\n<p>Die BSH Bosch und Siemens Hausger\u00e4te GmbH stellt als eines der weltweit marktf\u00fchrenden Unternehmen elektronische Haushaltsger\u00e4te her. Bei der Produktion von Pressteilen traten vermehrt Oberfl\u00e4chenfehler auf, welche dann in den Montagebereich gelangten. Eine Analyse des BSH-Qualit\u00e4tsmanagements ergab, dass die Oberfl\u00e4chenkontrolle unter den bisherigen Lichtverh\u00e4ltnissen erheblich erschwert wurde. Die surface controls entwickelte ein Optimierungskonzept f\u00fcr die Beleuchtung des gesamten Pressenauslaufs, ohne dass dabei die entsprechenden Arbeitsabl\u00e4ufe beeinflusst wurden.<\/p>\n<h4>Vorgehensweise \/ Herausforderung<\/h4>\n<p>Zusammen mit dem Qualit\u00e4tsmanagement der BSH analysierte die surface controls die \u00f6rtlichen Gegebenheiten. Dabei wurde auf die Problematik der Beleuchtung des Pressenauslaufs eingegangen. Spezielle Optiken, die von einer halbautomatischen Helligkeitssteuerung gesteuert werden, sollen Schattenbildung, Fremdlichteinfl\u00fcsse und Reflexionen verhindern.<br \/>\nEine Herausforderung bestand in der Anordnung der Optiken in die Produktionsanlage, da diese teilweise durch die Fahrstrecken der Stapler eingeschr\u00e4nkt ist und die Container im Presswerk sehr dicht beieinander angeordnet sind. Eine weitere Herausforderung lag in den unterschiedlichen Beschaffenheiten der Pressteile.<\/p>\n<p>In verschiedenen Versuchsstellungen wurden im Lichtlabor der surface controls die verschiedenen Musterteile mit unterschiedlichen Optiken untersucht und ausgewertet.<\/p>\n<h4>L\u00f6sung<\/h4>\n<p>F\u00fcr den Pressenauslauf wurde ein auf die Arbeitsabl\u00e4ufe optimal abgestimmtes Oberfl\u00e4chenkontrollsystem entwickelt. Eine Lichtdachkonstruktion mit LinsenPrismenOptiken (LPS 50) \u00fcber dem Pressenauslauf erm\u00f6glichen den Mitarbeitern der Firma BSH eine bessere visuelle Beurteilung der Pressteile. Dadurch konnte die Fehlerrate erheblich gesenkt und Kosten reduziert werden.<\/p>\n<p>Das Beleuchtungskonzept hat sich im Fertigungsbereich erfolgreich bew\u00e4hrt und wurde bereits mehrfach im Unternehmen eingesetzt. Dar\u00fcber hinaus veranlasste die BSH-Produktionsleitung und das interne Qualit\u00e4tsmanagement eine Empfehlung zur \u00dcbernahme des Oberfl\u00e4chenkontrollsystems an weiteren Konzern-Produktionsstandorten und Tochtergesellschaften.<\/p>\n<\/div><div class=\"fusion-clearfix\"><\/div><\/div><\/div><div class=\"fusion-layout-column fusion_builder_column fusion-builder-column-2 fusion_builder_column_1_3 1_3 fusion-one-third fusion-column-first\" style=\"--awb-padding-top:3%;--awb-padding-right:3%;--awb-padding-bottom:3%;--awb-padding-left:3%;--awb-bg-color:#ffffff;--awb-bg-color-hover:#ffffff;--awb-bg-size:cover;width:33.333333333333%;width:calc(33.333333333333% - ( ( 4% + 4% ) * 0.33333333333333 ) );margin-right: 4%;\"><div class=\"fusion-column-wrapper fusion-column-has-shadow fusion-flex-column-wrapper-legacy\"><div class=\"fusion-image-element in-legacy-container\" style=\"--awb-caption-title-font-family:var(--h2_typography-font-family);--awb-caption-title-font-weight:var(--h2_typography-font-weight);--awb-caption-title-font-style:var(--h2_typography-font-style);--awb-caption-title-size:var(--h2_typography-font-size);--awb-caption-title-transform:var(--h2_typography-text-transform);--awb-caption-title-line-height:var(--h2_typography-line-height);--awb-caption-title-letter-spacing:var(--h2_typography-letter-spacing);\"><span class=\" fusion-imageframe imageframe-none imageframe-1 hover-type-none\"><img decoding=\"async\" width=\"400\" height=\"300\" alt=\"Qualit\u00e4tskontrolle bei BSH - Bosch Siemens Haushaltsger\u00e4te\" title=\"Fallstudie &#8211; Pressenauslauf bei BSH &#8211; Oberf\u00e4chenkontrolle mit Hilfe von Leuchten\" src=\"https:\/\/www.surface-controls.com\/wp-content\/uploads\/2019\/05\/case-study-oko-1.jpg\" class=\"img-responsive wp-image-1382\" srcset=\"https:\/\/www.surface-controls.com\/wp-content\/uploads\/2019\/05\/case-study-oko-1-200x150.jpg 200w, https:\/\/www.surface-controls.com\/wp-content\/uploads\/2019\/05\/case-study-oko-1.jpg 400w\" sizes=\"(max-width: 850px) 100vw, 400px\" \/><\/span><\/div><div class=\"fusion-clearfix\"><\/div><\/div><\/div><div class=\"fusion-layout-column fusion_builder_column fusion-builder-column-3 fusion_builder_column_1_3 1_3 fusion-one-third\" style=\"--awb-padding-top:3%;--awb-padding-right:3%;--awb-padding-bottom:3%;--awb-padding-left:3%;--awb-bg-color:#ffffff;--awb-bg-color-hover:#ffffff;--awb-bg-size:cover;width:33.333333333333%;width:calc(33.333333333333% - ( ( 4% + 4% ) * 0.33333333333333 ) );margin-right: 4%;\"><div class=\"fusion-column-wrapper fusion-column-has-shadow fusion-flex-column-wrapper-legacy\"><div class=\"fusion-image-element in-legacy-container\" style=\"--awb-caption-title-font-family:var(--h2_typography-font-family);--awb-caption-title-font-weight:var(--h2_typography-font-weight);--awb-caption-title-font-style:var(--h2_typography-font-style);--awb-caption-title-size:var(--h2_typography-font-size);--awb-caption-title-transform:var(--h2_typography-text-transform);--awb-caption-title-line-height:var(--h2_typography-line-height);--awb-caption-title-letter-spacing:var(--h2_typography-letter-spacing);\"><span class=\" fusion-imageframe imageframe-none imageframe-2 hover-type-none\"><img decoding=\"async\" width=\"400\" height=\"300\" alt=\"Oberfl\u00e4chenKontrollOptik in einem Pressenauslauf\" title=\"Fallstudie &#8211; Pressenaussto\u00dfbereich &#8211; Oberfl\u00e4cheninspektion mit OLIGO Oberfl\u00e4chenKontrollOptik\" src=\"https:\/\/www.surface-controls.com\/wp-content\/uploads\/2019\/05\/case-study-oko-2.jpg\" class=\"img-responsive wp-image-1383\" srcset=\"https:\/\/www.surface-controls.com\/wp-content\/uploads\/2019\/05\/case-study-oko-2-200x150.jpg 200w, https:\/\/www.surface-controls.com\/wp-content\/uploads\/2019\/05\/case-study-oko-2.jpg 400w\" sizes=\"(max-width: 850px) 100vw, 400px\" \/><\/span><\/div><div class=\"fusion-clearfix\"><\/div><\/div><\/div><div class=\"fusion-layout-column fusion_builder_column fusion-builder-column-4 fusion_builder_column_1_3 1_3 fusion-one-third fusion-column-last\" style=\"--awb-padding-top:3%;--awb-padding-right:3%;--awb-padding-bottom:3%;--awb-padding-left:3%;--awb-bg-color:#ffffff;--awb-bg-color-hover:#ffffff;--awb-bg-size:cover;width:33.333333333333%;width:calc(33.333333333333% - ( ( 4% + 4% ) * 0.33333333333333 ) );\"><div class=\"fusion-column-wrapper fusion-column-has-shadow fusion-flex-column-wrapper-legacy\"><div class=\"fusion-image-element in-legacy-container\" style=\"--awb-caption-title-font-family:var(--h2_typography-font-family);--awb-caption-title-font-weight:var(--h2_typography-font-weight);--awb-caption-title-font-style:var(--h2_typography-font-style);--awb-caption-title-size:var(--h2_typography-font-size);--awb-caption-title-transform:var(--h2_typography-text-transform);--awb-caption-title-line-height:var(--h2_typography-line-height);--awb-caption-title-letter-spacing:var(--h2_typography-letter-spacing);\"><span class=\" fusion-imageframe imageframe-none imageframe-3 hover-type-none\"><img decoding=\"async\" width=\"400\" height=\"300\" alt=\"Oberfl\u00e4chenfehler sind mit dem richtigen Licht viel leichter zu erkennen\" title=\"Fallstudie &#8211; Deutlich bessere Sichtbarkeit von Qualit\u00e4tsm\u00e4ngeln\" src=\"https:\/\/www.surface-controls.com\/wp-content\/uploads\/2019\/05\/case-study-oko-3.jpg\" class=\"img-responsive wp-image-1384\" srcset=\"https:\/\/www.surface-controls.com\/wp-content\/uploads\/2019\/05\/case-study-oko-3-200x150.jpg 200w, https:\/\/www.surface-controls.com\/wp-content\/uploads\/2019\/05\/case-study-oko-3.jpg 400w\" sizes=\"(max-width: 850px) 100vw, 400px\" \/><\/span><\/div><div class=\"fusion-clearfix\"><\/div><\/div><\/div><\/div><\/div>\n","protected":false},"excerpt":{"rendered":"","protected":false},"author":1,"featured_media":0,"parent":12,"menu_order":5,"comment_status":"closed","ping_status":"closed","template":"","meta":{"footnotes":""},"class_list":["post-32","page","type-page","status-publish","hentry"],"yoast_head":"<!-- This site is optimized with the Yoast SEO plugin v27.4 - https:\/\/yoast.com\/product\/yoast-seo-wordpress\/ -->\n<title>Verbesserung der Qualit\u00e4tskontrolle beim BSH Pressenauslauf<\/title>\n<meta name=\"description\" content=\"Durch das optimal abgestimmte Oberfl\u00e4chenkontrollsystem mit den LPS50 OKO, wurden die Fehlerrate und somit auch die Kosten erheblich gesenkt.\" \/>\n<meta name=\"robots\" content=\"index, follow, max-snippet:-1, max-image-preview:large, max-video-preview:-1\" \/>\n<link rel=\"canonical\" href=\"https:\/\/www.surface-controls.com\/de\/oberflaechenkontrolle-qualitaetskontrolle-mit-licht\/fallstudie\/\" \/>\n<meta property=\"og:locale\" content=\"de_DE\" \/>\n<meta property=\"og:type\" content=\"article\" \/>\n<meta property=\"og:title\" content=\"Verbesserung der Qualit\u00e4tskontrolle beim BSH Pressenauslauf\" \/>\n<meta property=\"og:description\" content=\"Durch das optimal abgestimmte Oberfl\u00e4chenkontrollsystem mit den LPS50 OKO, wurden die Fehlerrate und somit auch die Kosten erheblich gesenkt.\" \/>\n<meta property=\"og:url\" content=\"https:\/\/www.surface-controls.com\/de\/oberflaechenkontrolle-qualitaetskontrolle-mit-licht\/fallstudie\/\" \/>\n<meta property=\"og:site_name\" content=\"Surface Controls\" \/>\n<meta property=\"article:modified_time\" content=\"2020-09-08T13:59:31+00:00\" \/>\n<meta name=\"twitter:card\" content=\"summary_large_image\" \/>\n<meta name=\"twitter:label1\" content=\"Gesch\u00e4tzte Lesezeit\" \/>\n\t<meta name=\"twitter:data1\" content=\"7\u00a0Minuten\" \/>\n<script type=\"application\/ld+json\" class=\"yoast-schema-graph\">{\"@context\":\"https:\\\/\\\/schema.org\",\"@graph\":[{\"@type\":\"WebPage\",\"@id\":\"https:\\\/\\\/www.surface-controls.com\\\/de\\\/oberflaechenkontrolle-qualitaetskontrolle-mit-licht\\\/fallstudie\\\/\",\"url\":\"https:\\\/\\\/www.surface-controls.com\\\/de\\\/oberflaechenkontrolle-qualitaetskontrolle-mit-licht\\\/fallstudie\\\/\",\"name\":\"Verbesserung der Qualit\u00e4tskontrolle beim BSH Pressenauslauf\",\"isPartOf\":{\"@id\":\"https:\\\/\\\/www.surface-controls.com\\\/de\\\/#website\"},\"datePublished\":\"2019-04-09T11:30:37+00:00\",\"dateModified\":\"2020-09-08T13:59:31+00:00\",\"description\":\"Durch das optimal abgestimmte Oberfl\u00e4chenkontrollsystem mit den LPS50 OKO, wurden die Fehlerrate und somit auch die Kosten erheblich gesenkt.\",\"breadcrumb\":{\"@id\":\"https:\\\/\\\/www.surface-controls.com\\\/de\\\/oberflaechenkontrolle-qualitaetskontrolle-mit-licht\\\/fallstudie\\\/#breadcrumb\"},\"inLanguage\":\"de\",\"potentialAction\":[{\"@type\":\"ReadAction\",\"target\":[\"https:\\\/\\\/www.surface-controls.com\\\/de\\\/oberflaechenkontrolle-qualitaetskontrolle-mit-licht\\\/fallstudie\\\/\"]}]},{\"@type\":\"BreadcrumbList\",\"@id\":\"https:\\\/\\\/www.surface-controls.com\\\/de\\\/oberflaechenkontrolle-qualitaetskontrolle-mit-licht\\\/fallstudie\\\/#breadcrumb\",\"itemListElement\":[{\"@type\":\"ListItem\",\"position\":1,\"name\":\"Startseite\",\"item\":\"https:\\\/\\\/www.surface-controls.com\\\/de\\\/\"},{\"@type\":\"ListItem\",\"position\":2,\"name\":\"Oberfl\u00e4chenkontrolle\",\"item\":\"https:\\\/\\\/www.surface-controls.com\\\/de\\\/oberflaechenkontrolle-qualitaetskontrolle-mit-licht\\\/\"},{\"@type\":\"ListItem\",\"position\":3,\"name\":\"Fallstudie\"}]},{\"@type\":\"WebSite\",\"@id\":\"https:\\\/\\\/www.surface-controls.com\\\/de\\\/#website\",\"url\":\"https:\\\/\\\/www.surface-controls.com\\\/de\\\/\",\"name\":\"Surface Controls\",\"description\":\"Leuchten zur Oberfl\u00e4chenkontrolle\",\"potentialAction\":[{\"@type\":\"SearchAction\",\"target\":{\"@type\":\"EntryPoint\",\"urlTemplate\":\"https:\\\/\\\/www.surface-controls.com\\\/de\\\/?s={search_term_string}\"},\"query-input\":{\"@type\":\"PropertyValueSpecification\",\"valueRequired\":true,\"valueName\":\"search_term_string\"}}],\"inLanguage\":\"de\"}]}<\/script>\n<!-- \/ Yoast SEO plugin. -->","yoast_head_json":{"title":"Verbesserung der Qualit\u00e4tskontrolle beim BSH Pressenauslauf","description":"Durch das optimal abgestimmte Oberfl\u00e4chenkontrollsystem mit den LPS50 OKO, wurden die Fehlerrate und somit auch die Kosten erheblich gesenkt.","robots":{"index":"index","follow":"follow","max-snippet":"max-snippet:-1","max-image-preview":"max-image-preview:large","max-video-preview":"max-video-preview:-1"},"canonical":"https:\/\/www.surface-controls.com\/de\/oberflaechenkontrolle-qualitaetskontrolle-mit-licht\/fallstudie\/","og_locale":"de_DE","og_type":"article","og_title":"Verbesserung der Qualit\u00e4tskontrolle beim BSH Pressenauslauf","og_description":"Durch das optimal abgestimmte Oberfl\u00e4chenkontrollsystem mit den LPS50 OKO, wurden die Fehlerrate und somit auch die Kosten erheblich gesenkt.","og_url":"https:\/\/www.surface-controls.com\/de\/oberflaechenkontrolle-qualitaetskontrolle-mit-licht\/fallstudie\/","og_site_name":"Surface Controls","article_modified_time":"2020-09-08T13:59:31+00:00","twitter_card":"summary_large_image","twitter_misc":{"Gesch\u00e4tzte Lesezeit":"7\u00a0Minuten"},"schema":{"@context":"https:\/\/schema.org","@graph":[{"@type":"WebPage","@id":"https:\/\/www.surface-controls.com\/de\/oberflaechenkontrolle-qualitaetskontrolle-mit-licht\/fallstudie\/","url":"https:\/\/www.surface-controls.com\/de\/oberflaechenkontrolle-qualitaetskontrolle-mit-licht\/fallstudie\/","name":"Verbesserung der Qualit\u00e4tskontrolle beim BSH Pressenauslauf","isPartOf":{"@id":"https:\/\/www.surface-controls.com\/de\/#website"},"datePublished":"2019-04-09T11:30:37+00:00","dateModified":"2020-09-08T13:59:31+00:00","description":"Durch das optimal abgestimmte Oberfl\u00e4chenkontrollsystem mit den LPS50 OKO, wurden die Fehlerrate und somit auch die Kosten erheblich gesenkt.","breadcrumb":{"@id":"https:\/\/www.surface-controls.com\/de\/oberflaechenkontrolle-qualitaetskontrolle-mit-licht\/fallstudie\/#breadcrumb"},"inLanguage":"de","potentialAction":[{"@type":"ReadAction","target":["https:\/\/www.surface-controls.com\/de\/oberflaechenkontrolle-qualitaetskontrolle-mit-licht\/fallstudie\/"]}]},{"@type":"BreadcrumbList","@id":"https:\/\/www.surface-controls.com\/de\/oberflaechenkontrolle-qualitaetskontrolle-mit-licht\/fallstudie\/#breadcrumb","itemListElement":[{"@type":"ListItem","position":1,"name":"Startseite","item":"https:\/\/www.surface-controls.com\/de\/"},{"@type":"ListItem","position":2,"name":"Oberfl\u00e4chenkontrolle","item":"https:\/\/www.surface-controls.com\/de\/oberflaechenkontrolle-qualitaetskontrolle-mit-licht\/"},{"@type":"ListItem","position":3,"name":"Fallstudie"}]},{"@type":"WebSite","@id":"https:\/\/www.surface-controls.com\/de\/#website","url":"https:\/\/www.surface-controls.com\/de\/","name":"Surface Controls","description":"Leuchten zur Oberfl\u00e4chenkontrolle","potentialAction":[{"@type":"SearchAction","target":{"@type":"EntryPoint","urlTemplate":"https:\/\/www.surface-controls.com\/de\/?s={search_term_string}"},"query-input":{"@type":"PropertyValueSpecification","valueRequired":true,"valueName":"search_term_string"}}],"inLanguage":"de"}]}},"_links":{"self":[{"href":"https:\/\/www.surface-controls.com\/de\/wp-json\/wp\/v2\/pages\/32","targetHints":{"allow":["GET"]}}],"collection":[{"href":"https:\/\/www.surface-controls.com\/de\/wp-json\/wp\/v2\/pages"}],"about":[{"href":"https:\/\/www.surface-controls.com\/de\/wp-json\/wp\/v2\/types\/page"}],"author":[{"embeddable":true,"href":"https:\/\/www.surface-controls.com\/de\/wp-json\/wp\/v2\/users\/1"}],"replies":[{"embeddable":true,"href":"https:\/\/www.surface-controls.com\/de\/wp-json\/wp\/v2\/comments?post=32"}],"version-history":[{"count":15,"href":"https:\/\/www.surface-controls.com\/de\/wp-json\/wp\/v2\/pages\/32\/revisions"}],"predecessor-version":[{"id":1378,"href":"https:\/\/www.surface-controls.com\/de\/wp-json\/wp\/v2\/pages\/32\/revisions\/1378"}],"up":[{"embeddable":true,"href":"https:\/\/www.surface-controls.com\/de\/wp-json\/wp\/v2\/pages\/12"}],"wp:attachment":[{"href":"https:\/\/www.surface-controls.com\/de\/wp-json\/wp\/v2\/media?parent=32"}],"curies":[{"name":"wp","href":"https:\/\/api.w.org\/{rel}","templated":true}]}}