{"id":34,"date":"2019-04-09T11:31:28","date_gmt":"2019-04-09T11:31:28","guid":{"rendered":"https:\/\/www.surface-controls.com\/?page_id=34"},"modified":"2024-03-18T13:26:24","modified_gmt":"2024-03-18T13:26:24","slug":"farbabmusterung-mit-licht","status":"publish","type":"page","link":"https:\/\/www.surface-controls.com\/de\/farbabmusterung-mit-licht\/","title":{"rendered":"ColorMatching"},"content":{"rendered":"<div class=\"fusion-fullwidth fullwidth-box fusion-builder-row-1 nonhundred-percent-fullwidth non-hundred-percent-height-scrolling\" style=\"--awb-border-sizes-top:0px;--awb-border-sizes-bottom:0px;--awb-border-sizes-left:0px;--awb-border-sizes-right:0px;--awb-border-radius-top-left:0px;--awb-border-radius-top-right:0px;--awb-border-radius-bottom-right:0px;--awb-border-radius-bottom-left:0px;--awb-padding-top:0px;--awb-padding-bottom:0px;--awb-flex-wrap:wrap;\" ><div class=\"fusion-builder-row fusion-row\"><div class=\"fusion-layout-column fusion_builder_column fusion-builder-column-0 fusion_builder_column_1_1 1_1 fusion-one-full fusion-column-first fusion-column-last\" style=\"--awb-bg-size:cover;--awb-margin-bottom:0px;\"><div class=\"fusion-column-wrapper fusion-column-has-shadow fusion-flex-column-wrapper-legacy\"><div class=\"fusion-column-content-centered\"><div class=\"fusion-column-content\"><div class=\"fusion-title title fusion-title-1 fusion-title-center fusion-title-text fusion-title-size-one\" style=\"--awb-margin-bottom:5%;--awb-margin-bottom-small:5%;\"><div class=\"title-sep-container title-sep-container-left\"><div class=\"title-sep sep- sep-solid\" style=\"border-color:#e0dede;\"><\/div><\/div><span class=\"awb-title-spacer\"><\/span><h1 class=\"fusion-title-heading title-heading-center fusion-responsive-typography-calculated\" style=\"margin:0;--fontSize:34;line-height:1.41;\">ColorMatching<\/h1><span class=\"awb-title-spacer\"><\/span><div class=\"title-sep-container title-sep-container-right\"><div class=\"title-sep sep- sep-solid\" style=\"border-color:#e0dede;\"><\/div><\/div><\/div><div class=\"fusion-sep-clear\"><\/div><div class=\"fusion-separator fusion-full-width-sep\" style=\"margin-left: auto;margin-right: auto;margin-top:0px;margin-bottom:0px;width:100%;\"><div class=\"fusion-separator-border sep-single sep-solid\" style=\"--awb-height:20px;--awb-amount:20px;--awb-sep-color:#870c30;border-color:#870c30;border-top-width:5px;\"><\/div><\/div><div class=\"fusion-sep-clear\"><\/div><\/div><\/div><div class=\"fusion-clearfix\"><\/div><\/div><\/div><div class=\"fusion-layout-column fusion_builder_column fusion-builder-column-1 fusion_builder_column_1_1 1_1 fusion-one-full fusion-column-first fusion-column-last green-border rounded-border\" style=\"--awb-padding-top:5%;--awb-padding-right:5%;--awb-padding-bottom:3%;--awb-padding-left:5%;--awb-bg-color:#ffffff;--awb-bg-color-hover:#ffffff;--awb-bg-size:cover;\"><div class=\"fusion-column-wrapper fusion-column-has-shadow fusion-flex-column-wrapper-legacy\"><div class=\"fusion-text fusion-text-1\"><div id=\"attachment_2495\" style=\"width: 330px\" class=\"wp-caption alignleft\"><img decoding=\"async\" aria-describedby=\"caption-attachment-2495\" class=\"wp-image-2495 size-full\" src=\"https:\/\/www.surface-controls.com\/wp-content\/uploads\/2020\/05\/Colormatching_B1_DE.png\" alt=\"Farbabgleich durch verschiedene Zusammensetzungen von Lichtfarben\" width=\"320\" height=\"201\" srcset=\"https:\/\/www.surface-controls.com\/wp-content\/uploads\/2020\/05\/Colormatching_B1_DE-200x126.png 200w, https:\/\/www.surface-controls.com\/wp-content\/uploads\/2020\/05\/Colormatching_B1_DE-300x188.png 300w, https:\/\/www.surface-controls.com\/wp-content\/uploads\/2020\/05\/Colormatching_B1_DE.png 320w\" sizes=\"(max-width: 320px) 100vw, 320px\" \/><p id=\"caption-attachment-2495\" class=\"wp-caption-text\">Abb. 1<\/p><\/div>\n<h3 style=\"text-align: left; margin-top: -20px;\">Grundlagen<\/h3>\n<p style=\"text-align: left;\">Jeder K\u00f6rper erscheint in der Farbe derjenigen Wellenl\u00e4ngen, die er am st\u00e4rksten reflektiert. F\u00fcr das menschliche Auge sind hierbei geringe Unterschiede gleicher Farben kaum wahrnehmbar. Diese k\u00f6nnen durch unterschiedliche farbliche Zusammensetzungen entstehen (Abb. 1). Mit unseren ColorMatching-Systemen lassen sich alle Tageslichtsituationen simulieren. Hierbei werden die ColorControlOptiken (CCO) mittels digitaler Signale gesteuert und das optimale Begutachtungslicht eingestellt.<\/p>\n<div><\/div>\n<\/div><div class=\"fusion-sep-clear\"><\/div><div class=\"fusion-separator\" style=\"margin-left: auto;margin-right: auto;width:100%;max-width:7%;\"><\/div><div class=\"fusion-sep-clear\"><\/div><div class=\"fusion-text fusion-text-2\"><div id=\"attachment_2499\" style=\"width: 330px\" class=\"wp-caption alignright\"><img decoding=\"async\" aria-describedby=\"caption-attachment-2499\" class=\"wp-image-2499 size-full\" src=\"https:\/\/www.surface-controls.com\/wp-content\/uploads\/2020\/05\/Colormatching_B2_DE.png\" alt=\"Verschiedene Lichtfarben erm\u00f6glichen einen Farbabgleich\" width=\"320\" height=\"201\" srcset=\"https:\/\/www.surface-controls.com\/wp-content\/uploads\/2020\/05\/Colormatching_B2_DE-200x126.png 200w, https:\/\/www.surface-controls.com\/wp-content\/uploads\/2020\/05\/Colormatching_B2_DE-300x188.png 300w, https:\/\/www.surface-controls.com\/wp-content\/uploads\/2020\/05\/Colormatching_B2_DE.png 320w\" sizes=\"(max-width: 320px) 100vw, 320px\" \/><p id=\"caption-attachment-2499\" class=\"wp-caption-text\">Abb. 2<\/p><\/div>\n<p style=\"text-align: left;\">Dabei werden in Abh\u00e4ngigkeit des Begutachtungsteiles die haupts\u00e4chlich reflektierten Wellenl\u00e4ngen in Lichtwellen, welche zur Beleuchtung genutzt werden, reduziert. Das f\u00fchrt dazu, dass die sonst \u00fcberdeckten Farbunterschiede zwischen verschiedenen Werkst\u00fccken oder Materialien gut sichtbar werden. Folge: Farbfehler und Farbunterschiede zwischen verschiedenen Werkst\u00fccken oder Materialien werden deutlich sichtbar (Abb. 2).<\/p>\n<\/div><div class=\"fusion-clearfix\"><\/div><\/div><\/div><div class=\"fusion-layout-column fusion_builder_column fusion-builder-column-2 fusion_builder_column_1_1 1_1 fusion-one-full fusion-column-first fusion-column-last\" style=\"--awb-padding-top:5%;--awb-padding-right:5%;--awb-padding-bottom:5%;--awb-padding-left:5%;--awb-bg-color:#ffffff;--awb-bg-color-hover:#ffffff;--awb-bg-size:cover;--awb-border-color:#575757;--awb-border-top:2px;--awb-border-right:2px;--awb-border-bottom:2px;--awb-border-left:2px;--awb-border-style:solid;\"><div class=\"fusion-column-wrapper fusion-column-has-shadow fusion-flex-column-wrapper-legacy\"><div class=\"fusion-testimonials classic awb-speech-bubble-show fusion-testimonials-1\" style=\"--awb-textcolor:#747474;--awb-backgroundcolor:#f6f6f6;--awb-testimonial-border-style:solid;--awb-testimonial-border-color:var(--awb-color3);--awb-border-top-left-radius:0px;--awb-border-top-right-radius:0px;--awb-border-bottom-left-radius:0px;--awb-border-bottom-right-radius:0px;--testimonial-border-width-top:0px;--testimonial-border-width-right:0px;--testimonial-border-width-bottom:0px;--testimonial-border-width-left:0px;\" data-random=\"0\" data-speed=\"4000\"><div class=\"reviews\"><div class=\"review active-testimonial female\"><blockquote><div class=\"awb-quote\"><div class=\"awb-quote-content\">\n<p>Unsere OLIGO Lichttechnik GmbH \u2013 surface controls-Abmusterungskabine erm\u00f6glicht es, Teile in unterschiedlichen Gr\u00f6\u00dfen bis hin zu komplexen ZSB-Bauteilen zu beurteilen. Mit den variabel einstellbaren Leuchten lassen sich verschiedene Beleuchtungssituationen darstellen. So kann die Abmusterungskabine f\u00fcr die Abmusterung einer Vielzahl von Bauteilen, Materialien und unterschiedlichen Oberfl\u00e4chen und aufgrund der Gr\u00f6\u00dfe auch zur Ergebnispr\u00e4sentation genutzt werden.<\/p>\n<\/div><\/div><span class=\"awb-triangle\"><\/span><\/blockquote><div class=\"author\"><span class=\"testimonial-thumbnail doe\"><\/span><span class=\"company-name\"><strong>Dr. Annett Schramm, Labor Polymere, Oberfl\u00e4chentechnik; Dirk Wegener, Konzern-Qualit\u00e4tssicherung, Zentrallabor, Oberfl\u00e4chentechnik und Farbmetrik<\/strong><span>, <\/span><span>VW Wolfsburg<\/span><\/span><\/div><\/div><\/div><\/div><div class=\"fusion-clearfix\"><\/div><\/div><\/div><\/div><\/div>\n","protected":false},"excerpt":{"rendered":"","protected":false},"author":1,"featured_media":0,"parent":0,"menu_order":2,"comment_status":"closed","ping_status":"closed","template":"","meta":{"footnotes":""},"class_list":["post-34","page","type-page","status-publish","hentry"],"yoast_head":"<!-- This site is optimized with the Yoast SEO plugin v27.4 - https:\/\/yoast.com\/product\/yoast-seo-wordpress\/ -->\n<title>Farbabmusterung zur besseren Begutachtung von Farbunterschieden<\/title>\n<meta name=\"description\" content=\"Mit den OLIGO ColorControlOptiken lassen sich alle Tageslichtsituationen simulieren und so das optimale Betrachtungslicht f\u00fcr die Farbabmusterung einstellen.\" \/>\n<meta name=\"robots\" content=\"index, follow, max-snippet:-1, max-image-preview:large, max-video-preview:-1\" \/>\n<link rel=\"canonical\" href=\"https:\/\/www.surface-controls.com\/de\/farbabmusterung-mit-licht\/\" \/>\n<meta property=\"og:locale\" content=\"de_DE\" \/>\n<meta property=\"og:type\" content=\"article\" \/>\n<meta property=\"og:title\" content=\"Farbabmusterung zur besseren Begutachtung von Farbunterschieden\" \/>\n<meta property=\"og:description\" content=\"Mit den OLIGO ColorControlOptiken lassen sich alle Tageslichtsituationen simulieren und so das optimale Betrachtungslicht f\u00fcr die Farbabmusterung einstellen.\" \/>\n<meta property=\"og:url\" content=\"https:\/\/www.surface-controls.com\/de\/farbabmusterung-mit-licht\/\" \/>\n<meta property=\"og:site_name\" content=\"Surface Controls\" \/>\n<meta property=\"article:modified_time\" content=\"2024-03-18T13:26:24+00:00\" \/>\n<meta property=\"og:image\" content=\"https:\/\/www.surface-controls.com\/wp-content\/uploads\/2020\/05\/Colormatching_B1_DE.png\" \/>\n<meta name=\"twitter:card\" content=\"summary_large_image\" \/>\n<meta name=\"twitter:label1\" content=\"Gesch\u00e4tzte Lesezeit\" \/>\n\t<meta name=\"twitter:data1\" content=\"2\u00a0Minuten\" \/>\n<script type=\"application\/ld+json\" class=\"yoast-schema-graph\">{\"@context\":\"https:\\\/\\\/schema.org\",\"@graph\":[{\"@type\":\"WebPage\",\"@id\":\"https:\\\/\\\/www.surface-controls.com\\\/de\\\/farbabmusterung-mit-licht\\\/\",\"url\":\"https:\\\/\\\/www.surface-controls.com\\\/de\\\/farbabmusterung-mit-licht\\\/\",\"name\":\"Farbabmusterung zur besseren Begutachtung von Farbunterschieden\",\"isPartOf\":{\"@id\":\"https:\\\/\\\/www.surface-controls.com\\\/de\\\/#website\"},\"primaryImageOfPage\":{\"@id\":\"https:\\\/\\\/www.surface-controls.com\\\/de\\\/farbabmusterung-mit-licht\\\/#primaryimage\"},\"image\":{\"@id\":\"https:\\\/\\\/www.surface-controls.com\\\/de\\\/farbabmusterung-mit-licht\\\/#primaryimage\"},\"thumbnailUrl\":\"https:\\\/\\\/www.surface-controls.com\\\/wp-content\\\/uploads\\\/2020\\\/05\\\/Colormatching_B1_DE.png\",\"datePublished\":\"2019-04-09T11:31:28+00:00\",\"dateModified\":\"2024-03-18T13:26:24+00:00\",\"description\":\"Mit den OLIGO ColorControlOptiken lassen sich alle Tageslichtsituationen simulieren und so das optimale Betrachtungslicht f\u00fcr die Farbabmusterung einstellen.\",\"breadcrumb\":{\"@id\":\"https:\\\/\\\/www.surface-controls.com\\\/de\\\/farbabmusterung-mit-licht\\\/#breadcrumb\"},\"inLanguage\":\"de\",\"potentialAction\":[{\"@type\":\"ReadAction\",\"target\":[\"https:\\\/\\\/www.surface-controls.com\\\/de\\\/farbabmusterung-mit-licht\\\/\"]}]},{\"@type\":\"ImageObject\",\"inLanguage\":\"de\",\"@id\":\"https:\\\/\\\/www.surface-controls.com\\\/de\\\/farbabmusterung-mit-licht\\\/#primaryimage\",\"url\":\"https:\\\/\\\/www.surface-controls.com\\\/wp-content\\\/uploads\\\/2020\\\/05\\\/Colormatching_B1_DE.png\",\"contentUrl\":\"https:\\\/\\\/www.surface-controls.com\\\/wp-content\\\/uploads\\\/2020\\\/05\\\/Colormatching_B1_DE.png\"},{\"@type\":\"BreadcrumbList\",\"@id\":\"https:\\\/\\\/www.surface-controls.com\\\/de\\\/farbabmusterung-mit-licht\\\/#breadcrumb\",\"itemListElement\":[{\"@type\":\"ListItem\",\"position\":1,\"name\":\"Startseite\",\"item\":\"https:\\\/\\\/www.surface-controls.com\\\/de\\\/\"},{\"@type\":\"ListItem\",\"position\":2,\"name\":\"ColorMatching\"}]},{\"@type\":\"WebSite\",\"@id\":\"https:\\\/\\\/www.surface-controls.com\\\/de\\\/#website\",\"url\":\"https:\\\/\\\/www.surface-controls.com\\\/de\\\/\",\"name\":\"Surface Controls\",\"description\":\"Leuchten zur Oberfl\u00e4chenkontrolle\",\"potentialAction\":[{\"@type\":\"SearchAction\",\"target\":{\"@type\":\"EntryPoint\",\"urlTemplate\":\"https:\\\/\\\/www.surface-controls.com\\\/de\\\/?s={search_term_string}\"},\"query-input\":{\"@type\":\"PropertyValueSpecification\",\"valueRequired\":true,\"valueName\":\"search_term_string\"}}],\"inLanguage\":\"de\"}]}<\/script>\n<!-- \/ Yoast SEO plugin. -->","yoast_head_json":{"title":"Farbabmusterung zur besseren Begutachtung von Farbunterschieden","description":"Mit den OLIGO ColorControlOptiken lassen sich alle Tageslichtsituationen simulieren und so das optimale Betrachtungslicht f\u00fcr die Farbabmusterung einstellen.","robots":{"index":"index","follow":"follow","max-snippet":"max-snippet:-1","max-image-preview":"max-image-preview:large","max-video-preview":"max-video-preview:-1"},"canonical":"https:\/\/www.surface-controls.com\/de\/farbabmusterung-mit-licht\/","og_locale":"de_DE","og_type":"article","og_title":"Farbabmusterung zur besseren Begutachtung von Farbunterschieden","og_description":"Mit den OLIGO ColorControlOptiken lassen sich alle Tageslichtsituationen simulieren und so das optimale Betrachtungslicht f\u00fcr die Farbabmusterung einstellen.","og_url":"https:\/\/www.surface-controls.com\/de\/farbabmusterung-mit-licht\/","og_site_name":"Surface Controls","article_modified_time":"2024-03-18T13:26:24+00:00","og_image":[{"url":"https:\/\/www.surface-controls.com\/wp-content\/uploads\/2020\/05\/Colormatching_B1_DE.png","type":"","width":"","height":""}],"twitter_card":"summary_large_image","twitter_misc":{"Gesch\u00e4tzte Lesezeit":"2\u00a0Minuten"},"schema":{"@context":"https:\/\/schema.org","@graph":[{"@type":"WebPage","@id":"https:\/\/www.surface-controls.com\/de\/farbabmusterung-mit-licht\/","url":"https:\/\/www.surface-controls.com\/de\/farbabmusterung-mit-licht\/","name":"Farbabmusterung zur besseren Begutachtung von Farbunterschieden","isPartOf":{"@id":"https:\/\/www.surface-controls.com\/de\/#website"},"primaryImageOfPage":{"@id":"https:\/\/www.surface-controls.com\/de\/farbabmusterung-mit-licht\/#primaryimage"},"image":{"@id":"https:\/\/www.surface-controls.com\/de\/farbabmusterung-mit-licht\/#primaryimage"},"thumbnailUrl":"https:\/\/www.surface-controls.com\/wp-content\/uploads\/2020\/05\/Colormatching_B1_DE.png","datePublished":"2019-04-09T11:31:28+00:00","dateModified":"2024-03-18T13:26:24+00:00","description":"Mit den OLIGO ColorControlOptiken lassen sich alle Tageslichtsituationen simulieren und so das optimale Betrachtungslicht f\u00fcr die Farbabmusterung einstellen.","breadcrumb":{"@id":"https:\/\/www.surface-controls.com\/de\/farbabmusterung-mit-licht\/#breadcrumb"},"inLanguage":"de","potentialAction":[{"@type":"ReadAction","target":["https:\/\/www.surface-controls.com\/de\/farbabmusterung-mit-licht\/"]}]},{"@type":"ImageObject","inLanguage":"de","@id":"https:\/\/www.surface-controls.com\/de\/farbabmusterung-mit-licht\/#primaryimage","url":"https:\/\/www.surface-controls.com\/wp-content\/uploads\/2020\/05\/Colormatching_B1_DE.png","contentUrl":"https:\/\/www.surface-controls.com\/wp-content\/uploads\/2020\/05\/Colormatching_B1_DE.png"},{"@type":"BreadcrumbList","@id":"https:\/\/www.surface-controls.com\/de\/farbabmusterung-mit-licht\/#breadcrumb","itemListElement":[{"@type":"ListItem","position":1,"name":"Startseite","item":"https:\/\/www.surface-controls.com\/de\/"},{"@type":"ListItem","position":2,"name":"ColorMatching"}]},{"@type":"WebSite","@id":"https:\/\/www.surface-controls.com\/de\/#website","url":"https:\/\/www.surface-controls.com\/de\/","name":"Surface Controls","description":"Leuchten zur Oberfl\u00e4chenkontrolle","potentialAction":[{"@type":"SearchAction","target":{"@type":"EntryPoint","urlTemplate":"https:\/\/www.surface-controls.com\/de\/?s={search_term_string}"},"query-input":{"@type":"PropertyValueSpecification","valueRequired":true,"valueName":"search_term_string"}}],"inLanguage":"de"}]}},"_links":{"self":[{"href":"https:\/\/www.surface-controls.com\/de\/wp-json\/wp\/v2\/pages\/34","targetHints":{"allow":["GET"]}}],"collection":[{"href":"https:\/\/www.surface-controls.com\/de\/wp-json\/wp\/v2\/pages"}],"about":[{"href":"https:\/\/www.surface-controls.com\/de\/wp-json\/wp\/v2\/types\/page"}],"author":[{"embeddable":true,"href":"https:\/\/www.surface-controls.com\/de\/wp-json\/wp\/v2\/users\/1"}],"replies":[{"embeddable":true,"href":"https:\/\/www.surface-controls.com\/de\/wp-json\/wp\/v2\/comments?post=34"}],"version-history":[{"count":43,"href":"https:\/\/www.surface-controls.com\/de\/wp-json\/wp\/v2\/pages\/34\/revisions"}],"predecessor-version":[{"id":5833,"href":"https:\/\/www.surface-controls.com\/de\/wp-json\/wp\/v2\/pages\/34\/revisions\/5833"}],"wp:attachment":[{"href":"https:\/\/www.surface-controls.com\/de\/wp-json\/wp\/v2\/media?parent=34"}],"curies":[{"name":"wp","href":"https:\/\/api.w.org\/{rel}","templated":true}]}}