{"id":3946,"date":"2025-07-21T05:00:51","date_gmt":"2025-07-21T05:00:51","guid":{"rendered":"https:\/\/www.surface-controls.com\/?page_id=3946"},"modified":"2026-01-20T09:11:24","modified_gmt":"2026-01-20T09:11:24","slug":"stellenangebot-total-quality-manager","status":"publish","type":"page","link":"https:\/\/www.surface-controls.com\/de\/unternehmen\/karriere\/stellenangebot-total-quality-manager\/","title":{"rendered":"Stellenangebot Total Quality Manager (m\/w\/d)"},"content":{"rendered":"<div class=\"fusion-fullwidth fullwidth-box fusion-builder-row-1 nonhundred-percent-fullwidth non-hundred-percent-height-scrolling\" style=\"--awb-border-radius-top-left:0px;--awb-border-radius-top-right:0px;--awb-border-radius-bottom-right:0px;--awb-border-radius-bottom-left:0px;--awb-flex-wrap:wrap;\" ><div class=\"fusion-builder-row fusion-row\"><div class=\"fusion-layout-column fusion_builder_column fusion-builder-column-0 fusion_builder_column_1_1 1_1 fusion-one-full fusion-column-first fusion-column-last\" style=\"--awb-bg-size:cover;--awb-margin-bottom:0px;\"><div class=\"fusion-column-wrapper fusion-column-has-shadow fusion-flex-column-wrapper-legacy\"><div class=\"fusion-title title fusion-title-1 fusion-title-center fusion-title-text fusion-title-size-one\" style=\"--awb-margin-bottom:5%;--awb-font-size:26px;\"><div class=\"title-sep-container title-sep-container-left\"><div class=\"title-sep sep- sep-solid\" style=\"border-color:#e0dede;\"><\/div><\/div><span class=\"awb-title-spacer\"><\/span><h1 class=\"fusion-title-heading title-heading-center fusion-responsive-typography-calculated\" style=\"margin:0;font-size:1em;--fontSize:26;line-height:1.41;\">Total Quality Manager (m\/w\/d)<\/h1><span class=\"awb-title-spacer\"><\/span><div class=\"title-sep-container title-sep-container-right\"><div class=\"title-sep sep- sep-solid\" style=\"border-color:#e0dede;\"><\/div><\/div><\/div><div class=\"fusion-sep-clear\"><\/div><div class=\"fusion-separator fusion-full-width-sep\" style=\"margin-left: auto;margin-right: auto;margin-top:0px;margin-bottom:0px;width:100%;\"><div class=\"fusion-separator-border sep-single sep-solid\" style=\"--awb-height:20px;--awb-amount:20px;--awb-sep-color:#870c30;border-color:#870c30;border-top-width:5px;\"><\/div><\/div><div class=\"fusion-sep-clear\"><\/div><div class=\"fusion-clearfix\"><\/div><\/div><\/div><div class=\"fusion-layout-column fusion_builder_column fusion-builder-column-1 fusion_builder_column_1_1 1_1 fusion-one-full fusion-column-first fusion-column-last green-border rounded-border\" style=\"--awb-padding-top:5%;--awb-padding-right:5%;--awb-padding-bottom:5%;--awb-padding-left:5%;--awb-bg-color:#ffffff;--awb-bg-color-hover:#ffffff;--awb-bg-size:cover;\"><div class=\"fusion-column-wrapper fusion-column-has-shadow fusion-flex-column-wrapper-legacy\"><div class=\"fusion-text fusion-text-1\"><h3>Ihr Aufgabenbereich:<\/h3>\n<ul>\n<li>Qualit\u00e4tsmanagement &amp; ISO 9001<\/li>\n<li>Prozessoptimierung &amp; Kontinuierliche Verbesserung<\/li>\n<li>\u00dcberwachung der Produktqualit\u00e4t<\/li>\n<li>Lieferantenmanagement<\/li>\n<li>Produktkonformit\u00e4t (CE, Normenanforderungen)<\/li>\n<li>Produktzertifizierungen (ENEC, ETL, UL, etc., Fertigungsst\u00e4tten \u00dcberwachungen)<\/li>\n<li>Arbeitsschutzmanagement (AMS)<\/li>\n<li>Wissensmanagement (Schulung von Mitarbeitenden und die Pflege von SAP-BYD-relevanten QM-Funktionen)<\/li>\n<li>Compliance &amp; gesetzliche Anforderungen (Erstellung und Pflege in- und externer Vorgaben)<\/li>\n<\/ul>\n<h3>Ihr Profil:<\/h3>\n<ul>\n<li>Studium oder eine vergleichbare technische\/qualifizierte Ausbildung mit Schwerpunkt Qualit\u00e4tsmanagement<\/li>\n<li>Praxiserfahrung im Qualit\u00e4tsmanagement nach ISO 9001 \u2013 idealerweise in einem technisch gepr\u00e4gten Umfeld<\/li>\n<li>Fundierte Kenntnisse in Produktsicherheits- und Normanforderungen (z. B. EN 60598, ENEC, UL, ETL)<\/li>\n<li>Erfahrung in Auditierung, Pr\u00fcfmittelmanagement und Lieferantenqualifizierung\/-entwicklung<\/li>\n<li>Ausgepr\u00e4gtes technisches Verst\u00e4ndnis und Freude an analytischer Arbeit<\/li>\n<li>Kenntnisse in der Lichttechnik<\/li>\n<li>Sicherer Umgang mit MS Office; Kenntnisse in SAP ByDesign von Vorteil<\/li>\n<li>Strukturierte, eigenverantwortliche und l\u00f6sungsorientierte Arbeitsweise<\/li>\n<li>Starke Kommunikations- und Vermittlungskompetenzen, inklusive didaktischem Geschick<\/li>\n<li>Hohe Motivation f\u00fcr kontinuierliche Prozessoptimierung, Standardisierung und Zusammenarbeit \u00fcber Fachbereiche hinweg<\/li>\n<\/ul>\n<h3>Wir bieten Ihnen:<\/h3>\n<ul>\n<li>Attraktives, leistungsorientiertes Verg\u00fctungspaket<\/li>\n<li>Moderne Arbeitsausstattung inkl. IT-Equipment<\/li>\n<li>Flexible Arbeitszeiten &amp; mobiles Arbeiten<\/li>\n<li>Kollegiale, offene Unternehmenskultur mit flachen Hierarchien<\/li>\n<li>Vielf\u00e4ltige Gestaltungsm\u00f6glichkeiten und Raum f\u00fcr eigene Ideen<\/li>\n<li>Weiterbildungsm\u00f6glichkeiten und pers\u00f6nliche Entwicklungsperspektiven<\/li>\n<\/ul>\n<p><strong>Werden Sie Teil unseres erfolgreichen Teams und gestalten Sie mit uns die Zukunft der Oberfl\u00e4chenkontrolle.<\/strong><br \/>\nWir freuen uns auf Ihre aussagekr\u00e4ftige Bewerbung \u2013 gerne per E-Mail oder dem unten aufgef\u00fchrtem Link \u2013 unter Angabe Ihrer Gehaltsvorstellung und Ihres fr\u00fchestm\u00f6glichen Eintrittstermins.<\/p>\n<\/div><div class=\"fusion-alignleft\"><a class=\"fusion-button button-flat fusion-button-default-size button-default fusion-button-default button-1 fusion-button-default-span fusion-button-default-type\" style=\"--button_margin-top:5%;\" target=\"_self\" href=\"https:\/\/www.surface-controls.com\/de\/unternehmen\/karriere\/#bewerbung\"><i class=\"fa-pen fas awb-button__icon awb-button__icon--default button-icon-left\" aria-hidden=\"true\"><\/i><span class=\"fusion-button-text awb-button__text awb-button__text--default\">JETZT BEWERBEN<\/span><\/a><\/div><div class=\"fusion-clearfix\"><\/div><\/div><\/div><\/div><\/div>\n","protected":false},"excerpt":{"rendered":"","protected":false},"author":1,"featured_media":0,"parent":82,"menu_order":3,"comment_status":"closed","ping_status":"closed","template":"","meta":{"footnotes":""},"class_list":["post-3946","page","type-page","status-publish","hentry"],"yoast_head":"<!-- This site is optimized with the Yoast SEO plugin v27.4 - https:\/\/yoast.com\/product\/yoast-seo-wordpress\/ -->\n<title>Stellenangebot Total Quality Manager<\/title>\n<meta name=\"description\" content=\"Qualit\u00e4tsmanagement, Prozessoptimierung, Lieferantenmanagement, Wissensmanagement und Produktzertifizierungen\" \/>\n<meta name=\"robots\" content=\"index, follow, max-snippet:-1, max-image-preview:large, max-video-preview:-1\" \/>\n<link rel=\"canonical\" href=\"https:\/\/www.surface-controls.com\/de\/unternehmen\/karriere\/stellenangebot-total-quality-manager\/\" \/>\n<meta property=\"og:locale\" content=\"de_DE\" \/>\n<meta property=\"og:type\" content=\"article\" \/>\n<meta property=\"og:title\" content=\"Stellenangebot Total Quality Manager\" \/>\n<meta property=\"og:description\" content=\"Qualit\u00e4tsmanagement, Prozessoptimierung, Lieferantenmanagement, Wissensmanagement und Produktzertifizierungen\" \/>\n<meta property=\"og:url\" content=\"https:\/\/www.surface-controls.com\/de\/unternehmen\/karriere\/stellenangebot-total-quality-manager\/\" \/>\n<meta property=\"og:site_name\" content=\"Surface Controls\" \/>\n<meta property=\"article:modified_time\" content=\"2026-01-20T09:11:24+00:00\" \/>\n<meta name=\"twitter:card\" content=\"summary_large_image\" \/>\n<meta name=\"twitter:label1\" content=\"Gesch\u00e4tzte Lesezeit\" \/>\n\t<meta name=\"twitter:data1\" content=\"2\u00a0Minuten\" \/>\n<script type=\"application\/ld+json\" class=\"yoast-schema-graph\">{\"@context\":\"https:\\\/\\\/schema.org\",\"@graph\":[{\"@type\":\"WebPage\",\"@id\":\"https:\\\/\\\/www.surface-controls.com\\\/de\\\/unternehmen\\\/karriere\\\/stellenangebot-total-quality-manager\\\/\",\"url\":\"https:\\\/\\\/www.surface-controls.com\\\/de\\\/unternehmen\\\/karriere\\\/stellenangebot-total-quality-manager\\\/\",\"name\":\"Stellenangebot Total Quality Manager\",\"isPartOf\":{\"@id\":\"https:\\\/\\\/www.surface-controls.com\\\/de\\\/#website\"},\"datePublished\":\"2025-07-21T05:00:51+00:00\",\"dateModified\":\"2026-01-20T09:11:24+00:00\",\"description\":\"Qualit\u00e4tsmanagement, Prozessoptimierung, Lieferantenmanagement, Wissensmanagement und Produktzertifizierungen\",\"breadcrumb\":{\"@id\":\"https:\\\/\\\/www.surface-controls.com\\\/de\\\/unternehmen\\\/karriere\\\/stellenangebot-total-quality-manager\\\/#breadcrumb\"},\"inLanguage\":\"de\",\"potentialAction\":[{\"@type\":\"ReadAction\",\"target\":[\"https:\\\/\\\/www.surface-controls.com\\\/de\\\/unternehmen\\\/karriere\\\/stellenangebot-total-quality-manager\\\/\"]}]},{\"@type\":\"BreadcrumbList\",\"@id\":\"https:\\\/\\\/www.surface-controls.com\\\/de\\\/unternehmen\\\/karriere\\\/stellenangebot-total-quality-manager\\\/#breadcrumb\",\"itemListElement\":[{\"@type\":\"ListItem\",\"position\":1,\"name\":\"Startseite\",\"item\":\"https:\\\/\\\/www.surface-controls.com\\\/de\\\/\"},{\"@type\":\"ListItem\",\"position\":2,\"name\":\"Unternehmen\",\"item\":\"https:\\\/\\\/www.surface-controls.com\\\/de\\\/unternehmen\\\/\"},{\"@type\":\"ListItem\",\"position\":3,\"name\":\"Karriere\",\"item\":\"https:\\\/\\\/www.surface-controls.com\\\/de\\\/unternehmen\\\/karriere\\\/\"},{\"@type\":\"ListItem\",\"position\":4,\"name\":\"Stellenangebot Total Quality Manager (m\\\/w\\\/d)\"}]},{\"@type\":\"WebSite\",\"@id\":\"https:\\\/\\\/www.surface-controls.com\\\/de\\\/#website\",\"url\":\"https:\\\/\\\/www.surface-controls.com\\\/de\\\/\",\"name\":\"Surface Controls\",\"description\":\"Leuchten zur Oberfl\u00e4chenkontrolle\",\"potentialAction\":[{\"@type\":\"SearchAction\",\"target\":{\"@type\":\"EntryPoint\",\"urlTemplate\":\"https:\\\/\\\/www.surface-controls.com\\\/de\\\/?s={search_term_string}\"},\"query-input\":{\"@type\":\"PropertyValueSpecification\",\"valueRequired\":true,\"valueName\":\"search_term_string\"}}],\"inLanguage\":\"de\"}]}<\/script>\n<!-- \/ Yoast SEO plugin. -->","yoast_head_json":{"title":"Stellenangebot Total Quality Manager","description":"Qualit\u00e4tsmanagement, Prozessoptimierung, Lieferantenmanagement, Wissensmanagement und Produktzertifizierungen","robots":{"index":"index","follow":"follow","max-snippet":"max-snippet:-1","max-image-preview":"max-image-preview:large","max-video-preview":"max-video-preview:-1"},"canonical":"https:\/\/www.surface-controls.com\/de\/unternehmen\/karriere\/stellenangebot-total-quality-manager\/","og_locale":"de_DE","og_type":"article","og_title":"Stellenangebot Total Quality Manager","og_description":"Qualit\u00e4tsmanagement, Prozessoptimierung, Lieferantenmanagement, Wissensmanagement und Produktzertifizierungen","og_url":"https:\/\/www.surface-controls.com\/de\/unternehmen\/karriere\/stellenangebot-total-quality-manager\/","og_site_name":"Surface Controls","article_modified_time":"2026-01-20T09:11:24+00:00","twitter_card":"summary_large_image","twitter_misc":{"Gesch\u00e4tzte Lesezeit":"2\u00a0Minuten"},"schema":{"@context":"https:\/\/schema.org","@graph":[{"@type":"WebPage","@id":"https:\/\/www.surface-controls.com\/de\/unternehmen\/karriere\/stellenangebot-total-quality-manager\/","url":"https:\/\/www.surface-controls.com\/de\/unternehmen\/karriere\/stellenangebot-total-quality-manager\/","name":"Stellenangebot Total Quality Manager","isPartOf":{"@id":"https:\/\/www.surface-controls.com\/de\/#website"},"datePublished":"2025-07-21T05:00:51+00:00","dateModified":"2026-01-20T09:11:24+00:00","description":"Qualit\u00e4tsmanagement, Prozessoptimierung, Lieferantenmanagement, Wissensmanagement und Produktzertifizierungen","breadcrumb":{"@id":"https:\/\/www.surface-controls.com\/de\/unternehmen\/karriere\/stellenangebot-total-quality-manager\/#breadcrumb"},"inLanguage":"de","potentialAction":[{"@type":"ReadAction","target":["https:\/\/www.surface-controls.com\/de\/unternehmen\/karriere\/stellenangebot-total-quality-manager\/"]}]},{"@type":"BreadcrumbList","@id":"https:\/\/www.surface-controls.com\/de\/unternehmen\/karriere\/stellenangebot-total-quality-manager\/#breadcrumb","itemListElement":[{"@type":"ListItem","position":1,"name":"Startseite","item":"https:\/\/www.surface-controls.com\/de\/"},{"@type":"ListItem","position":2,"name":"Unternehmen","item":"https:\/\/www.surface-controls.com\/de\/unternehmen\/"},{"@type":"ListItem","position":3,"name":"Karriere","item":"https:\/\/www.surface-controls.com\/de\/unternehmen\/karriere\/"},{"@type":"ListItem","position":4,"name":"Stellenangebot Total Quality Manager (m\/w\/d)"}]},{"@type":"WebSite","@id":"https:\/\/www.surface-controls.com\/de\/#website","url":"https:\/\/www.surface-controls.com\/de\/","name":"Surface Controls","description":"Leuchten zur Oberfl\u00e4chenkontrolle","potentialAction":[{"@type":"SearchAction","target":{"@type":"EntryPoint","urlTemplate":"https:\/\/www.surface-controls.com\/de\/?s={search_term_string}"},"query-input":{"@type":"PropertyValueSpecification","valueRequired":true,"valueName":"search_term_string"}}],"inLanguage":"de"}]}},"_links":{"self":[{"href":"https:\/\/www.surface-controls.com\/de\/wp-json\/wp\/v2\/pages\/3946","targetHints":{"allow":["GET"]}}],"collection":[{"href":"https:\/\/www.surface-controls.com\/de\/wp-json\/wp\/v2\/pages"}],"about":[{"href":"https:\/\/www.surface-controls.com\/de\/wp-json\/wp\/v2\/types\/page"}],"author":[{"embeddable":true,"href":"https:\/\/www.surface-controls.com\/de\/wp-json\/wp\/v2\/users\/1"}],"replies":[{"embeddable":true,"href":"https:\/\/www.surface-controls.com\/de\/wp-json\/wp\/v2\/comments?post=3946"}],"version-history":[{"count":7,"href":"https:\/\/www.surface-controls.com\/de\/wp-json\/wp\/v2\/pages\/3946\/revisions"}],"predecessor-version":[{"id":7074,"href":"https:\/\/www.surface-controls.com\/de\/wp-json\/wp\/v2\/pages\/3946\/revisions\/7074"}],"up":[{"embeddable":true,"href":"https:\/\/www.surface-controls.com\/de\/wp-json\/wp\/v2\/pages\/82"}],"wp:attachment":[{"href":"https:\/\/www.surface-controls.com\/de\/wp-json\/wp\/v2\/media?parent=3946"}],"curies":[{"name":"wp","href":"https:\/\/api.w.org\/{rel}","templated":true}]}}