{"id":40,"date":"2019-04-09T11:35:45","date_gmt":"2019-04-09T11:35:45","guid":{"rendered":"https:\/\/www.surface-controls.com\/?page_id=40"},"modified":"2025-03-06T13:40:46","modified_gmt":"2025-03-06T13:40:46","slug":"farbkontrolloptiken","status":"publish","type":"page","link":"https:\/\/www.surface-controls.com\/de\/farbabmusterung-mit-licht\/farbkontrolloptiken\/","title":{"rendered":"ColorControlOptiken"},"content":{"rendered":"<div class=\"fusion-fullwidth fullwidth-box fusion-builder-row-1 nonhundred-percent-fullwidth non-hundred-percent-height-scrolling\" style=\"--awb-border-radius-top-left:0px;--awb-border-radius-top-right:0px;--awb-border-radius-bottom-right:0px;--awb-border-radius-bottom-left:0px;--awb-flex-wrap:wrap;\" ><div class=\"fusion-builder-row fusion-row\"><div class=\"fusion-layout-column fusion_builder_column fusion-builder-column-0 fusion_builder_column_1_1 1_1 fusion-one-full fusion-column-first fusion-column-last\" style=\"--awb-bg-size:cover;--awb-margin-bottom:0px;\"><div class=\"fusion-column-wrapper fusion-column-has-shadow fusion-flex-column-wrapper-legacy\"><div class=\"fusion-title title fusion-title-1 fusion-title-center fusion-title-text fusion-title-size-one\" style=\"--awb-margin-bottom:5%;\"><div class=\"title-sep-container title-sep-container-left\"><div class=\"title-sep sep- sep-solid\" style=\"border-color:#e0dede;\"><\/div><\/div><span class=\"awb-title-spacer\"><\/span><h1 class=\"fusion-title-heading title-heading-center fusion-responsive-typography-calculated\" style=\"margin:0;--fontSize:34;line-height:1.41;\">ColorControlOptiken<\/h1><span class=\"awb-title-spacer\"><\/span><div class=\"title-sep-container title-sep-container-right\"><div class=\"title-sep sep- sep-solid\" style=\"border-color:#e0dede;\"><\/div><\/div><\/div><div class=\"fusion-sep-clear\"><\/div><div class=\"fusion-separator fusion-full-width-sep\" style=\"margin-left: auto;margin-right: auto;margin-top:0px;margin-bottom:0px;width:100%;\"><div class=\"fusion-separator-border sep-single sep-solid\" style=\"--awb-height:20px;--awb-amount:20px;--awb-sep-color:#870c30;border-color:#870c30;border-top-width:5px;\"><\/div><\/div><div class=\"fusion-sep-clear\"><\/div><div class=\"fusion-clearfix\"><\/div><\/div><\/div><div class=\"fusion-layout-column fusion_builder_column fusion-builder-column-1 fusion_builder_column_1_1 1_1 fusion-one-full fusion-column-first fusion-column-last green-border rounded-border\" style=\"--awb-padding-top:5%;--awb-padding-right:5%;--awb-padding-bottom:5%;--awb-padding-left:5%;--awb-bg-color:#ffffff;--awb-bg-color-hover:#ffffff;--awb-bg-size:cover;\"><div class=\"fusion-column-wrapper fusion-column-has-shadow fusion-flex-column-wrapper-legacy\"><div class=\"fusion-text fusion-text-1\"><h3>NORMIERTES LICHT F\u00dcR DIE ERKENNUNG VON FARBABWEICHUNGEN<\/h3>\n<h4>Vorteile<\/h4>\n<p>Die Nutzung des ColorMatching-Systems der OLIGO Lichttechnik GmbH \u2013 surface controls erm\u00f6glicht eine Vielzahl von Nutzungsm\u00f6glichkeiten:<\/p>\n<ul>\n<li>Homogene Ausleuchtung der zu pr\u00fcfenden Oberfl\u00e4chen<\/li>\n<li>Reale Abbildung des nat\u00fcrlichen Tageslichtes \u00fcber einen kompletten Tageszyklus (z.B. Sonnenaufgang, Sonnenuntergang)<\/li>\n<li>Abbildung der Normlichtarten<\/li>\n<li>Einstellung fester Farbtemperaturen nach DIN 6173 Teil 2 m\u00f6glich<\/li>\n<li>Darstellung der drei wichtigsten Funktionsprinzipien: Normlichtsimulation, Fehlfarbenverst\u00e4rkung, Tageslichtsimulation<\/li>\n<li>Farbtemperaturen von 2700 K bis 6500 K stufenlos einstellbar<\/li>\n<li>Anpassung der Beleuchtungsst\u00e4rke in Abh\u00e4ngigkeit des Objektkontrastes<\/li>\n<li>Leuchtmittel werden vor der Montage nach speziellen Abl\u00e4ufen eingebrannt und kalibriert<\/li>\n<li>Multifunktionale Nutzung der ColorMatching-Kabine durch Zusatzmodule m\u00f6glich (z.B. als Oberfl\u00e4chenfehler-Pr\u00fcfplatz, f\u00fcr die Pr\u00fcfung und Erkennung von Oberfl\u00e4chenfehlern, wie Pickel, Beulen, Dellen usw. oder zur Sonnenlichtsimulation um Polier- und Schleiffehler sichtbar zu machen)<\/li>\n<\/ul>\n<\/div><div class=\"fusion-sep-clear\"><\/div><div class=\"fusion-separator fusion-full-width-sep\" style=\"margin-left: auto;margin-right: auto;width:100%;\"><\/div><div class=\"fusion-sep-clear\"><\/div><div class=\"fusion-aligncenter\"><a class=\"fusion-button button-flat fusion-button-default-size button-default fusion-button-default button-1 fusion-button-default-span fusion-button-default-type\" target=\"_self\" href=\"https:\/\/www.surface-controls.com\/de\/produkte\/farbabmusterung\/\"><span class=\"fusion-button-text awb-button__text awb-button__text--default\">Zu den Produkten<\/span><\/a><\/div><div class=\"fusion-clearfix\"><\/div><\/div><\/div><\/div><\/div>\n","protected":false},"excerpt":{"rendered":"","protected":false},"author":1,"featured_media":0,"parent":34,"menu_order":3,"comment_status":"closed","ping_status":"closed","template":"","meta":{"footnotes":""},"class_list":["post-40","page","type-page","status-publish","hentry"],"yoast_head":"<!-- This site is optimized with the Yoast SEO plugin v27.4 - https:\/\/yoast.com\/product\/yoast-seo-wordpress\/ -->\n<title>ColorControlOptiken f\u00fcr homogenes Licht bei der Farbabmusterung<\/title>\n<meta name=\"description\" content=\"Die OLIGO Leuchten zur Farbabmusterung bieten viele Vorteile in der Qualit\u00e4tskontrolle. So wird z.B. eine homogene Ausleuchtung der Oberfl\u00e4chen geschaffen.\" \/>\n<meta name=\"robots\" content=\"index, follow, max-snippet:-1, max-image-preview:large, max-video-preview:-1\" \/>\n<link rel=\"canonical\" href=\"https:\/\/www.surface-controls.com\/de\/farbabmusterung-mit-licht\/farbkontrolloptiken\/\" \/>\n<meta property=\"og:locale\" content=\"de_DE\" \/>\n<meta property=\"og:type\" content=\"article\" \/>\n<meta property=\"og:title\" content=\"ColorControlOptiken f\u00fcr homogenes Licht bei der Farbabmusterung\" \/>\n<meta property=\"og:description\" content=\"Die OLIGO Leuchten zur Farbabmusterung bieten viele Vorteile in der Qualit\u00e4tskontrolle. So wird z.B. eine homogene Ausleuchtung der Oberfl\u00e4chen geschaffen.\" \/>\n<meta property=\"og:url\" content=\"https:\/\/www.surface-controls.com\/de\/farbabmusterung-mit-licht\/farbkontrolloptiken\/\" \/>\n<meta property=\"og:site_name\" content=\"Surface Controls\" \/>\n<meta property=\"article:modified_time\" content=\"2025-03-06T13:40:46+00:00\" \/>\n<meta name=\"twitter:card\" content=\"summary_large_image\" \/>\n<meta name=\"twitter:label1\" content=\"Gesch\u00e4tzte Lesezeit\" \/>\n\t<meta name=\"twitter:data1\" content=\"1\u00a0Minute\" \/>\n<script type=\"application\/ld+json\" class=\"yoast-schema-graph\">{\"@context\":\"https:\\\/\\\/schema.org\",\"@graph\":[{\"@type\":\"WebPage\",\"@id\":\"https:\\\/\\\/www.surface-controls.com\\\/de\\\/farbabmusterung-mit-licht\\\/farbkontrolloptiken\\\/\",\"url\":\"https:\\\/\\\/www.surface-controls.com\\\/de\\\/farbabmusterung-mit-licht\\\/farbkontrolloptiken\\\/\",\"name\":\"ColorControlOptiken f\u00fcr homogenes Licht bei der Farbabmusterung\",\"isPartOf\":{\"@id\":\"https:\\\/\\\/www.surface-controls.com\\\/de\\\/#website\"},\"datePublished\":\"2019-04-09T11:35:45+00:00\",\"dateModified\":\"2025-03-06T13:40:46+00:00\",\"description\":\"Die OLIGO Leuchten zur Farbabmusterung bieten viele Vorteile in der Qualit\u00e4tskontrolle. So wird z.B. eine homogene Ausleuchtung der Oberfl\u00e4chen geschaffen.\",\"breadcrumb\":{\"@id\":\"https:\\\/\\\/www.surface-controls.com\\\/de\\\/farbabmusterung-mit-licht\\\/farbkontrolloptiken\\\/#breadcrumb\"},\"inLanguage\":\"de\",\"potentialAction\":[{\"@type\":\"ReadAction\",\"target\":[\"https:\\\/\\\/www.surface-controls.com\\\/de\\\/farbabmusterung-mit-licht\\\/farbkontrolloptiken\\\/\"]}]},{\"@type\":\"BreadcrumbList\",\"@id\":\"https:\\\/\\\/www.surface-controls.com\\\/de\\\/farbabmusterung-mit-licht\\\/farbkontrolloptiken\\\/#breadcrumb\",\"itemListElement\":[{\"@type\":\"ListItem\",\"position\":1,\"name\":\"Startseite\",\"item\":\"https:\\\/\\\/www.surface-controls.com\\\/de\\\/\"},{\"@type\":\"ListItem\",\"position\":2,\"name\":\"ColorMatching\",\"item\":\"https:\\\/\\\/www.surface-controls.com\\\/de\\\/farbabmusterung-mit-licht\\\/\"},{\"@type\":\"ListItem\",\"position\":3,\"name\":\"ColorControlOptiken\"}]},{\"@type\":\"WebSite\",\"@id\":\"https:\\\/\\\/www.surface-controls.com\\\/de\\\/#website\",\"url\":\"https:\\\/\\\/www.surface-controls.com\\\/de\\\/\",\"name\":\"Surface Controls\",\"description\":\"Leuchten zur Oberfl\u00e4chenkontrolle\",\"potentialAction\":[{\"@type\":\"SearchAction\",\"target\":{\"@type\":\"EntryPoint\",\"urlTemplate\":\"https:\\\/\\\/www.surface-controls.com\\\/de\\\/?s={search_term_string}\"},\"query-input\":{\"@type\":\"PropertyValueSpecification\",\"valueRequired\":true,\"valueName\":\"search_term_string\"}}],\"inLanguage\":\"de\"}]}<\/script>\n<!-- \/ Yoast SEO plugin. -->","yoast_head_json":{"title":"ColorControlOptiken f\u00fcr homogenes Licht bei der Farbabmusterung","description":"Die OLIGO Leuchten zur Farbabmusterung bieten viele Vorteile in der Qualit\u00e4tskontrolle. So wird z.B. eine homogene Ausleuchtung der Oberfl\u00e4chen geschaffen.","robots":{"index":"index","follow":"follow","max-snippet":"max-snippet:-1","max-image-preview":"max-image-preview:large","max-video-preview":"max-video-preview:-1"},"canonical":"https:\/\/www.surface-controls.com\/de\/farbabmusterung-mit-licht\/farbkontrolloptiken\/","og_locale":"de_DE","og_type":"article","og_title":"ColorControlOptiken f\u00fcr homogenes Licht bei der Farbabmusterung","og_description":"Die OLIGO Leuchten zur Farbabmusterung bieten viele Vorteile in der Qualit\u00e4tskontrolle. So wird z.B. eine homogene Ausleuchtung der Oberfl\u00e4chen geschaffen.","og_url":"https:\/\/www.surface-controls.com\/de\/farbabmusterung-mit-licht\/farbkontrolloptiken\/","og_site_name":"Surface Controls","article_modified_time":"2025-03-06T13:40:46+00:00","twitter_card":"summary_large_image","twitter_misc":{"Gesch\u00e4tzte Lesezeit":"1\u00a0Minute"},"schema":{"@context":"https:\/\/schema.org","@graph":[{"@type":"WebPage","@id":"https:\/\/www.surface-controls.com\/de\/farbabmusterung-mit-licht\/farbkontrolloptiken\/","url":"https:\/\/www.surface-controls.com\/de\/farbabmusterung-mit-licht\/farbkontrolloptiken\/","name":"ColorControlOptiken f\u00fcr homogenes Licht bei der Farbabmusterung","isPartOf":{"@id":"https:\/\/www.surface-controls.com\/de\/#website"},"datePublished":"2019-04-09T11:35:45+00:00","dateModified":"2025-03-06T13:40:46+00:00","description":"Die OLIGO Leuchten zur Farbabmusterung bieten viele Vorteile in der Qualit\u00e4tskontrolle. So wird z.B. eine homogene Ausleuchtung der Oberfl\u00e4chen geschaffen.","breadcrumb":{"@id":"https:\/\/www.surface-controls.com\/de\/farbabmusterung-mit-licht\/farbkontrolloptiken\/#breadcrumb"},"inLanguage":"de","potentialAction":[{"@type":"ReadAction","target":["https:\/\/www.surface-controls.com\/de\/farbabmusterung-mit-licht\/farbkontrolloptiken\/"]}]},{"@type":"BreadcrumbList","@id":"https:\/\/www.surface-controls.com\/de\/farbabmusterung-mit-licht\/farbkontrolloptiken\/#breadcrumb","itemListElement":[{"@type":"ListItem","position":1,"name":"Startseite","item":"https:\/\/www.surface-controls.com\/de\/"},{"@type":"ListItem","position":2,"name":"ColorMatching","item":"https:\/\/www.surface-controls.com\/de\/farbabmusterung-mit-licht\/"},{"@type":"ListItem","position":3,"name":"ColorControlOptiken"}]},{"@type":"WebSite","@id":"https:\/\/www.surface-controls.com\/de\/#website","url":"https:\/\/www.surface-controls.com\/de\/","name":"Surface Controls","description":"Leuchten zur Oberfl\u00e4chenkontrolle","potentialAction":[{"@type":"SearchAction","target":{"@type":"EntryPoint","urlTemplate":"https:\/\/www.surface-controls.com\/de\/?s={search_term_string}"},"query-input":{"@type":"PropertyValueSpecification","valueRequired":true,"valueName":"search_term_string"}}],"inLanguage":"de"}]}},"_links":{"self":[{"href":"https:\/\/www.surface-controls.com\/de\/wp-json\/wp\/v2\/pages\/40","targetHints":{"allow":["GET"]}}],"collection":[{"href":"https:\/\/www.surface-controls.com\/de\/wp-json\/wp\/v2\/pages"}],"about":[{"href":"https:\/\/www.surface-controls.com\/de\/wp-json\/wp\/v2\/types\/page"}],"author":[{"embeddable":true,"href":"https:\/\/www.surface-controls.com\/de\/wp-json\/wp\/v2\/users\/1"}],"replies":[{"embeddable":true,"href":"https:\/\/www.surface-controls.com\/de\/wp-json\/wp\/v2\/comments?post=40"}],"version-history":[{"count":37,"href":"https:\/\/www.surface-controls.com\/de\/wp-json\/wp\/v2\/pages\/40\/revisions"}],"predecessor-version":[{"id":6463,"href":"https:\/\/www.surface-controls.com\/de\/wp-json\/wp\/v2\/pages\/40\/revisions\/6463"}],"up":[{"embeddable":true,"href":"https:\/\/www.surface-controls.com\/de\/wp-json\/wp\/v2\/pages\/34"}],"wp:attachment":[{"href":"https:\/\/www.surface-controls.com\/de\/wp-json\/wp\/v2\/media?parent=40"}],"curies":[{"name":"wp","href":"https:\/\/api.w.org\/{rel}","templated":true}]}}