{"id":45,"date":"2019-04-09T11:42:02","date_gmt":"2019-04-09T11:42:02","guid":{"rendered":"https:\/\/www.surface-controls.com\/?page_id=45"},"modified":"2020-11-24T14:57:52","modified_gmt":"2020-11-24T14:57:52","slug":"fallstudie","status":"publish","type":"page","link":"https:\/\/www.surface-controls.com\/de\/farbabmusterung-mit-licht\/fallstudie\/","title":{"rendered":"Fallstudie"},"content":{"rendered":"<div class=\"fusion-fullwidth fullwidth-box fusion-builder-row-1 nonhundred-percent-fullwidth non-hundred-percent-height-scrolling\" style=\"--awb-border-radius-top-left:0px;--awb-border-radius-top-right:0px;--awb-border-radius-bottom-right:0px;--awb-border-radius-bottom-left:0px;--awb-padding-top:0px;--awb-padding-bottom:0px;--awb-flex-wrap:wrap;\" ><div class=\"fusion-builder-row fusion-row\"><div class=\"fusion-layout-column fusion_builder_column fusion-builder-column-0 fusion_builder_column_1_1 1_1 fusion-one-full fusion-column-first fusion-column-last\" style=\"--awb-bg-size:cover;--awb-margin-bottom:0px;\"><div class=\"fusion-column-wrapper fusion-column-has-shadow fusion-flex-column-wrapper-legacy\"><div class=\"fusion-title title fusion-title-1 fusion-title-center fusion-title-text fusion-title-size-one\" style=\"--awb-margin-bottom:30px;\"><div class=\"title-sep-container title-sep-container-left\"><div class=\"title-sep sep- sep-solid\" style=\"border-color:#e0dede;\"><\/div><\/div><span class=\"awb-title-spacer\"><\/span><h1 class=\"fusion-title-heading title-heading-center fusion-responsive-typography-calculated\" style=\"margin:0;--fontSize:34;line-height:1.41;\">Fallstudie zur Farbabmusterung<\/h1><span class=\"awb-title-spacer\"><\/span><div class=\"title-sep-container title-sep-container-right\"><div class=\"title-sep sep- sep-solid\" style=\"border-color:#e0dede;\"><\/div><\/div><\/div><div class=\"fusion-sep-clear\"><\/div><div class=\"fusion-separator fusion-full-width-sep\" style=\"margin-left: auto;margin-right: auto;margin-top:0px;margin-bottom:0px;width:100%;\"><div class=\"fusion-separator-border sep-single sep-solid\" style=\"--awb-height:20px;--awb-amount:20px;--awb-sep-color:#870c30;border-color:#870c30;border-top-width:5px;\"><\/div><\/div><div class=\"fusion-sep-clear\"><\/div><div class=\"fusion-clearfix\"><\/div><\/div><\/div><div class=\"fusion-layout-column fusion_builder_column fusion-builder-column-1 fusion_builder_column_1_1 1_1 fusion-one-full fusion-column-first fusion-column-last green-border rounded-border\" style=\"--awb-padding-top:5%;--awb-padding-right:5%;--awb-padding-bottom:5%;--awb-padding-left:5%;--awb-bg-color:#ffffff;--awb-bg-color-hover:#ffffff;--awb-bg-size:cover;\"><div class=\"fusion-column-wrapper fusion-column-has-shadow fusion-flex-column-wrapper-legacy\"><div class=\"fusion-text fusion-text-1\"><h2>ColorMatchingKabine<\/h2>\n<p><strong>AUDI AG, Werk Neckarsulm<\/strong><\/p>\n<h4>Ausgangssituation<\/h4>\n<p>Die Audi AG ist bekannt f\u00fcr hohe Qualit\u00e4tsanspr\u00fcche. Im Werk Neckarsulm produziert sie Fahrzeuge im oberen Marktsegment. In der Vergangenheit war es dort nicht m\u00f6glich, komplette Fahrzeuge im Innen- und Au\u00dfenbereich unter verschiedenen Lichtsituationen zu bewerten und zu analysieren. Im Rahmen des kontinuierlichen Verbesserungsprozesses beauftragte die Audi AG in Neckarsulm die surface controls einen geeigneten Raum zu schaffen, in dem ein komplettes Fahrzeug unter verschiedenen Lichtszenarien, zur Ermittlung von Farbtonauff\u00e4lligkeiten, begutachtet werden kann.<\/p>\n<h4>Vorgehensweise \/ Herausforderung<\/h4>\n<p>In Zusammenarbeit mit den Ingenieuren der Audi AG in Neckarsulm wurden die verschiedenen M\u00f6glichkeiten und Vorstellungen zum Thema ColorMatching, wie auch die \u00f6rtlichen Gegebenheiten, analysiert und aufgenommen. Die Funktionen des ColorMatchingSystems sowie die verschiedenen Lichtfarben wurden vorab genau festgelegt. Die Audi AG im Werk Neckarsulm entschied, mittels einer halbautomatischen Farbsteuerung die verschiedenen Lichtszenarien zu realisieren. Eine besondere Herausforderung war die Integration des Systems in den bereits bestehenden Auditbereich, ohne die bestehenden Auditabl\u00e4ufe zu beeinflussen. Gleichzeitig sollten die vorhandenen Auditabl\u00e4ufe optimiert werden.<\/p>\n<h4>L\u00f6sung<\/h4>\n<p>Es wurde eine ColorMatchingKabine realisiert, die optimal auf die Bed\u00fcrfnisse und Anspr\u00fcche der Audi AG in Neckarsulm abgestimmt wurde. Die Farbabmusterung wurde wesentlich vereinfacht. Eine exakte Bewertung des gesamten Fahrzeuges kann unter stets gleichbleibenden Bedingungen gew\u00e4hrleistet werden. Gleichzeitig besteht die M\u00f6glichkeit, eine Vielzahl von Beurteilungen an ein und demselben Ort witterungsunabh\u00e4ngig durch zuf\u00fchren. Aufgrund der hervorragenden Auditierungsm\u00f6glichkeiten hat sich das ColorMatchingSystem der surface controls im Unternehmen erfolgreich bew\u00e4hrt. Die Audi AG in Neckarsulm zieht in Betracht, weitere Systeme in anderen Werken, auch international, einzusetzen.<\/p>\n<\/div><div class=\"fusion-clearfix\"><\/div><\/div><\/div><div class=\"fusion-layout-column fusion_builder_column fusion-builder-column-2 fusion_builder_column_1_3 1_3 fusion-one-third fusion-column-first\" style=\"--awb-padding-top:3%;--awb-padding-right:3%;--awb-padding-bottom:3%;--awb-padding-left:3%;--awb-bg-color:#ffffff;--awb-bg-color-hover:#ffffff;--awb-bg-size:cover;width:33.333333333333%;width:calc(33.333333333333% - ( ( 4% + 4% ) * 0.33333333333333 ) );margin-right: 4%;\"><div class=\"fusion-column-wrapper fusion-column-has-shadow fusion-flex-column-wrapper-legacy\"><div class=\"fusion-image-element in-legacy-container\" style=\"--awb-caption-title-font-family:var(--h2_typography-font-family);--awb-caption-title-font-weight:var(--h2_typography-font-weight);--awb-caption-title-font-style:var(--h2_typography-font-style);--awb-caption-title-size:var(--h2_typography-font-size);--awb-caption-title-transform:var(--h2_typography-text-transform);--awb-caption-title-line-height:var(--h2_typography-line-height);--awb-caption-title-letter-spacing:var(--h2_typography-letter-spacing);\"><span class=\" fusion-imageframe imageframe-none imageframe-1 hover-type-none\"><img decoding=\"async\" width=\"338\" height=\"253\" alt=\"Farbabmusterungskabine bei Audi in Neckarsulm\" title=\"Qualit\u00e4tskontrolle bei Audi in Neckarsulm\" src=\"https:\/\/www.surface-controls.com\/wp-content\/uploads\/2019\/06\/case-study-cco-1.jpg\" class=\"img-responsive wp-image-1513\" srcset=\"https:\/\/www.surface-controls.com\/wp-content\/uploads\/2019\/06\/case-study-cco-1-200x150.jpg 200w, https:\/\/www.surface-controls.com\/wp-content\/uploads\/2019\/06\/case-study-cco-1.jpg 338w\" sizes=\"(max-width: 850px) 100vw, 338px\" \/><\/span><\/div><div class=\"fusion-clearfix\"><\/div><\/div><\/div><div class=\"fusion-layout-column fusion_builder_column fusion-builder-column-3 fusion_builder_column_1_3 1_3 fusion-one-third\" style=\"--awb-padding-top:3%;--awb-padding-right:3%;--awb-padding-bottom:3%;--awb-padding-left:3%;--awb-bg-color:#ffffff;--awb-bg-color-hover:#ffffff;--awb-bg-size:cover;width:33.333333333333%;width:calc(33.333333333333% - ( ( 4% + 4% ) * 0.33333333333333 ) );margin-right: 4%;\"><div class=\"fusion-column-wrapper fusion-column-has-shadow fusion-flex-column-wrapper-legacy\"><div class=\"fusion-image-element in-legacy-container\" style=\"--awb-caption-title-font-family:var(--h2_typography-font-family);--awb-caption-title-font-weight:var(--h2_typography-font-weight);--awb-caption-title-font-style:var(--h2_typography-font-style);--awb-caption-title-size:var(--h2_typography-font-size);--awb-caption-title-transform:var(--h2_typography-text-transform);--awb-caption-title-line-height:var(--h2_typography-line-height);--awb-caption-title-letter-spacing:var(--h2_typography-letter-spacing);\"><span class=\" fusion-imageframe imageframe-none imageframe-2 hover-type-none\"><img decoding=\"async\" width=\"338\" height=\"253\" alt=\"Qualit\u00e4tskontrolle der Farbe beim lackierten Audi\" title=\"Lackkontrolle in einer ColorMatchingKabine von OLIGO surface controls\" src=\"https:\/\/www.surface-controls.com\/wp-content\/uploads\/2019\/06\/case-study-cco-2.jpg\" class=\"img-responsive wp-image-1514\" srcset=\"https:\/\/www.surface-controls.com\/wp-content\/uploads\/2019\/06\/case-study-cco-2-200x150.jpg 200w, https:\/\/www.surface-controls.com\/wp-content\/uploads\/2019\/06\/case-study-cco-2.jpg 338w\" sizes=\"(max-width: 850px) 100vw, 338px\" \/><\/span><\/div><div class=\"fusion-clearfix\"><\/div><\/div><\/div><div class=\"fusion-layout-column fusion_builder_column fusion-builder-column-4 fusion_builder_column_1_3 1_3 fusion-one-third fusion-column-last\" style=\"--awb-padding-top:3%;--awb-padding-right:3%;--awb-padding-bottom:3%;--awb-padding-left:3%;--awb-bg-color:#ffffff;--awb-bg-color-hover:#ffffff;--awb-bg-size:cover;width:33.333333333333%;width:calc(33.333333333333% - ( ( 4% + 4% ) * 0.33333333333333 ) );\"><div class=\"fusion-column-wrapper fusion-column-has-shadow fusion-flex-column-wrapper-legacy\"><div class=\"fusion-image-element in-legacy-container\" style=\"--awb-caption-title-font-family:var(--h2_typography-font-family);--awb-caption-title-font-weight:var(--h2_typography-font-weight);--awb-caption-title-font-style:var(--h2_typography-font-style);--awb-caption-title-size:var(--h2_typography-font-size);--awb-caption-title-transform:var(--h2_typography-text-transform);--awb-caption-title-line-height:var(--h2_typography-line-height);--awb-caption-title-letter-spacing:var(--h2_typography-letter-spacing);\"><span class=\" fusion-imageframe imageframe-none imageframe-3 hover-type-none\"><img decoding=\"async\" width=\"338\" height=\"253\" alt=\"Qualit\u00e4tskontrolle des Lacks bei Audi\" title=\"Lackkontrolle bei Audi in Neckarsulm\" src=\"https:\/\/www.surface-controls.com\/wp-content\/uploads\/2019\/06\/case-study-cco-3.jpg\" class=\"img-responsive wp-image-1515\" srcset=\"https:\/\/www.surface-controls.com\/wp-content\/uploads\/2019\/06\/case-study-cco-3-200x150.jpg 200w, https:\/\/www.surface-controls.com\/wp-content\/uploads\/2019\/06\/case-study-cco-3.jpg 338w\" sizes=\"(max-width: 850px) 100vw, 338px\" \/><\/span><\/div><div class=\"fusion-clearfix\"><\/div><\/div><\/div><\/div><\/div>\n","protected":false},"excerpt":{"rendered":"","protected":false},"author":1,"featured_media":0,"parent":34,"menu_order":5,"comment_status":"closed","ping_status":"closed","template":"","meta":{"footnotes":""},"class_list":["post-45","page","type-page","status-publish","hentry"],"yoast_head":"<!-- This site is optimized with the Yoast SEO plugin v27.4 - https:\/\/yoast.com\/product\/yoast-seo-wordpress\/ -->\n<title>Realisierung einer ColorMatching Kabine bei AUDI Neckarsulm<\/title>\n<meta name=\"description\" content=\"Die ColorMatching Kabine wurde auf die Anforderungen von AUDI abgestimmt und dadurch wurde die Farbabmusterung wesentlich vereinfacht.\" \/>\n<meta name=\"robots\" content=\"index, follow, max-snippet:-1, max-image-preview:large, max-video-preview:-1\" \/>\n<link rel=\"canonical\" href=\"https:\/\/www.surface-controls.com\/de\/farbabmusterung-mit-licht\/fallstudie\/\" \/>\n<meta property=\"og:locale\" content=\"de_DE\" \/>\n<meta property=\"og:type\" content=\"article\" \/>\n<meta property=\"og:title\" content=\"Realisierung einer ColorMatching Kabine bei AUDI Neckarsulm\" \/>\n<meta property=\"og:description\" content=\"Die ColorMatching Kabine wurde auf die Anforderungen von AUDI abgestimmt und dadurch wurde die Farbabmusterung wesentlich vereinfacht.\" \/>\n<meta property=\"og:url\" content=\"https:\/\/www.surface-controls.com\/de\/farbabmusterung-mit-licht\/fallstudie\/\" \/>\n<meta property=\"og:site_name\" content=\"Surface Controls\" \/>\n<meta property=\"article:modified_time\" content=\"2020-11-24T14:57:52+00:00\" \/>\n<meta name=\"twitter:card\" content=\"summary_large_image\" \/>\n<meta name=\"twitter:label1\" content=\"Gesch\u00e4tzte Lesezeit\" \/>\n\t<meta name=\"twitter:data1\" content=\"7\u00a0Minuten\" \/>\n<script type=\"application\/ld+json\" class=\"yoast-schema-graph\">{\"@context\":\"https:\\\/\\\/schema.org\",\"@graph\":[{\"@type\":\"WebPage\",\"@id\":\"https:\\\/\\\/www.surface-controls.com\\\/de\\\/farbabmusterung-mit-licht\\\/fallstudie\\\/\",\"url\":\"https:\\\/\\\/www.surface-controls.com\\\/de\\\/farbabmusterung-mit-licht\\\/fallstudie\\\/\",\"name\":\"Realisierung einer ColorMatching Kabine bei AUDI Neckarsulm\",\"isPartOf\":{\"@id\":\"https:\\\/\\\/www.surface-controls.com\\\/de\\\/#website\"},\"datePublished\":\"2019-04-09T11:42:02+00:00\",\"dateModified\":\"2020-11-24T14:57:52+00:00\",\"description\":\"Die ColorMatching Kabine wurde auf die Anforderungen von AUDI abgestimmt und dadurch wurde die Farbabmusterung wesentlich vereinfacht.\",\"breadcrumb\":{\"@id\":\"https:\\\/\\\/www.surface-controls.com\\\/de\\\/farbabmusterung-mit-licht\\\/fallstudie\\\/#breadcrumb\"},\"inLanguage\":\"de\",\"potentialAction\":[{\"@type\":\"ReadAction\",\"target\":[\"https:\\\/\\\/www.surface-controls.com\\\/de\\\/farbabmusterung-mit-licht\\\/fallstudie\\\/\"]}]},{\"@type\":\"BreadcrumbList\",\"@id\":\"https:\\\/\\\/www.surface-controls.com\\\/de\\\/farbabmusterung-mit-licht\\\/fallstudie\\\/#breadcrumb\",\"itemListElement\":[{\"@type\":\"ListItem\",\"position\":1,\"name\":\"Startseite\",\"item\":\"https:\\\/\\\/www.surface-controls.com\\\/de\\\/\"},{\"@type\":\"ListItem\",\"position\":2,\"name\":\"ColorMatching\",\"item\":\"https:\\\/\\\/www.surface-controls.com\\\/de\\\/farbabmusterung-mit-licht\\\/\"},{\"@type\":\"ListItem\",\"position\":3,\"name\":\"Fallstudie\"}]},{\"@type\":\"WebSite\",\"@id\":\"https:\\\/\\\/www.surface-controls.com\\\/de\\\/#website\",\"url\":\"https:\\\/\\\/www.surface-controls.com\\\/de\\\/\",\"name\":\"Surface Controls\",\"description\":\"Leuchten zur Oberfl\u00e4chenkontrolle\",\"potentialAction\":[{\"@type\":\"SearchAction\",\"target\":{\"@type\":\"EntryPoint\",\"urlTemplate\":\"https:\\\/\\\/www.surface-controls.com\\\/de\\\/?s={search_term_string}\"},\"query-input\":{\"@type\":\"PropertyValueSpecification\",\"valueRequired\":true,\"valueName\":\"search_term_string\"}}],\"inLanguage\":\"de\"}]}<\/script>\n<!-- \/ Yoast SEO plugin. -->","yoast_head_json":{"title":"Realisierung einer ColorMatching Kabine bei AUDI Neckarsulm","description":"Die ColorMatching Kabine wurde auf die Anforderungen von AUDI abgestimmt und dadurch wurde die Farbabmusterung wesentlich vereinfacht.","robots":{"index":"index","follow":"follow","max-snippet":"max-snippet:-1","max-image-preview":"max-image-preview:large","max-video-preview":"max-video-preview:-1"},"canonical":"https:\/\/www.surface-controls.com\/de\/farbabmusterung-mit-licht\/fallstudie\/","og_locale":"de_DE","og_type":"article","og_title":"Realisierung einer ColorMatching Kabine bei AUDI Neckarsulm","og_description":"Die ColorMatching Kabine wurde auf die Anforderungen von AUDI abgestimmt und dadurch wurde die Farbabmusterung wesentlich vereinfacht.","og_url":"https:\/\/www.surface-controls.com\/de\/farbabmusterung-mit-licht\/fallstudie\/","og_site_name":"Surface Controls","article_modified_time":"2020-11-24T14:57:52+00:00","twitter_card":"summary_large_image","twitter_misc":{"Gesch\u00e4tzte Lesezeit":"7\u00a0Minuten"},"schema":{"@context":"https:\/\/schema.org","@graph":[{"@type":"WebPage","@id":"https:\/\/www.surface-controls.com\/de\/farbabmusterung-mit-licht\/fallstudie\/","url":"https:\/\/www.surface-controls.com\/de\/farbabmusterung-mit-licht\/fallstudie\/","name":"Realisierung einer ColorMatching Kabine bei AUDI Neckarsulm","isPartOf":{"@id":"https:\/\/www.surface-controls.com\/de\/#website"},"datePublished":"2019-04-09T11:42:02+00:00","dateModified":"2020-11-24T14:57:52+00:00","description":"Die ColorMatching Kabine wurde auf die Anforderungen von AUDI abgestimmt und dadurch wurde die Farbabmusterung wesentlich vereinfacht.","breadcrumb":{"@id":"https:\/\/www.surface-controls.com\/de\/farbabmusterung-mit-licht\/fallstudie\/#breadcrumb"},"inLanguage":"de","potentialAction":[{"@type":"ReadAction","target":["https:\/\/www.surface-controls.com\/de\/farbabmusterung-mit-licht\/fallstudie\/"]}]},{"@type":"BreadcrumbList","@id":"https:\/\/www.surface-controls.com\/de\/farbabmusterung-mit-licht\/fallstudie\/#breadcrumb","itemListElement":[{"@type":"ListItem","position":1,"name":"Startseite","item":"https:\/\/www.surface-controls.com\/de\/"},{"@type":"ListItem","position":2,"name":"ColorMatching","item":"https:\/\/www.surface-controls.com\/de\/farbabmusterung-mit-licht\/"},{"@type":"ListItem","position":3,"name":"Fallstudie"}]},{"@type":"WebSite","@id":"https:\/\/www.surface-controls.com\/de\/#website","url":"https:\/\/www.surface-controls.com\/de\/","name":"Surface Controls","description":"Leuchten zur Oberfl\u00e4chenkontrolle","potentialAction":[{"@type":"SearchAction","target":{"@type":"EntryPoint","urlTemplate":"https:\/\/www.surface-controls.com\/de\/?s={search_term_string}"},"query-input":{"@type":"PropertyValueSpecification","valueRequired":true,"valueName":"search_term_string"}}],"inLanguage":"de"}]}},"_links":{"self":[{"href":"https:\/\/www.surface-controls.com\/de\/wp-json\/wp\/v2\/pages\/45","targetHints":{"allow":["GET"]}}],"collection":[{"href":"https:\/\/www.surface-controls.com\/de\/wp-json\/wp\/v2\/pages"}],"about":[{"href":"https:\/\/www.surface-controls.com\/de\/wp-json\/wp\/v2\/types\/page"}],"author":[{"embeddable":true,"href":"https:\/\/www.surface-controls.com\/de\/wp-json\/wp\/v2\/users\/1"}],"replies":[{"embeddable":true,"href":"https:\/\/www.surface-controls.com\/de\/wp-json\/wp\/v2\/comments?post=45"}],"version-history":[{"count":5,"href":"https:\/\/www.surface-controls.com\/de\/wp-json\/wp\/v2\/pages\/45\/revisions"}],"predecessor-version":[{"id":1509,"href":"https:\/\/www.surface-controls.com\/de\/wp-json\/wp\/v2\/pages\/45\/revisions\/1509"}],"up":[{"embeddable":true,"href":"https:\/\/www.surface-controls.com\/de\/wp-json\/wp\/v2\/pages\/34"}],"wp:attachment":[{"href":"https:\/\/www.surface-controls.com\/de\/wp-json\/wp\/v2\/media?parent=45"}],"curies":[{"name":"wp","href":"https:\/\/api.w.org\/{rel}","templated":true}]}}