{"id":6033,"date":"2024-09-19T08:07:51","date_gmt":"2024-09-19T08:07:51","guid":{"rendered":"https:\/\/www.surface-controls.com\/?page_id=6033"},"modified":"2024-09-19T08:07:51","modified_gmt":"2024-09-19T08:07:51","slug":"hst13-manuelle-steuerung-dali","status":"publish","type":"page","link":"https:\/\/www.surface-controls.com\/de\/produkte\/steuerungen\/hst13-manuelle-steuerung-dali\/","title":{"rendered":"HST1.3"},"content":{"rendered":"<p><div class=\"fusion-fullwidth fullwidth-box fusion-builder-row-1 nonhundred-percent-fullwidth non-hundred-percent-height-scrolling\" style=\"--awb-border-radius-top-left:0px;--awb-border-radius-top-right:0px;--awb-border-radius-bottom-right:0px;--awb-border-radius-bottom-left:0px;--awb-flex-wrap:wrap;\" ><div class=\"fusion-builder-row fusion-row\"><div class=\"fusion-layout-column fusion_builder_column fusion-builder-column-0 fusion_builder_column_1_1 1_1 fusion-one-full fusion-column-first fusion-column-last\" style=\"--awb-bg-size:cover;--awb-margin-bottom:0px;\"><div class=\"fusion-column-wrapper fusion-column-has-shadow fusion-flex-column-wrapper-legacy\"><div class=\"fusion-title title fusion-title-1 fusion-title-center fusion-title-text fusion-title-size-one\" style=\"--awb-margin-bottom:5%;--awb-margin-bottom-small:5%;\"><div class=\"title-sep-container title-sep-container-left\"><div class=\"title-sep sep- sep-solid\" style=\"border-color:#e0dede;\"><\/div><\/div><span class=\"awb-title-spacer\"><\/span><h1 class=\"fusion-title-heading title-heading-center fusion-responsive-typography-calculated\" style=\"margin:0;--fontSize:34;line-height:1.41;\">HST1.3 \u2013 Handsteuerung<\/h1><span class=\"awb-title-spacer\"><\/span><div class=\"title-sep-container title-sep-container-right\"><div class=\"title-sep sep- sep-solid\" style=\"border-color:#e0dede;\"><\/div><\/div><\/div><div class=\"fusion-sep-clear\"><\/div><div class=\"fusion-separator fusion-full-width-sep\" style=\"margin-left: auto;margin-right: auto;margin-top:0px;margin-bottom:0px;width:100%;\"><div class=\"fusion-separator-border sep-single sep-solid\" style=\"--awb-height:20px;--awb-amount:20px;--awb-sep-color:#870c30;border-color:#870c30;border-top-width:5px;\"><\/div><\/div><div class=\"fusion-sep-clear\"><\/div><div class=\"fusion-clearfix\"><\/div><\/div><\/div><\/div><\/div><div class=\"fusion-fullwidth fullwidth-box fusion-builder-row-2 nonhundred-percent-fullwidth non-hundred-percent-height-scrolling\" style=\"--awb-border-radius-top-left:0px;--awb-border-radius-top-right:0px;--awb-border-radius-bottom-right:0px;--awb-border-radius-bottom-left:0px;--awb-padding-top:0px;--awb-background-color:#ffffff;--awb-flex-wrap:wrap;\" ><div class=\"fusion-builder-row fusion-row\"><div class=\"fusion-layout-column fusion_builder_column fusion-builder-column-1 fusion_builder_column_1_3 1_3 fusion-one-third fusion-column-first green-border rounded-border\" style=\"--awb-padding-top:5%;--awb-padding-right:5%;--awb-padding-bottom:5%;--awb-padding-left:5%;--awb-bg-color:#ffffff;--awb-bg-color-hover:#ffffff;--awb-bg-size:cover;--awb-margin-top:2%;width:30.6666%; margin-right: 4%;\"><div class=\"fusion-column-wrapper fusion-column-has-shadow fusion-flex-column-wrapper-legacy\"><div class=\"fusion-image-element fusion-image-align-center in-legacy-container\" style=\"text-align:center;--awb-caption-title-font-family:var(--h2_typography-font-family);--awb-caption-title-font-weight:var(--h2_typography-font-weight);--awb-caption-title-font-style:var(--h2_typography-font-style);--awb-caption-title-size:var(--h2_typography-font-size);--awb-caption-title-transform:var(--h2_typography-text-transform);--awb-caption-title-line-height:var(--h2_typography-line-height);--awb-caption-title-letter-spacing:var(--h2_typography-letter-spacing);\"><div class=\"imageframe-align-center\"><span class=\" fusion-imageframe imageframe-none imageframe-1 hover-type-none\"><img decoding=\"async\" width=\"244\" height=\"244\" alt=\"DALI-Handsteuerung f\u00fcr Oberfl\u00e4chenkontrolloptiken\" title=\"Handsteuerung HST1.3\" src=\"https:\/\/www.surface-controls.com\/wp-content\/uploads\/2024\/09\/handsteuerung-hst13-dali.png\" class=\"img-responsive wp-image-6037\" srcset=\"https:\/\/www.surface-controls.com\/wp-content\/uploads\/2024\/09\/handsteuerung-hst13-dali-200x200.png 200w, https:\/\/www.surface-controls.com\/wp-content\/uploads\/2024\/09\/handsteuerung-hst13-dali.png 244w\" sizes=\"(max-width: 850px) 100vw, 244px\" \/><\/span><\/div><\/div><div class=\"fusion-clearfix\"><\/div><\/div><\/div><div class=\"fusion-layout-column fusion_builder_column fusion-builder-column-2 fusion_builder_column_2_3 2_3 fusion-two-third fusion-column-last green-border rounded-border\" style=\"--awb-padding-top:5%;--awb-padding-right:5%;--awb-padding-bottom:5%;--awb-padding-left:5%;--awb-bg-color:#ffffff;--awb-bg-color-hover:#ffffff;--awb-bg-size:cover;--awb-margin-top:2%;width:65.3333%;\"><div class=\"fusion-column-wrapper fusion-column-has-shadow fusion-flex-column-wrapper-legacy\"><div class=\"fusion-text fusion-text-1\"><p>Die Handsteuerung HST1.3 ist die ideale L\u00f6sung f\u00fcr die manuelle Steuerung von OLIGO surface controls Optiken. Ausgestattet mit einem benutzerfreundlichen Drehdimmer und einer gro\u00dfen, gut lesbaren Skala erm\u00f6glicht die HST1.3 die pr\u00e4zise Steuerung aller g\u00e4ngigen Oberfl\u00e4chenkontrolloptiken.<\/p>\n<\/div><div class=\"fusion-sep-clear\"><\/div><div class=\"fusion-separator\" style=\"margin-left: auto;margin-right: auto;width:100%;max-width:4%;\"><div class=\"fusion-separator-border sep-double\" style=\"--awb-height:20px;--awb-amount:20px;border-color:#e0dede;border-top-width:0px;border-bottom-width:0px;\"><\/div><\/div><div class=\"fusion-sep-clear\"><\/div><table width=\"90%\">\n<thead>\n<tr>\n<th align=\"left\" width=\"60%\">Einsatz findet die HST1.3 in:<\/th>\n<th align=\"left\" width=\"40%\">Ma\u00dfe in mm [BxHxT]<\/th>\n<\/tr>\n<\/thead>\n<tbody>\n<tr>\n<td align=\"left\"><ul>\n<li>kurzen Linienbereichen<\/li>\n<li>Auditpl\u00e4tzen<\/li>\n<li>Lichtkabinen<\/li>\n<li>Lichttunneln<\/li>\n<li>Einzelarbeitspl\u00e4tzen<\/li>\n<li>mobilen St\u00e4ndern<\/li>\n<li>Tischkabinen<\/li>\n<\/ul>\n<\/td>\n<td align=\"left\"><ul>\n<li>150 x 200 x 80<\/li>\n<br \/><br \/><br \/><br \/><br \/><br \/>\n<\/ul>\n<\/td>\n<\/tr>\n<\/tbody>\n<\/table>\n<div class=\"fusion-clearfix\"><\/div><\/div><\/div><\/div><\/div><div class=\"fusion-fullwidth fullwidth-box fusion-builder-row-3 nonhundred-percent-fullwidth non-hundred-percent-height-scrolling\" style=\"--awb-border-radius-top-left:0px;--awb-border-radius-top-right:0px;--awb-border-radius-bottom-right:0px;--awb-border-radius-bottom-left:0px;--awb-padding-top:0px;--awb-padding-right:0px;--awb-padding-bottom:0px;--awb-padding-left:5%;--awb-background-color:#ffffff;--awb-flex-wrap:wrap;\" ><div class=\"fusion-builder-row fusion-row\"><div class=\"fusion-layout-column fusion_builder_column fusion-builder-column-3 fusion_builder_column_1_1 1_1 fusion-one-full fusion-column-first fusion-column-last\" style=\"--awb-bg-size:cover;\"><div class=\"fusion-column-wrapper fusion-column-has-shadow fusion-flex-column-wrapper-legacy\"><div class=\"fusion-title title fusion-title-2 fusion-title-text fusion-title-size-three\" style=\"--awb-margin-bottom:2%;--awb-margin-bottom-small:2%;\"><h3 class=\"fusion-title-heading title-heading-left fusion-responsive-typography-calculated\" style=\"margin:0;--fontSize:18;--minFontSize:18;line-height:1.67;\">Ausstattung<\/h3><span class=\"awb-title-spacer\"><\/span><div class=\"title-sep-container\"><div class=\"title-sep sep- sep-solid\" style=\"border-color:#e0dede;\"><\/div><\/div><\/div><div class=\"fusion-clearfix\"><\/div><\/div><\/div><div class=\"fusion-layout-column fusion_builder_column fusion-builder-column-4 fusion_builder_column_1_4 1_4 fusion-one-fourth fusion-column-first\" style=\"--awb-padding-top:4%;--awb-bg-size:cover;width:25%;width:calc(25% - ( ( 4% ) * 0.25 ) );margin-right: 4%;\"><div class=\"fusion-column-wrapper fusion-column-has-shadow fusion-flex-column-wrapper-legacy\"><div class=\"fusion-text fusion-text-2\"><p><strong>Anzeige<\/strong><\/p>\n<\/div><div class=\"fusion-clearfix\"><\/div><\/div><\/div><div class=\"fusion-layout-column fusion_builder_column fusion-builder-column-5 fusion_builder_column_3_4 3_4 fusion-three-fourth fusion-column-last\" style=\"--awb-padding-left:0%;--awb-bg-size:cover;width:75%;width:calc(75% - ( ( 4% ) * 0.75 ) );\"><div class=\"fusion-column-wrapper fusion-column-has-shadow fusion-flex-column-wrapper-legacy\"><div class=\"fusion-text fusion-text-3\"><ul>\n<li>Skala 0 \u2013 100%<\/li>\n<\/ul>\n<\/div><div class=\"fusion-clearfix\"><\/div><\/div><\/div><div class=\"fusion-layout-column fusion_builder_column fusion-builder-column-6 fusion_builder_column_1_4 1_4 fusion-one-fourth fusion-column-first\" style=\"--awb-padding-top:4%;--awb-bg-size:cover;width:25%;width:calc(25% - ( ( 4% ) * 0.25 ) );margin-right: 4%;\"><div class=\"fusion-column-wrapper fusion-column-has-shadow fusion-flex-column-wrapper-legacy\"><div class=\"fusion-text fusion-text-4\"><p><strong>Schnittstellen<\/strong><\/p>\n<\/div><div class=\"fusion-clearfix\"><\/div><\/div><\/div><div class=\"fusion-layout-column fusion_builder_column fusion-builder-column-7 fusion_builder_column_3_4 3_4 fusion-three-fourth fusion-column-last\" style=\"--awb-padding-left:0%;--awb-bg-size:cover;width:75%;width:calc(75% - ( ( 4% ) * 0.75 ) );\"><div class=\"fusion-column-wrapper fusion-column-has-shadow fusion-flex-column-wrapper-legacy\"><div class=\"fusion-text fusion-text-5\"><ul>\n<li>&#8211;<\/li>\n<\/ul>\n<\/div><div class=\"fusion-clearfix\"><\/div><\/div><\/div><div class=\"fusion-layout-column fusion_builder_column fusion-builder-column-8 fusion_builder_column_1_4 1_4 fusion-one-fourth fusion-column-first\" style=\"--awb-padding-top:4%;--awb-bg-size:cover;width:25%;width:calc(25% - ( ( 4% ) * 0.25 ) );margin-right: 4%;\"><div class=\"fusion-column-wrapper fusion-column-has-shadow fusion-flex-column-wrapper-legacy\"><div class=\"fusion-text fusion-text-6\"><p><strong>Ausg\u00e4nge<\/strong><\/p>\n<\/div><div class=\"fusion-clearfix\"><\/div><\/div><\/div><div class=\"fusion-layout-column fusion_builder_column fusion-builder-column-9 fusion_builder_column_3_4 3_4 fusion-three-fourth fusion-column-last\" style=\"--awb-padding-left:0%;--awb-bg-size:cover;width:75%;width:calc(75% - ( ( 4% ) * 0.75 ) );\"><div class=\"fusion-column-wrapper fusion-column-has-shadow fusion-flex-column-wrapper-legacy\"><div class=\"fusion-text fusion-text-7\"><ul>\n<li>2 x DALI-Ausgangsmodul (64 Treiber pro Kanal)<\/li>\n<li>Ansteuerung von bis zu 128 Oberfl\u00e4chenKontrollOptiken<\/li>\n<\/ul>\n<\/div><div class=\"fusion-clearfix\"><\/div><\/div><\/div><div class=\"fusion-layout-column fusion_builder_column fusion-builder-column-10 fusion_builder_column_1_3 1_3 fusion-one-third fusion-column-first\" style=\"--awb-padding-top:10%;--awb-padding-right:4%;--awb-padding-bottom:10%;--awb-padding-left:0%;--awb-bg-color:#ffffff;--awb-bg-color-hover:#ffffff;--awb-bg-size:cover;width:33.333333333333%;width:calc(33.333333333333% - ( ( 4% + 4% ) * 0.33333333333333 ) );margin-right: 4%;\"><div class=\"fusion-column-wrapper fusion-column-has-shadow fusion-flex-column-wrapper-legacy\"><div class=\"fusion-title title fusion-title-3 fusion-title-text fusion-title-size-three\" style=\"--awb-margin-bottom:5%;--awb-margin-bottom-small:5%;\"><h3 class=\"fusion-title-heading title-heading-left fusion-responsive-typography-calculated\" style=\"margin:0;--fontSize:18;--minFontSize:18;line-height:1.67;\">Besonderheiten<\/h3><span class=\"awb-title-spacer\"><\/span><div class=\"title-sep-container\"><div class=\"title-sep sep- sep-solid\" style=\"border-color:#e0dede;\"><\/div><\/div><\/div><div class=\"fusion-text fusion-text-8\"><ul>\n<li>Einfach und komfortabel bedienbar<\/li>\n<li>Geringer Verdrahtungsaufwand<\/li>\n<\/ul>\n<\/div><div class=\"fusion-clearfix\"><\/div><\/div><\/div><div class=\"fusion-layout-column fusion_builder_column fusion-builder-column-11 fusion_builder_column_1_3 1_3 fusion-one-third\" style=\"--awb-padding-top:10%;--awb-padding-right:4%;--awb-padding-bottom:10%;--awb-bg-color:#ffffff;--awb-bg-color-hover:#ffffff;--awb-bg-size:cover;width:33.333333333333%;width:calc(33.333333333333% - ( ( 4% + 4% ) * 0.33333333333333 ) );margin-right: 4%;\"><div class=\"fusion-column-wrapper fusion-column-has-shadow fusion-flex-column-wrapper-legacy\"><div class=\"fusion-title title fusion-title-4 fusion-title-text fusion-title-size-three\" style=\"--awb-margin-bottom:5%;--awb-margin-bottom-small:5%;\"><h3 class=\"fusion-title-heading title-heading-left fusion-responsive-typography-calculated\" style=\"margin:0;--fontSize:18;--minFontSize:18;line-height:1.67;\">Technische Daten<\/h3><span class=\"awb-title-spacer\"><\/span><div class=\"title-sep-container\"><div class=\"title-sep sep- sep-solid\" style=\"border-color:#e0dede;\"><\/div><\/div><\/div><div class=\"fusion-text fusion-text-9\"><p><strong>Zul\u00e4ssige Umgebungstemperatur<\/strong><br \/>\n+5\u00b0C bis +35\u00b0C<br \/>\n<strong>Versorgungsspannung<\/strong><br \/>\n85-305 V AC<br \/>\n<strong>Leistungsaufnahme<\/strong> 2\/7 Watt (1\/128 LED-Treiber)<br \/>\n<strong>Frequenz<\/strong> 50-60 Hz<br \/>\n<strong>Schutzart<\/strong> IP54<br \/>\n<strong>Schutzklasse<\/strong> I<\/p>\n<\/div><div class=\"fusion-clearfix\"><\/div><\/div><\/div><div class=\"fusion-layout-column fusion_builder_column fusion-builder-column-12 fusion_builder_column_1_3 1_3 fusion-one-third fusion-column-last\" style=\"--awb-padding-top:10%;--awb-padding-right:4%;--awb-padding-bottom:10%;--awb-bg-color:#ffffff;--awb-bg-color-hover:#ffffff;--awb-bg-size:cover;width:33.333333333333%;width:calc(33.333333333333% - ( ( 4% + 4% ) * 0.33333333333333 ) );\"><div class=\"fusion-column-wrapper fusion-column-has-shadow fusion-flex-column-wrapper-legacy\"><div class=\"fusion-title title fusion-title-5 fusion-title-text fusion-title-size-three\" style=\"--awb-margin-bottom:5%;--awb-margin-bottom-small:5%;\"><h3 class=\"fusion-title-heading title-heading-left fusion-responsive-typography-calculated\" style=\"margin:0;--fontSize:18;--minFontSize:18;line-height:1.67;\">G\u00fctekriterien<\/h3><span class=\"awb-title-spacer\"><\/span><div class=\"title-sep-container\"><div class=\"title-sep sep- sep-solid\" style=\"border-color:#e0dede;\"><\/div><\/div><\/div><div class=\"fusion-text fusion-text-10\"><ul>\n<li>LABS-frei<\/li>\n<li>CE-Kennzeichnung<\/li>\n<li>Kurzschlussfest<\/li>\n<\/ul>\n<\/div><div class=\"fusion-clearfix\"><\/div><\/div><\/div><\/div><\/div><div class=\"fusion-fullwidth fullwidth-box fusion-builder-row-4 nonhundred-percent-fullwidth non-hundred-percent-height-scrolling\" style=\"--awb-border-radius-top-left:0px;--awb-border-radius-top-right:0px;--awb-border-radius-bottom-right:0px;--awb-border-radius-bottom-left:0px;--awb-padding-bottom:3%;--awb-background-color:#ffffff;--awb-flex-wrap:wrap;\" ><div class=\"fusion-builder-row fusion-row\"><div class=\"fusion-layout-column fusion_builder_column fusion-builder-column-13 fusion_builder_column_1_1 1_1 fusion-one-full fusion-column-first fusion-column-last\" style=\"--awb-padding-top:5%;--awb-padding-right:5%;--awb-padding-left:5%;--awb-bg-size:cover;\"><div class=\"fusion-column-wrapper fusion-column-has-shadow fusion-flex-column-wrapper-legacy\"><i class=\"fb-icon-element-1 fb-icon-element fontawesome-icon fa-download fas circle-yes fusion-text-flow\" style=\"--awb-circlecolor:#870c30;--awb-circlecolor-hover:#870c30;--awb-circlebordercolor:#870c30;--awb-circlebordercolor-hover:#870c30;--awb-circlebordersize:1px;--awb-font-size:17.6px;--awb-width:35.2px;--awb-height:35.2px;--awb-line-height:33.2px;--awb-margin-right:3%;\"><\/i><div class=\"fusion-title title fusion-title-6 fusion-title-text fusion-title-size-two\" style=\"--awb-margin-bottom:5%;--awb-margin-bottom-small:5%;\"><h2 class=\"fusion-title-heading title-heading-left fusion-responsive-typography-calculated\" style=\"margin:0;--fontSize:28;line-height:1.21;\">Downloads<\/h2><span class=\"awb-title-spacer\"><\/span><div class=\"title-sep-container\"><div class=\"title-sep sep- sep-solid\" style=\"border-color:#e0dede;\"><\/div><\/div><\/div><div class=\"fusion-clearfix\"><\/div><\/div><\/div><div class=\"fusion-layout-column fusion_builder_column fusion-builder-column-14 fusion_builder_column_1_2 1_2 fusion-one-half fusion-column-first\" style=\"--awb-padding-left:10%;--awb-bg-size:cover;width:50%;width:calc(50% - ( ( 4% ) * 0.5 ) );margin-right: 4%;\"><div class=\"fusion-column-wrapper fusion-column-has-shadow fusion-flex-column-wrapper-legacy\"><div class=\"fusion-title title fusion-title-7 fusion-title-text fusion-title-size-four\" style=\"--awb-margin-bottom:5%;--awb-margin-bottom-small:5%;\"><h4 class=\"fusion-title-heading title-heading-left fusion-responsive-typography-calculated\" style=\"margin:0;--fontSize:14;--minFontSize:14;line-height:1.43;\">Datenblatt HST1.3 (PDF)<\/h4><span class=\"awb-title-spacer\"><\/span><div class=\"title-sep-container\"><div class=\"title-sep sep- sep-solid\" style=\"border-color:#e0dede;\"><\/div><\/div><\/div><div class=\"fusion-text fusion-text-11\"><ul>\n<li><a href=\"https:\/\/www.surface-controls.com\/wp-content\/uploads\/2024\/09\/Datenblatt-01_24_HST13_EU_DE.pdf\" target=\"_blank\" rel=\"noopener noreferrer\">Deutsch (EU-Version)<\/a><\/li>\n<\/ul>\n<\/div><div class=\"fusion-clearfix\"><\/div><\/div><\/div><div class=\"fusion-layout-column fusion_builder_column fusion-builder-column-15 fusion_builder_column_1_2 1_2 fusion-one-half fusion-column-last\" style=\"--awb-padding-left:10%;--awb-bg-size:cover;width:50%;width:calc(50% - ( ( 4% ) * 0.5 ) );\"><div class=\"fusion-column-wrapper fusion-column-has-shadow fusion-flex-column-wrapper-legacy\"><div class=\"fusion-title title fusion-title-8 fusion-title-text fusion-title-size-four\" style=\"--awb-margin-bottom:5%;--awb-margin-bottom-small:5%;\"><h4 class=\"fusion-title-heading title-heading-left fusion-responsive-typography-calculated\" style=\"margin:0;--fontSize:14;--minFontSize:14;line-height:1.43;\">Data sheet HST1.3 (PDF)<\/h4><span class=\"awb-title-spacer\"><\/span><div class=\"title-sep-container\"><div class=\"title-sep sep- sep-solid\" style=\"border-color:#e0dede;\"><\/div><\/div><\/div><div class=\"fusion-text fusion-text-12\"><ul>\n<li><a href=\"https:\/\/www.surface-controls.com\/wp-content\/uploads\/2024\/09\/Data-sheet-01_24_HST13_EU_EN.pdf\" target=\"_blank\" rel=\"noopener noreferrer\">English (EU version)<\/a><\/li>\n<\/ul>\n<\/div><div class=\"fusion-clearfix\"><\/div><\/div><\/div><\/div><\/div><div class=\"fusion-fullwidth fullwidth-box fusion-builder-row-5 nonhundred-percent-fullwidth non-hundred-percent-height-scrolling\" style=\"--awb-border-radius-top-left:0px;--awb-border-radius-top-right:0px;--awb-border-radius-bottom-right:0px;--awb-border-radius-bottom-left:0px;--awb-margin-top:2%;--awb-flex-wrap:wrap;\" ><div class=\"fusion-builder-row fusion-row\"><div class=\"fusion-layout-column fusion_builder_column fusion-builder-column-16 fusion_builder_column_1_1 1_1 fusion-one-full fusion-column-first fusion-column-last\" style=\"--awb-bg-size:cover;\"><div class=\"fusion-column-wrapper fusion-column-has-shadow fusion-flex-column-wrapper-legacy\"><div class=\"fusion-text fusion-text-13\"><p><a title=\"\u00dcbersicht der Steuerungen f\u00fcr OLIGO Lichtanlagen\" href=\"https:\/\/www.surface-controls.com\/de\/produkte\/steuerungen\/\">&lt;&lt; zur\u00fcck zur \u00dcbersicht<\/a><\/p>\n<\/div><div class=\"fusion-clearfix\"><\/div><\/div><\/div><\/div><\/div><\/p>\n","protected":false},"excerpt":{"rendered":"","protected":false},"author":1,"featured_media":0,"parent":22,"menu_order":4,"comment_status":"closed","ping_status":"closed","template":"","meta":{"footnotes":""},"class_list":["post-6033","page","type-page","status-publish","hentry"],"yoast_head":"<!-- This site is optimized with the Yoast SEO plugin v27.4 - https:\/\/yoast.com\/product\/yoast-seo-wordpress\/ -->\n<title>DALI-Handsteuerung f\u00fcr industrielle Lichtanlagen - HST1.3<\/title>\n<meta name=\"description\" content=\"Die DALI-Handsteuerung mit einer Skala von 0-100% ist die ideale L\u00f6sung f\u00fcr die manuelle Ansteuerung industrieller Lichtanlagen.\" \/>\n<meta name=\"robots\" content=\"index, follow, max-snippet:-1, max-image-preview:large, max-video-preview:-1\" \/>\n<link rel=\"canonical\" href=\"https:\/\/www.surface-controls.com\/de\/produkte\/steuerungen\/hst13-manuelle-steuerung-dali\/\" \/>\n<meta property=\"og:locale\" content=\"de_DE\" \/>\n<meta property=\"og:type\" content=\"article\" \/>\n<meta property=\"og:title\" content=\"DALI-Handsteuerung f\u00fcr industrielle Lichtanlagen - HST1.3\" \/>\n<meta property=\"og:description\" content=\"Die DALI-Handsteuerung mit einer Skala von 0-100% ist die ideale L\u00f6sung f\u00fcr die manuelle Ansteuerung industrieller Lichtanlagen.\" \/>\n<meta property=\"og:url\" content=\"https:\/\/www.surface-controls.com\/de\/produkte\/steuerungen\/hst13-manuelle-steuerung-dali\/\" \/>\n<meta property=\"og:site_name\" content=\"Surface Controls\" \/>\n<meta name=\"twitter:card\" content=\"summary_large_image\" \/>\n<meta name=\"twitter:label1\" content=\"Gesch\u00e4tzte Lesezeit\" \/>\n\t<meta name=\"twitter:data1\" content=\"1\u00a0Minute\" \/>\n<script type=\"application\/ld+json\" class=\"yoast-schema-graph\">{\"@context\":\"https:\\\/\\\/schema.org\",\"@graph\":[{\"@type\":\"WebPage\",\"@id\":\"https:\\\/\\\/www.surface-controls.com\\\/de\\\/produkte\\\/steuerungen\\\/hst13-manuelle-steuerung-dali\\\/\",\"url\":\"https:\\\/\\\/www.surface-controls.com\\\/de\\\/produkte\\\/steuerungen\\\/hst13-manuelle-steuerung-dali\\\/\",\"name\":\"DALI-Handsteuerung f\u00fcr industrielle Lichtanlagen - HST1.3\",\"isPartOf\":{\"@id\":\"https:\\\/\\\/www.surface-controls.com\\\/de\\\/#website\"},\"datePublished\":\"2024-09-19T08:07:51+00:00\",\"description\":\"Die DALI-Handsteuerung mit einer Skala von 0-100% ist die ideale L\u00f6sung f\u00fcr die manuelle Ansteuerung industrieller Lichtanlagen.\",\"breadcrumb\":{\"@id\":\"https:\\\/\\\/www.surface-controls.com\\\/de\\\/produkte\\\/steuerungen\\\/hst13-manuelle-steuerung-dali\\\/#breadcrumb\"},\"inLanguage\":\"de\",\"potentialAction\":[{\"@type\":\"ReadAction\",\"target\":[\"https:\\\/\\\/www.surface-controls.com\\\/de\\\/produkte\\\/steuerungen\\\/hst13-manuelle-steuerung-dali\\\/\"]}]},{\"@type\":\"BreadcrumbList\",\"@id\":\"https:\\\/\\\/www.surface-controls.com\\\/de\\\/produkte\\\/steuerungen\\\/hst13-manuelle-steuerung-dali\\\/#breadcrumb\",\"itemListElement\":[{\"@type\":\"ListItem\",\"position\":1,\"name\":\"Startseite\",\"item\":\"https:\\\/\\\/www.surface-controls.com\\\/de\\\/\"},{\"@type\":\"ListItem\",\"position\":2,\"name\":\"Produkte\",\"item\":\"https:\\\/\\\/www.surface-controls.com\\\/de\\\/produkte\\\/\"},{\"@type\":\"ListItem\",\"position\":3,\"name\":\"Produkte Steuerungen\",\"item\":\"https:\\\/\\\/www.surface-controls.com\\\/de\\\/produkte\\\/steuerungen\\\/\"},{\"@type\":\"ListItem\",\"position\":4,\"name\":\"HST1.3\"}]},{\"@type\":\"WebSite\",\"@id\":\"https:\\\/\\\/www.surface-controls.com\\\/de\\\/#website\",\"url\":\"https:\\\/\\\/www.surface-controls.com\\\/de\\\/\",\"name\":\"Surface Controls\",\"description\":\"Leuchten zur Oberfl\u00e4chenkontrolle\",\"potentialAction\":[{\"@type\":\"SearchAction\",\"target\":{\"@type\":\"EntryPoint\",\"urlTemplate\":\"https:\\\/\\\/www.surface-controls.com\\\/de\\\/?s={search_term_string}\"},\"query-input\":{\"@type\":\"PropertyValueSpecification\",\"valueRequired\":true,\"valueName\":\"search_term_string\"}}],\"inLanguage\":\"de\"}]}<\/script>\n<!-- \/ Yoast SEO plugin. -->","yoast_head_json":{"title":"DALI-Handsteuerung f\u00fcr industrielle Lichtanlagen - HST1.3","description":"Die DALI-Handsteuerung mit einer Skala von 0-100% ist die ideale L\u00f6sung f\u00fcr die manuelle Ansteuerung industrieller Lichtanlagen.","robots":{"index":"index","follow":"follow","max-snippet":"max-snippet:-1","max-image-preview":"max-image-preview:large","max-video-preview":"max-video-preview:-1"},"canonical":"https:\/\/www.surface-controls.com\/de\/produkte\/steuerungen\/hst13-manuelle-steuerung-dali\/","og_locale":"de_DE","og_type":"article","og_title":"DALI-Handsteuerung f\u00fcr industrielle Lichtanlagen - HST1.3","og_description":"Die DALI-Handsteuerung mit einer Skala von 0-100% ist die ideale L\u00f6sung f\u00fcr die manuelle Ansteuerung industrieller Lichtanlagen.","og_url":"https:\/\/www.surface-controls.com\/de\/produkte\/steuerungen\/hst13-manuelle-steuerung-dali\/","og_site_name":"Surface Controls","twitter_card":"summary_large_image","twitter_misc":{"Gesch\u00e4tzte Lesezeit":"1\u00a0Minute"},"schema":{"@context":"https:\/\/schema.org","@graph":[{"@type":"WebPage","@id":"https:\/\/www.surface-controls.com\/de\/produkte\/steuerungen\/hst13-manuelle-steuerung-dali\/","url":"https:\/\/www.surface-controls.com\/de\/produkte\/steuerungen\/hst13-manuelle-steuerung-dali\/","name":"DALI-Handsteuerung f\u00fcr industrielle Lichtanlagen - HST1.3","isPartOf":{"@id":"https:\/\/www.surface-controls.com\/de\/#website"},"datePublished":"2024-09-19T08:07:51+00:00","description":"Die DALI-Handsteuerung mit einer Skala von 0-100% ist die ideale L\u00f6sung f\u00fcr die manuelle Ansteuerung industrieller Lichtanlagen.","breadcrumb":{"@id":"https:\/\/www.surface-controls.com\/de\/produkte\/steuerungen\/hst13-manuelle-steuerung-dali\/#breadcrumb"},"inLanguage":"de","potentialAction":[{"@type":"ReadAction","target":["https:\/\/www.surface-controls.com\/de\/produkte\/steuerungen\/hst13-manuelle-steuerung-dali\/"]}]},{"@type":"BreadcrumbList","@id":"https:\/\/www.surface-controls.com\/de\/produkte\/steuerungen\/hst13-manuelle-steuerung-dali\/#breadcrumb","itemListElement":[{"@type":"ListItem","position":1,"name":"Startseite","item":"https:\/\/www.surface-controls.com\/de\/"},{"@type":"ListItem","position":2,"name":"Produkte","item":"https:\/\/www.surface-controls.com\/de\/produkte\/"},{"@type":"ListItem","position":3,"name":"Produkte Steuerungen","item":"https:\/\/www.surface-controls.com\/de\/produkte\/steuerungen\/"},{"@type":"ListItem","position":4,"name":"HST1.3"}]},{"@type":"WebSite","@id":"https:\/\/www.surface-controls.com\/de\/#website","url":"https:\/\/www.surface-controls.com\/de\/","name":"Surface Controls","description":"Leuchten zur Oberfl\u00e4chenkontrolle","potentialAction":[{"@type":"SearchAction","target":{"@type":"EntryPoint","urlTemplate":"https:\/\/www.surface-controls.com\/de\/?s={search_term_string}"},"query-input":{"@type":"PropertyValueSpecification","valueRequired":true,"valueName":"search_term_string"}}],"inLanguage":"de"}]}},"_links":{"self":[{"href":"https:\/\/www.surface-controls.com\/de\/wp-json\/wp\/v2\/pages\/6033","targetHints":{"allow":["GET"]}}],"collection":[{"href":"https:\/\/www.surface-controls.com\/de\/wp-json\/wp\/v2\/pages"}],"about":[{"href":"https:\/\/www.surface-controls.com\/de\/wp-json\/wp\/v2\/types\/page"}],"author":[{"embeddable":true,"href":"https:\/\/www.surface-controls.com\/de\/wp-json\/wp\/v2\/users\/1"}],"replies":[{"embeddable":true,"href":"https:\/\/www.surface-controls.com\/de\/wp-json\/wp\/v2\/comments?post=6033"}],"version-history":[{"count":3,"href":"https:\/\/www.surface-controls.com\/de\/wp-json\/wp\/v2\/pages\/6033\/revisions"}],"predecessor-version":[{"id":6043,"href":"https:\/\/www.surface-controls.com\/de\/wp-json\/wp\/v2\/pages\/6033\/revisions\/6043"}],"up":[{"embeddable":true,"href":"https:\/\/www.surface-controls.com\/de\/wp-json\/wp\/v2\/pages\/22"}],"wp:attachment":[{"href":"https:\/\/www.surface-controls.com\/de\/wp-json\/wp\/v2\/media?parent=6033"}],"curies":[{"name":"wp","href":"https:\/\/api.w.org\/{rel}","templated":true}]}}