{"id":76,"date":"2019-04-10T07:49:06","date_gmt":"2019-04-10T07:49:06","guid":{"rendered":"https:\/\/www.surface-controls.com\/?page_id=76"},"modified":"2025-09-09T08:18:02","modified_gmt":"2025-09-09T08:18:02","slug":"standorte","status":"publish","type":"page","link":"https:\/\/www.surface-controls.com\/de\/unternehmen\/standorte\/","title":{"rendered":"Standorte"},"content":{"rendered":"<p><div class=\"fusion-fullwidth fullwidth-box fusion-builder-row-1 nonhundred-percent-fullwidth non-hundred-percent-height-scrolling\" style=\"--awb-border-radius-top-left:0px;--awb-border-radius-top-right:0px;--awb-border-radius-bottom-right:0px;--awb-border-radius-bottom-left:0px;--awb-padding-top:0px;--awb-padding-bottom:0px;--awb-flex-wrap:wrap;\" ><div class=\"fusion-builder-row fusion-row\"><div class=\"fusion-layout-column fusion_builder_column fusion-builder-column-0 fusion_builder_column_1_1 1_1 fusion-one-full fusion-column-first fusion-column-last\" style=\"--awb-bg-size:cover;--awb-margin-bottom:0px;\"><div class=\"fusion-column-wrapper fusion-column-has-shadow fusion-flex-column-wrapper-legacy\"><div class=\"fusion-title title fusion-title-1 fusion-title-center fusion-title-text fusion-title-size-one\" style=\"--awb-margin-bottom:5%;\"><div class=\"title-sep-container title-sep-container-left\"><div class=\"title-sep sep- sep-solid\" style=\"border-color:#e0dede;\"><\/div><\/div><span class=\"awb-title-spacer\"><\/span><h1 class=\"fusion-title-heading title-heading-center fusion-responsive-typography-calculated\" style=\"margin:0;--fontSize:34;line-height:1.41;\">OLIGO Standorte<\/h1><span class=\"awb-title-spacer\"><\/span><div class=\"title-sep-container title-sep-container-right\"><div class=\"title-sep sep- sep-solid\" style=\"border-color:#e0dede;\"><\/div><\/div><\/div><div class=\"fusion-sep-clear\"><\/div><div class=\"fusion-separator fusion-full-width-sep\" style=\"margin-left: auto;margin-right: auto;margin-top:0px;margin-bottom:0px;width:100%;\"><div class=\"fusion-separator-border sep-single sep-solid\" style=\"--awb-height:20px;--awb-amount:20px;--awb-sep-color:#870c30;border-color:#870c30;border-top-width:5px;\"><\/div><\/div><div class=\"fusion-sep-clear\"><\/div><div class=\"fusion-clearfix\"><\/div><\/div><\/div><div class=\"fusion-layout-column fusion_builder_column fusion-builder-column-1 fusion_builder_column_1_1 1_1 fusion-one-full fusion-column-first fusion-column-last green-border rounded-border\" style=\"--awb-padding-top:5%;--awb-padding-right:5%;--awb-padding-bottom:5%;--awb-padding-left:5%;--awb-bg-color:#ffffff;--awb-bg-color-hover:#ffffff;--awb-bg-size:cover;\"><div class=\"fusion-column-wrapper fusion-column-has-shadow fusion-flex-column-wrapper-legacy\"><div class=\"fusion-text fusion-text-1\"><h2>Demonstration unseres breiten Produktsortiments<\/h2>\n<p>Gewinnen Sie einen \u00dcberblick \u00fcber innovative visuelle Oberfl\u00e4chenkontrolle.<\/p>\n<p>Wir stellen Ihnen das gesamte Spektrum der weltweit f\u00fchrenden Kontrolloptiken vor. Wir bewerten gemeinsam Ihre eigenen Pr\u00fcfobjekte unter verschiedenen Lichtsystemen.<\/p>\n<h2>Vielf\u00e4ltige M\u00f6glichkeiten der Auditierung Ihrer Produkte<\/h2>\n<p>Mieten Sie das gesamte Technologiezentrum f\u00fcr Ihre Audits. S\u00e4mtliche surface controls Produkte stehen Ihnen selbstverst\u00e4ndlich zur Verf\u00fcgung.<\/p>\n<p>Angefangen mit der Pr\u00fcfung von Rohbauteilen \u00fcber die Pr\u00fcfung zwischen einzelnen Lackierproze\u00dfschritten bis hin zur Qualit\u00e4tskontrolle im On- und Offlinebetrieb &#8211; mit unserem vor Ort installierten, breitem Sortiment von Optiken und Steuerungen bekommen Sie die M\u00f6glichkeit unsere Produkte aus den unterschiedlichsten Anwendungsszenarien kennen zu lernen, zu testen und Ihre eigenen professionellen Audits durchzuf\u00fchren.<\/p>\n<\/div><div class=\"fusion-clearfix\"><\/div><\/div><\/div><\/div><\/div><div class=\"fusion-fullwidth fullwidth-box fusion-builder-row-2 nonhundred-percent-fullwidth non-hundred-percent-height-scrolling\" style=\"--awb-border-radius-top-left:0px;--awb-border-radius-top-right:0px;--awb-border-radius-bottom-right:0px;--awb-border-radius-bottom-left:0px;--awb-padding-top:2%;--awb-flex-wrap:wrap;\" ><div class=\"fusion-builder-row fusion-row\"><div class=\"fusion-layout-column fusion_builder_column fusion-builder-column-2 fusion_builder_column_1_2 1_2 fusion-one-half fusion-column-first\" style=\"--awb-bg-size:cover;width:50%;width:calc(50% - ( ( 4% ) * 0.5 ) );margin-right: 4%;\"><div class=\"fusion-column-wrapper fusion-column-has-shadow fusion-flex-column-wrapper-legacy\"><div class=\"fusion-image-element in-legacy-container\" style=\"--awb-caption-title-font-family:var(--h2_typography-font-family);--awb-caption-title-font-weight:var(--h2_typography-font-weight);--awb-caption-title-font-style:var(--h2_typography-font-style);--awb-caption-title-size:var(--h2_typography-font-size);--awb-caption-title-transform:var(--h2_typography-text-transform);--awb-caption-title-line-height:var(--h2_typography-line-height);--awb-caption-title-letter-spacing:var(--h2_typography-letter-spacing);\"><span class=\" fusion-imageframe imageframe-none imageframe-1 hover-type-none\"><img decoding=\"async\" width=\"600\" height=\"255\" alt=\"Produktionsstandort Lenzen der OLIGO Lichttechnik GmbH surface controls\" title=\"OLIGO surface controls in Lenzen\" src=\"https:\/\/www.surface-controls.com\/wp-content\/uploads\/2020\/08\/oligo-lenzen.jpg\" class=\"img-responsive wp-image-3629\" srcset=\"https:\/\/www.surface-controls.com\/wp-content\/uploads\/2020\/08\/oligo-lenzen-200x85.jpg 200w, https:\/\/www.surface-controls.com\/wp-content\/uploads\/2020\/08\/oligo-lenzen-400x170.jpg 400w, https:\/\/www.surface-controls.com\/wp-content\/uploads\/2020\/08\/oligo-lenzen.jpg 600w\" sizes=\"(max-width: 850px) 100vw, 600px\" \/><\/span><\/div><div class=\"fusion-clearfix\"><\/div><\/div><\/div><div class=\"fusion-layout-column fusion_builder_column fusion-builder-column-3 fusion_builder_column_1_2 1_2 fusion-one-half fusion-column-last\" style=\"--awb-bg-size:cover;width:50%;width:calc(50% - ( ( 4% ) * 0.5 ) );\"><div class=\"fusion-column-wrapper fusion-column-has-shadow fusion-flex-column-wrapper-legacy\"><div class=\"fusion-image-element in-legacy-container\" style=\"--awb-caption-title-font-family:var(--h2_typography-font-family);--awb-caption-title-font-weight:var(--h2_typography-font-weight);--awb-caption-title-font-style:var(--h2_typography-font-style);--awb-caption-title-size:var(--h2_typography-font-size);--awb-caption-title-transform:var(--h2_typography-text-transform);--awb-caption-title-line-height:var(--h2_typography-line-height);--awb-caption-title-letter-spacing:var(--h2_typography-letter-spacing);\"><span class=\" fusion-imageframe imageframe-none imageframe-2 hover-type-none\"><img decoding=\"async\" width=\"600\" height=\"255\" alt=\"Technologiezentrum S\u00fcd\" title=\"OLIGO in Gersthofen (Bayern)\" src=\"https:\/\/www.surface-controls.com\/wp-content\/uploads\/2020\/08\/oligo-gersthofen.jpg\" class=\"img-responsive wp-image-3627\" srcset=\"https:\/\/www.surface-controls.com\/wp-content\/uploads\/2020\/08\/oligo-gersthofen-200x85.jpg 200w, https:\/\/www.surface-controls.com\/wp-content\/uploads\/2020\/08\/oligo-gersthofen-400x170.jpg 400w, https:\/\/www.surface-controls.com\/wp-content\/uploads\/2020\/08\/oligo-gersthofen.jpg 600w\" sizes=\"(max-width: 850px) 100vw, 600px\" \/><\/span><\/div><div class=\"fusion-clearfix\"><\/div><\/div><\/div><div class=\"fusion-layout-column fusion_builder_column fusion-builder-column-4 fusion_builder_column_1_2 1_2 fusion-one-half fusion-column-first\" style=\"--awb-bg-size:cover;width:50%;width:calc(50% - ( ( 4% ) * 0.5 ) );margin-right: 4%;\"><div class=\"fusion-column-wrapper fusion-column-has-shadow fusion-flex-column-wrapper-legacy\"><div class=\"fusion-text fusion-text-2\"><h3>TECHNOLOGIEZENTRUM NORD<\/h3>\n<p><strong>OLIGO Lichttechnik GmbH &#8211; surface controls<\/strong><br \/>\nLange Felder 6<br \/>\n19309 Lenzen (Elbe)<br \/>\nTel.: +49 38792 985-0<br \/>\nE-Mail: info<!-- abc@def -->@surface<!-- abc@def -->-controls.com<\/p>\n<p><a href=\"https:\/\/www.google.com\/maps?f=d&amp;saddr=Lange+Felder+6,+19309+Lenzen+(Elbe),+DE}&amp;dirflg=d\" target=\"_blank\" rel=\"noopener noreferrer\"><em>Route planen &gt;<\/em><\/a><\/p>\n<\/div><div class=\"fusion-clearfix\"><\/div><\/div><\/div><div class=\"fusion-layout-column fusion_builder_column fusion-builder-column-5 fusion_builder_column_1_2 1_2 fusion-one-half fusion-column-last\" style=\"--awb-bg-size:cover;width:50%;width:calc(50% - ( ( 4% ) * 0.5 ) );\"><div class=\"fusion-column-wrapper fusion-column-has-shadow fusion-flex-column-wrapper-legacy\"><div class=\"fusion-text fusion-text-3\"><h3>TECHNOLOGIEZENTRUM S\u00dcD<\/h3>\n<p><strong>OLIGO Lichttechnik GmbH &#8211; surface controls<\/strong><br \/>\n(Keine Postanschrift!)<br \/>\nR\u00f6ntgenstra\u00dfe 38<br \/>\n86368 Gersthofen<br \/>\nE-Mail: info<!-- abc@def -->@surface<!-- abc@def -->-controls.com<\/p>\n<p><a href=\"https:\/\/www.google.com\/maps?f=d&amp;saddr=R%C3%B6ntgenstra%C3%9Fe+38,+86368++Gersthofen,+DE}&amp;dirflg=d\" target=\"_blank\" rel=\"noopener noreferrer\"><em>Route planen &gt;<\/em><\/a><\/p>\n<\/div><div class=\"fusion-clearfix\"><\/div><\/div><\/div><div class=\"fusion-layout-column fusion_builder_column fusion-builder-column-6 fusion_builder_column_1_1 1_1 fusion-one-full fusion-column-first fusion-column-last\" style=\"--awb-bg-size:cover;\"><div class=\"fusion-column-wrapper fusion-column-has-shadow fusion-flex-column-wrapper-legacy\"><div class=\"fusion-sep-clear\"><\/div><div class=\"fusion-separator fusion-full-width-sep\" style=\"margin-left: auto;margin-right: auto;margin-top:1%;width:100%;\"><\/div><div class=\"fusion-sep-clear\"><\/div><div class=\"fusion-clearfix\"><\/div><\/div><\/div><div class=\"fusion-layout-column fusion_builder_column fusion-builder-column-7 fusion_builder_column_1_2 1_2 fusion-one-half fusion-column-first\" style=\"--awb-bg-size:cover;width:50%;width:calc(50% - ( ( 4% ) * 0.5 ) );margin-right: 4%;\"><div class=\"fusion-column-wrapper fusion-column-has-shadow fusion-flex-column-wrapper-legacy\"><div class=\"fusion-image-element in-legacy-container\" style=\"--awb-caption-title-font-family:var(--h2_typography-font-family);--awb-caption-title-font-weight:var(--h2_typography-font-weight);--awb-caption-title-font-style:var(--h2_typography-font-style);--awb-caption-title-size:var(--h2_typography-font-size);--awb-caption-title-transform:var(--h2_typography-text-transform);--awb-caption-title-line-height:var(--h2_typography-line-height);--awb-caption-title-letter-spacing:var(--h2_typography-letter-spacing);\"><span class=\" fusion-imageframe imageframe-none imageframe-3 hover-type-none\"><img decoding=\"async\" width=\"600\" height=\"255\" alt=\"OLIGO Firmenzentrale in Sankt Augustin\" title=\"OLIGO Sankt Augustin bei K\u00f6ln\" src=\"https:\/\/www.surface-controls.com\/wp-content\/uploads\/2020\/08\/oligosankt-augustin.jpg\" class=\"img-responsive wp-image-3631\" srcset=\"https:\/\/www.surface-controls.com\/wp-content\/uploads\/2020\/08\/oligosankt-augustin-200x85.jpg 200w, https:\/\/www.surface-controls.com\/wp-content\/uploads\/2020\/08\/oligosankt-augustin-400x170.jpg 400w, https:\/\/www.surface-controls.com\/wp-content\/uploads\/2020\/08\/oligosankt-augustin.jpg 600w\" sizes=\"(max-width: 850px) 100vw, 600px\" \/><\/span><\/div><div class=\"fusion-text fusion-text-4\"><h3>OLIGO LICHTTECHNIK GMBH<\/h3>\n<p>Tannenweg 1<br \/>\n53757 Sankt Augustin<br \/>\nTel.: +49 2241 8958-0<br \/>\nE-Mail: info<!-- abc@def -->@oli<!-- abc@def -->go.de<\/p>\n<p><a href=\"https:\/\/www.google.com\/maps?f=d&amp;saddr=Tannenweg+1,+53757+Sankt+Augustin,+DE}&amp;dirflg=d\" target=\"_blank\" rel=\"noopener noreferrer\"><em>Route planen &gt;<\/em><\/a><\/p>\n<\/div><div class=\"fusion-clearfix\"><\/div><\/div><\/div><div class=\"fusion-layout-column fusion_builder_column fusion-builder-column-8 fusion_builder_column_1_2 1_2 fusion-one-half fusion-column-last\" style=\"--awb-bg-size:cover;width:50%;width:calc(50% - ( ( 4% ) * 0.5 ) );\"><div class=\"fusion-column-wrapper fusion-column-has-shadow fusion-flex-column-wrapper-legacy\"><div class=\"fusion-image-element in-legacy-container\" style=\"--awb-caption-title-font-family:var(--h2_typography-font-family);--awb-caption-title-font-weight:var(--h2_typography-font-weight);--awb-caption-title-font-style:var(--h2_typography-font-style);--awb-caption-title-size:var(--h2_typography-font-size);--awb-caption-title-transform:var(--h2_typography-text-transform);--awb-caption-title-line-height:var(--h2_typography-line-height);--awb-caption-title-letter-spacing:var(--h2_typography-letter-spacing);\"><span class=\" fusion-imageframe imageframe-none imageframe-4 hover-type-none\"><img decoding=\"async\" width=\"600\" height=\"255\" alt=\"RSL Lichttechnik GmbH\" title=\"RSL Sankt Augustin bei K\u00f6ln\" src=\"https:\/\/www.surface-controls.com\/wp-content\/uploads\/2020\/08\/rsl-sankt-augustin.jpg\" class=\"img-responsive wp-image-3633\" srcset=\"https:\/\/www.surface-controls.com\/wp-content\/uploads\/2020\/08\/rsl-sankt-augustin-200x85.jpg 200w, https:\/\/www.surface-controls.com\/wp-content\/uploads\/2020\/08\/rsl-sankt-augustin-400x170.jpg 400w, https:\/\/www.surface-controls.com\/wp-content\/uploads\/2020\/08\/rsl-sankt-augustin.jpg 600w\" sizes=\"(max-width: 850px) 100vw, 600px\" \/><\/span><\/div><div class=\"fusion-text fusion-text-5\"><h3>RSL LICHTTECHNIK GMBH<\/h3>\n<p>Tannenweg 1<br \/>\n53757 Sankt Augustin<br \/>\nTel.: +49 2241 861-0<br \/>\nE-Mail: inf<!-- abc@def -->o@r<!-- abc@def -->sl.de<\/p>\n<p><a href=\"https:\/\/www.google.com\/maps?f=d&amp;saddr=Tannenweg+1,+53757+Sankt+Augustin,+DE}&amp;dirflg=d\" target=\"_blank\" rel=\"noopener noreferrer\"><em>Route planen &gt;<\/em><\/a><\/p>\n<\/div><div class=\"fusion-clearfix\"><\/div><\/div><\/div><\/div><\/div><\/p>\n","protected":false},"excerpt":{"rendered":"","protected":false},"author":1,"featured_media":0,"parent":72,"menu_order":2,"comment_status":"closed","ping_status":"closed","template":"100-width.php","meta":{"footnotes":""},"class_list":["post-76","page","type-page","status-publish","hentry"],"yoast_head":"<!-- This site is optimized with the Yoast SEO plugin v27.4 - https:\/\/yoast.com\/product\/yoast-seo-wordpress\/ -->\n<title>OLIGO surface controls Standorte in Deutschland und in Singapur<\/title>\n<meta name=\"description\" content=\"In unseren Technologiezentren erm\u00f6glichen wir Ihnen Audits mit den OLIGO Optiken. Eine gemeinsame Bewertung unter verschiedenen Lichtsystemen.\" \/>\n<meta name=\"robots\" content=\"index, follow, max-snippet:-1, max-image-preview:large, max-video-preview:-1\" \/>\n<link rel=\"canonical\" href=\"https:\/\/www.surface-controls.com\/de\/unternehmen\/standorte\/\" \/>\n<meta property=\"og:locale\" content=\"de_DE\" \/>\n<meta property=\"og:type\" content=\"article\" \/>\n<meta property=\"og:title\" content=\"OLIGO surface controls Standorte in Deutschland und in Singapur\" \/>\n<meta property=\"og:description\" content=\"In unseren Technologiezentren erm\u00f6glichen wir Ihnen Audits mit den OLIGO Optiken. Eine gemeinsame Bewertung unter verschiedenen Lichtsystemen.\" \/>\n<meta property=\"og:url\" content=\"https:\/\/www.surface-controls.com\/de\/unternehmen\/standorte\/\" \/>\n<meta property=\"og:site_name\" content=\"Surface Controls\" \/>\n<meta property=\"article:modified_time\" content=\"2025-09-09T08:18:02+00:00\" \/>\n<meta name=\"twitter:card\" content=\"summary_large_image\" \/>\n<meta name=\"twitter:label1\" content=\"Gesch\u00e4tzte Lesezeit\" \/>\n\t<meta name=\"twitter:data1\" content=\"3\u00a0Minuten\" \/>\n<script type=\"application\/ld+json\" class=\"yoast-schema-graph\">{\"@context\":\"https:\\\/\\\/schema.org\",\"@graph\":[{\"@type\":\"WebPage\",\"@id\":\"https:\\\/\\\/www.surface-controls.com\\\/de\\\/unternehmen\\\/standorte\\\/\",\"url\":\"https:\\\/\\\/www.surface-controls.com\\\/de\\\/unternehmen\\\/standorte\\\/\",\"name\":\"OLIGO surface controls Standorte in Deutschland und in Singapur\",\"isPartOf\":{\"@id\":\"https:\\\/\\\/www.surface-controls.com\\\/de\\\/#website\"},\"datePublished\":\"2019-04-10T07:49:06+00:00\",\"dateModified\":\"2025-09-09T08:18:02+00:00\",\"description\":\"In unseren Technologiezentren erm\u00f6glichen wir Ihnen Audits mit den OLIGO Optiken. Eine gemeinsame Bewertung unter verschiedenen Lichtsystemen.\",\"breadcrumb\":{\"@id\":\"https:\\\/\\\/www.surface-controls.com\\\/de\\\/unternehmen\\\/standorte\\\/#breadcrumb\"},\"inLanguage\":\"de\",\"potentialAction\":[{\"@type\":\"ReadAction\",\"target\":[\"https:\\\/\\\/www.surface-controls.com\\\/de\\\/unternehmen\\\/standorte\\\/\"]}]},{\"@type\":\"BreadcrumbList\",\"@id\":\"https:\\\/\\\/www.surface-controls.com\\\/de\\\/unternehmen\\\/standorte\\\/#breadcrumb\",\"itemListElement\":[{\"@type\":\"ListItem\",\"position\":1,\"name\":\"Startseite\",\"item\":\"https:\\\/\\\/www.surface-controls.com\\\/de\\\/\"},{\"@type\":\"ListItem\",\"position\":2,\"name\":\"Unternehmen\",\"item\":\"https:\\\/\\\/www.surface-controls.com\\\/de\\\/unternehmen\\\/\"},{\"@type\":\"ListItem\",\"position\":3,\"name\":\"Standorte\"}]},{\"@type\":\"WebSite\",\"@id\":\"https:\\\/\\\/www.surface-controls.com\\\/de\\\/#website\",\"url\":\"https:\\\/\\\/www.surface-controls.com\\\/de\\\/\",\"name\":\"Surface Controls\",\"description\":\"Leuchten zur Oberfl\u00e4chenkontrolle\",\"potentialAction\":[{\"@type\":\"SearchAction\",\"target\":{\"@type\":\"EntryPoint\",\"urlTemplate\":\"https:\\\/\\\/www.surface-controls.com\\\/de\\\/?s={search_term_string}\"},\"query-input\":{\"@type\":\"PropertyValueSpecification\",\"valueRequired\":true,\"valueName\":\"search_term_string\"}}],\"inLanguage\":\"de\"}]}<\/script>\n<!-- \/ Yoast SEO plugin. -->","yoast_head_json":{"title":"OLIGO surface controls Standorte in Deutschland und in Singapur","description":"In unseren Technologiezentren erm\u00f6glichen wir Ihnen Audits mit den OLIGO Optiken. Eine gemeinsame Bewertung unter verschiedenen Lichtsystemen.","robots":{"index":"index","follow":"follow","max-snippet":"max-snippet:-1","max-image-preview":"max-image-preview:large","max-video-preview":"max-video-preview:-1"},"canonical":"https:\/\/www.surface-controls.com\/de\/unternehmen\/standorte\/","og_locale":"de_DE","og_type":"article","og_title":"OLIGO surface controls Standorte in Deutschland und in Singapur","og_description":"In unseren Technologiezentren erm\u00f6glichen wir Ihnen Audits mit den OLIGO Optiken. Eine gemeinsame Bewertung unter verschiedenen Lichtsystemen.","og_url":"https:\/\/www.surface-controls.com\/de\/unternehmen\/standorte\/","og_site_name":"Surface Controls","article_modified_time":"2025-09-09T08:18:02+00:00","twitter_card":"summary_large_image","twitter_misc":{"Gesch\u00e4tzte Lesezeit":"3\u00a0Minuten"},"schema":{"@context":"https:\/\/schema.org","@graph":[{"@type":"WebPage","@id":"https:\/\/www.surface-controls.com\/de\/unternehmen\/standorte\/","url":"https:\/\/www.surface-controls.com\/de\/unternehmen\/standorte\/","name":"OLIGO surface controls Standorte in Deutschland und in Singapur","isPartOf":{"@id":"https:\/\/www.surface-controls.com\/de\/#website"},"datePublished":"2019-04-10T07:49:06+00:00","dateModified":"2025-09-09T08:18:02+00:00","description":"In unseren Technologiezentren erm\u00f6glichen wir Ihnen Audits mit den OLIGO Optiken. Eine gemeinsame Bewertung unter verschiedenen Lichtsystemen.","breadcrumb":{"@id":"https:\/\/www.surface-controls.com\/de\/unternehmen\/standorte\/#breadcrumb"},"inLanguage":"de","potentialAction":[{"@type":"ReadAction","target":["https:\/\/www.surface-controls.com\/de\/unternehmen\/standorte\/"]}]},{"@type":"BreadcrumbList","@id":"https:\/\/www.surface-controls.com\/de\/unternehmen\/standorte\/#breadcrumb","itemListElement":[{"@type":"ListItem","position":1,"name":"Startseite","item":"https:\/\/www.surface-controls.com\/de\/"},{"@type":"ListItem","position":2,"name":"Unternehmen","item":"https:\/\/www.surface-controls.com\/de\/unternehmen\/"},{"@type":"ListItem","position":3,"name":"Standorte"}]},{"@type":"WebSite","@id":"https:\/\/www.surface-controls.com\/de\/#website","url":"https:\/\/www.surface-controls.com\/de\/","name":"Surface Controls","description":"Leuchten zur Oberfl\u00e4chenkontrolle","potentialAction":[{"@type":"SearchAction","target":{"@type":"EntryPoint","urlTemplate":"https:\/\/www.surface-controls.com\/de\/?s={search_term_string}"},"query-input":{"@type":"PropertyValueSpecification","valueRequired":true,"valueName":"search_term_string"}}],"inLanguage":"de"}]}},"_links":{"self":[{"href":"https:\/\/www.surface-controls.com\/de\/wp-json\/wp\/v2\/pages\/76","targetHints":{"allow":["GET"]}}],"collection":[{"href":"https:\/\/www.surface-controls.com\/de\/wp-json\/wp\/v2\/pages"}],"about":[{"href":"https:\/\/www.surface-controls.com\/de\/wp-json\/wp\/v2\/types\/page"}],"author":[{"embeddable":true,"href":"https:\/\/www.surface-controls.com\/de\/wp-json\/wp\/v2\/users\/1"}],"replies":[{"embeddable":true,"href":"https:\/\/www.surface-controls.com\/de\/wp-json\/wp\/v2\/comments?post=76"}],"version-history":[{"count":65,"href":"https:\/\/www.surface-controls.com\/de\/wp-json\/wp\/v2\/pages\/76\/revisions"}],"predecessor-version":[{"id":6945,"href":"https:\/\/www.surface-controls.com\/de\/wp-json\/wp\/v2\/pages\/76\/revisions\/6945"}],"up":[{"embeddable":true,"href":"https:\/\/www.surface-controls.com\/de\/wp-json\/wp\/v2\/pages\/72"}],"wp:attachment":[{"href":"https:\/\/www.surface-controls.com\/de\/wp-json\/wp\/v2\/media?parent=76"}],"curies":[{"name":"wp","href":"https:\/\/api.w.org\/{rel}","templated":true}]}}