{"id":9,"date":"2019-04-08T09:49:50","date_gmt":"2019-04-08T09:49:50","guid":{"rendered":"https:\/\/www.surface-controls.com\/?page_id=9"},"modified":"2024-09-06T09:56:55","modified_gmt":"2024-09-06T09:56:55","slug":"impressum","status":"publish","type":"page","link":"https:\/\/www.surface-controls.com\/de\/impressum\/","title":{"rendered":"Impressum"},"content":{"rendered":"<div class=\"fusion-fullwidth fullwidth-box fusion-builder-row-1 nonhundred-percent-fullwidth non-hundred-percent-height-scrolling\" style=\"--awb-border-radius-top-left:0px;--awb-border-radius-top-right:0px;--awb-border-radius-bottom-right:0px;--awb-border-radius-bottom-left:0px;--awb-flex-wrap:wrap;\" ><div class=\"fusion-builder-row fusion-row\"><div class=\"fusion-layout-column fusion_builder_column fusion-builder-column-0 fusion_builder_column_1_1 1_1 fusion-one-full fusion-column-first fusion-column-last\" style=\"--awb-padding-top:5%;--awb-padding-right:5%;--awb-padding-bottom:5%;--awb-padding-left:5%;--awb-bg-color:#ffffff;--awb-bg-color-hover:#ffffff;--awb-bg-size:cover;\"><div class=\"fusion-column-wrapper fusion-column-has-shadow fusion-flex-column-wrapper-legacy\"><div class=\"fusion-title title fusion-title-1 fusion-title-center fusion-title-text fusion-title-size-one\" style=\"--awb-margin-bottom:5%;\"><div class=\"title-sep-container title-sep-container-left\"><div class=\"title-sep sep- sep-solid\" style=\"border-color:#e0dede;\"><\/div><\/div><span class=\"awb-title-spacer\"><\/span><h1 class=\"fusion-title-heading title-heading-center fusion-responsive-typography-calculated\" style=\"margin:0;--fontSize:34;line-height:1.41;\">Impressum<\/h1><span class=\"awb-title-spacer\"><\/span><div class=\"title-sep-container title-sep-container-right\"><div class=\"title-sep sep- sep-solid\" style=\"border-color:#e0dede;\"><\/div><\/div><\/div><p><b>OLIGO Lichttechnik GmbH<br \/>surface controls<\/b><br \/>Lange Felder 6<br \/>19309 Lenzen (Elbe)<br \/>Tel.: +49 - (0)38792 - 9850<br \/>E-Mail: inf<!-- abc@def -->o&commat;surface-control<!-- @abc.com -->s&period;de<br \/><br \/>Gesch\u00e4ftsf\u00fchrer: Dr. Robert H\u00f6rstrup<br \/>Registergericht: Amtsgericht Siegburg \/ HRB 12198<br \/>Erf\u00fcllungsort u. Gerichtsstand ist Siegburg<br \/>USt-IdNr. \/ VAT: DE 815409133<\/p><div class=\"fusion-clearfix\"><\/div><\/div><\/div><\/div><\/div>\n","protected":false},"excerpt":{"rendered":"","protected":false},"author":1,"featured_media":0,"parent":0,"menu_order":22,"comment_status":"closed","ping_status":"closed","template":"","meta":{"footnotes":""},"class_list":["post-9","page","type-page","status-publish","hentry"],"yoast_head":"<!-- This site is optimized with the Yoast SEO plugin v27.4 - https:\/\/yoast.com\/product\/yoast-seo-wordpress\/ -->\n<title>Impressum- OLIGO Lichttechnik GmbH surface controls<\/title>\n<meta name=\"description\" content=\"Impressum der OLIGO Lichttechnik GmbH surface controls - Gesch\u00e4ftsf\u00fchrer Dr. Robert H\u00f6rstrup - Tel.: +49 - (0)38792 - 9850 - HRB 12198\" \/>\n<meta name=\"robots\" content=\"noindex, follow\" \/>\n<meta property=\"og:locale\" content=\"de_DE\" \/>\n<meta property=\"og:type\" content=\"article\" \/>\n<meta property=\"og:title\" content=\"Impressum- OLIGO Lichttechnik GmbH surface controls\" \/>\n<meta property=\"og:description\" content=\"Impressum der OLIGO Lichttechnik GmbH surface controls - Gesch\u00e4ftsf\u00fchrer Dr. Robert H\u00f6rstrup - Tel.: +49 - (0)38792 - 9850 - HRB 12198\" \/>\n<meta property=\"og:url\" content=\"https:\/\/www.surface-controls.com\/de\/impressum\/\" \/>\n<meta property=\"og:site_name\" content=\"Surface Controls\" \/>\n<meta property=\"article:modified_time\" content=\"2024-09-06T09:56:55+00:00\" \/>\n<meta name=\"twitter:card\" content=\"summary_large_image\" \/>\n<meta name=\"twitter:label1\" content=\"Gesch\u00e4tzte Lesezeit\" \/>\n\t<meta name=\"twitter:data1\" content=\"1\u00a0Minute\" \/>\n<script type=\"application\/ld+json\" class=\"yoast-schema-graph\">{\"@context\":\"https:\\\/\\\/schema.org\",\"@graph\":[{\"@type\":\"WebPage\",\"@id\":\"https:\\\/\\\/www.surface-controls.com\\\/de\\\/impressum\\\/\",\"url\":\"https:\\\/\\\/www.surface-controls.com\\\/de\\\/impressum\\\/\",\"name\":\"Impressum- OLIGO Lichttechnik GmbH surface controls\",\"isPartOf\":{\"@id\":\"https:\\\/\\\/www.surface-controls.com\\\/de\\\/#website\"},\"datePublished\":\"2019-04-08T09:49:50+00:00\",\"dateModified\":\"2024-09-06T09:56:55+00:00\",\"description\":\"Impressum der OLIGO Lichttechnik GmbH surface controls - Gesch\u00e4ftsf\u00fchrer Dr. Robert H\u00f6rstrup - Tel.: +49 - (0)38792 - 9850 - HRB 12198\",\"breadcrumb\":{\"@id\":\"https:\\\/\\\/www.surface-controls.com\\\/de\\\/impressum\\\/#breadcrumb\"},\"inLanguage\":\"de\",\"potentialAction\":[{\"@type\":\"ReadAction\",\"target\":[\"https:\\\/\\\/www.surface-controls.com\\\/de\\\/impressum\\\/\"]}]},{\"@type\":\"BreadcrumbList\",\"@id\":\"https:\\\/\\\/www.surface-controls.com\\\/de\\\/impressum\\\/#breadcrumb\",\"itemListElement\":[{\"@type\":\"ListItem\",\"position\":1,\"name\":\"Startseite\",\"item\":\"https:\\\/\\\/www.surface-controls.com\\\/de\\\/\"},{\"@type\":\"ListItem\",\"position\":2,\"name\":\"Impressum\"}]},{\"@type\":\"WebSite\",\"@id\":\"https:\\\/\\\/www.surface-controls.com\\\/de\\\/#website\",\"url\":\"https:\\\/\\\/www.surface-controls.com\\\/de\\\/\",\"name\":\"Surface Controls\",\"description\":\"Leuchten zur Oberfl\u00e4chenkontrolle\",\"potentialAction\":[{\"@type\":\"SearchAction\",\"target\":{\"@type\":\"EntryPoint\",\"urlTemplate\":\"https:\\\/\\\/www.surface-controls.com\\\/de\\\/?s={search_term_string}\"},\"query-input\":{\"@type\":\"PropertyValueSpecification\",\"valueRequired\":true,\"valueName\":\"search_term_string\"}}],\"inLanguage\":\"de\"}]}<\/script>\n<!-- \/ Yoast SEO plugin. -->","yoast_head_json":{"title":"Impressum- OLIGO Lichttechnik GmbH surface controls","description":"Impressum der OLIGO Lichttechnik GmbH surface controls - Gesch\u00e4ftsf\u00fchrer Dr. Robert H\u00f6rstrup - Tel.: +49 - (0)38792 - 9850 - HRB 12198","robots":{"index":"noindex","follow":"follow"},"og_locale":"de_DE","og_type":"article","og_title":"Impressum- OLIGO Lichttechnik GmbH surface controls","og_description":"Impressum der OLIGO Lichttechnik GmbH surface controls - Gesch\u00e4ftsf\u00fchrer Dr. Robert H\u00f6rstrup - Tel.: +49 - (0)38792 - 9850 - HRB 12198","og_url":"https:\/\/www.surface-controls.com\/de\/impressum\/","og_site_name":"Surface Controls","article_modified_time":"2024-09-06T09:56:55+00:00","twitter_card":"summary_large_image","twitter_misc":{"Gesch\u00e4tzte Lesezeit":"1\u00a0Minute"},"schema":{"@context":"https:\/\/schema.org","@graph":[{"@type":"WebPage","@id":"https:\/\/www.surface-controls.com\/de\/impressum\/","url":"https:\/\/www.surface-controls.com\/de\/impressum\/","name":"Impressum- OLIGO Lichttechnik GmbH surface controls","isPartOf":{"@id":"https:\/\/www.surface-controls.com\/de\/#website"},"datePublished":"2019-04-08T09:49:50+00:00","dateModified":"2024-09-06T09:56:55+00:00","description":"Impressum der OLIGO Lichttechnik GmbH surface controls - Gesch\u00e4ftsf\u00fchrer Dr. Robert H\u00f6rstrup - Tel.: +49 - (0)38792 - 9850 - HRB 12198","breadcrumb":{"@id":"https:\/\/www.surface-controls.com\/de\/impressum\/#breadcrumb"},"inLanguage":"de","potentialAction":[{"@type":"ReadAction","target":["https:\/\/www.surface-controls.com\/de\/impressum\/"]}]},{"@type":"BreadcrumbList","@id":"https:\/\/www.surface-controls.com\/de\/impressum\/#breadcrumb","itemListElement":[{"@type":"ListItem","position":1,"name":"Startseite","item":"https:\/\/www.surface-controls.com\/de\/"},{"@type":"ListItem","position":2,"name":"Impressum"}]},{"@type":"WebSite","@id":"https:\/\/www.surface-controls.com\/de\/#website","url":"https:\/\/www.surface-controls.com\/de\/","name":"Surface Controls","description":"Leuchten zur Oberfl\u00e4chenkontrolle","potentialAction":[{"@type":"SearchAction","target":{"@type":"EntryPoint","urlTemplate":"https:\/\/www.surface-controls.com\/de\/?s={search_term_string}"},"query-input":{"@type":"PropertyValueSpecification","valueRequired":true,"valueName":"search_term_string"}}],"inLanguage":"de"}]}},"_links":{"self":[{"href":"https:\/\/www.surface-controls.com\/de\/wp-json\/wp\/v2\/pages\/9","targetHints":{"allow":["GET"]}}],"collection":[{"href":"https:\/\/www.surface-controls.com\/de\/wp-json\/wp\/v2\/pages"}],"about":[{"href":"https:\/\/www.surface-controls.com\/de\/wp-json\/wp\/v2\/types\/page"}],"author":[{"embeddable":true,"href":"https:\/\/www.surface-controls.com\/de\/wp-json\/wp\/v2\/users\/1"}],"replies":[{"embeddable":true,"href":"https:\/\/www.surface-controls.com\/de\/wp-json\/wp\/v2\/comments?post=9"}],"version-history":[{"count":16,"href":"https:\/\/www.surface-controls.com\/de\/wp-json\/wp\/v2\/pages\/9\/revisions"}],"predecessor-version":[{"id":5971,"href":"https:\/\/www.surface-controls.com\/de\/wp-json\/wp\/v2\/pages\/9\/revisions\/5971"}],"wp:attachment":[{"href":"https:\/\/www.surface-controls.com\/de\/wp-json\/wp\/v2\/media?parent=9"}],"curies":[{"name":"wp","href":"https:\/\/api.w.org\/{rel}","templated":true}]}}