{"id":2264,"date":"2020-04-01T11:09:14","date_gmt":"2020-04-01T11:09:14","guid":{"rendered":"https:\/\/www.surface-controls.com\/?page_id=2264"},"modified":"2021-04-28T08:55:12","modified_gmt":"2021-04-28T08:55:12","slug":"privacy-policy","status":"publish","type":"page","link":"https:\/\/www.surface-controls.com\/en\/privacy-policy\/","title":{"rendered":"Privacy Policy"},"content":{"rendered":"<div class=\"fusion-fullwidth fullwidth-box fusion-builder-row-1 nonhundred-percent-fullwidth non-hundred-percent-height-scrolling\" style=\"--awb-border-radius-top-left:0px;--awb-border-radius-top-right:0px;--awb-border-radius-bottom-right:0px;--awb-border-radius-bottom-left:0px;--awb-flex-wrap:wrap;\" ><div class=\"fusion-builder-row fusion-row\"><div class=\"fusion-layout-column fusion_builder_column fusion-builder-column-0 fusion_builder_column_1_1 1_1 fusion-one-full fusion-column-first fusion-column-last\" style=\"--awb-padding-top:5%;--awb-padding-right:5%;--awb-padding-bottom:5%;--awb-padding-left:5%;--awb-bg-color:#ffffff;--awb-bg-color-hover:#ffffff;--awb-bg-size:cover;--awb-margin-bottom:0px;\"><div class=\"fusion-column-wrapper fusion-column-has-shadow fusion-flex-column-wrapper-legacy\"><div class=\"fusion-title title fusion-title-1 fusion-title-center fusion-title-text fusion-title-size-one\" style=\"--awb-margin-bottom:5%;--awb-margin-bottom-small:5%;\"><div class=\"title-sep-container title-sep-container-left\"><div class=\"title-sep sep- sep-solid\" style=\"border-color:#e0dede;\"><\/div><\/div><span class=\"awb-title-spacer\"><\/span><h1 class=\"fusion-title-heading title-heading-center fusion-responsive-typography-calculated\" style=\"margin:0;--fontSize:34;line-height:1.41;\">Privacy Policy<\/h1><span class=\"awb-title-spacer\"><\/span><div class=\"title-sep-container title-sep-container-right\"><div class=\"title-sep sep- sep-solid\" style=\"border-color:#e0dede;\"><\/div><\/div><\/div><div class=\"fusion-text fusion-text-1\"><h4>Datenschutzhinweise f\u00fcr die OLIGO Lichttechnik GmbH surface controls<br \/>\nStand: August 2020<\/h4>\n<p><strong>1. Wer ist f\u00fcr die Datenverarbeitung verantwortlich?<\/strong><\/p>\n<p>Verantwortlich f\u00fcr die Verarbeitung Ihrer personenbezogenen Daten bei dem Besuch der Webseite surface-controls.com ist die OLIGO Lichttechnik GmbH surface controls (\u201eOLIGO\u201c). Die Kontaktdaten lauten:<\/p>\n<p>OLIGO Lichttechnik GmbH surface controls<br \/>\nLange Felder 6<br \/>\n19309 Lenzen (Elbe)<br \/>\nTelefon: +49 (0) 387 92 \/ 985 &#8211; 0<\/p>\n<p><strong>2. An wen k\u00f6nnen Sie sich bei Fragen zur Datenverarbeitung wenden?<\/strong><\/p>\n<p>Fragen zur Verarbeitung Ihrer Daten k\u00f6nnen Sie jederzeit an den Datenschutzbeauftragten richten. Die Anschrift des Datenschutzbeauftragten lautet:<\/p>\n<p>OLIGO Lichttechnik GmbH<br \/>\nDatenschutzbeauftragter<br \/>\nTannenweg 1<br \/>\n53757 Sankt Augustin<\/p>\n<p>Falls Sie Fragen zu Ihren Betroffenenrechten (wie Datenauskunft, Datenl\u00f6schung oder Werbewiderspruch) haben sowie bei weiteren datenschutzrechtlichen Fragen kontaktieren Sie bitte: <a href=\"mailto:datenschutz@oligo.de\" rel=\"noopener noreferrer\" target=\"_blank\">datenschutz@oligo.de<\/a>. <\/p>\n<p><strong>3. Welche Daten verarbeiten wir von Ihnen?<\/strong><\/p>\n<p>Wir verarbeiten Ihre personenbezogenen Daten, wenn Sie die Webseite surface-controls.de besuchen, uns Informationen \u00fcber ein Kontaktformular auf unserer Webseite mitteilen oder auf andere Art und Weise mit uns in Kontakt treten. Im Einzelnen k\u00f6nnen dies folgende Daten sein:<\/p>\n<ul>\n<li>Daten, die Sie f\u00fcr die Einrichtung eines OLIGO-Kundenkontos angeben (u.a. Anrede, Vorname, Nachname, E-Mail-Adresse, Gesch\u00e4ftskunde, Privatkunde, Kundennummer, Datum der Registrierung, Datum der Gesch\u00e4ftsvorg\u00e4nge)<\/li>\n<li>Daten \u00fcber Ihre Anfragen und Bestellungen<\/li>\n<li>Daten, die f\u00fcr die Abwicklung der Bestellung und ggf. Anlieferung oder Montagen ben\u00f6tigt werden (Rechnungsadresse, Lieferadresse, Montageort, Mobilfunknummer, bevorzugte Montagezeiten)<\/li>\n<li>Daten, die bei der Nutzung unserer Webseite surface-controls.com durch die Verwendung von Cookies, Web-Beacons, Werbe-IDs und andere eindeutige Kennungen anfallen (aufgerufene Seiten, angeklickte Links, genutzte Services, Zeitpunkt der Nutzung)<\/li>\n<li>Daten, die Sie uns bei der Kundenzufriedenheitsumfrage mitteilen (u.a. E-Mail- Adresse, Anrede, Vorname, Nachname, Postleitzahl)<\/li>\n<li>Daten, die Sie uns \u00fcber ein Webformular oder auf andere Weise zur Verf\u00fcgung stellen, wenn Sie mit unserem Kundenservice in Kontakt treten<\/li>\n<li>Daten, die Sie uns mitteilen, wenn Sie sich auf eine ausgeschriebene Stelle oder initiativ bei uns bewerben (pers\u00f6nliche Daten, Daten zur Ausbildung, Daten zum bisherigen beruflichen Werdegang, Anschreiben, Lebenslauf, Portr\u00e4tfoto, Zeugnisse)<\/li>\n<\/ul>\n<p>Die genannten Daten verarbeiten wir nur, soweit diese tats\u00e4chlich bei uns anfallen. <\/p>\n<p><strong>4. Besteht eine Pflicht zur Bereitstellung der Daten?<\/strong><\/p>\n<p>Die Bereitstellung Ihrer Daten ist gesetzlich nicht vorgeschrieben. Einige der genannten Daten sind jedoch erforderlich, um ein OLIGO-Kundenkonto einrichten sowie Bestellungen \u00fcber Waren und Dienstleistungen  abschlie\u00dfen und durchf\u00fchren zu k\u00f6nnen. Ohne die Mitteilung der zur Bestellabwicklung ben\u00f6tigten Daten sind wir nicht in der Lage, mit Ihnen die Lieferung von Waren und Dienstleistungen einzugehen. <\/p>\n<p><strong>5. F\u00fcr welche Zwecke verarbeiten wir Ihre Daten und auf welcher Rechtsgrundlage erfolgt dies?<\/strong><\/p>\n<p><strong>5.1   OLIGO-Kundenkonto<\/strong><\/p>\n<p>Wenn Sie sich bei uns als Kunde registrieren, richten wir f\u00fcr Sie ein Kundenkonto ein. In Ihrem OLIGO-Kundenkonto verwalten wir Ihre Daten und vergangene, offene, f\u00fcr die Abholung oder in Auslieferung befindliche Bestellungen. Rechtsgrundlage f\u00fcr die beschriebene Datenverarbeitung ist Art. 6 Abs. 1 Buchstabe b Datenschutz-Grundverordnung (vorvertragliche Ma\u00dfnahmen und Vertragserf\u00fcllung).<\/p>\n<p><strong>5.2   Abwicklung von Warenk\u00e4ufen und Bestellungen<\/strong><\/p>\n<p>Wir verarbeiten Ihre Daten f\u00fcr die Abwicklung von Warenk\u00e4ufen und Bestellungen.<\/p>\n<p><strong>5.2.1. Erf\u00fcllung der Bestellung<\/strong><\/p>\n<p>Um die Bestellabwicklung zu erm\u00f6glichen, verarbeiten wir die hierf\u00fcr erforderlichen Daten in unserem Warenwirtschaftsprogramm. Hierzu geh\u00f6ren Daten zur Lieferung von Waren, Abwicklung von Zahlungen, gegebenenfalls die Gew\u00e4hrung von Rabatten, Inanspruchnahme von Gutscheinen, die Bearbeitung von Retouren und M\u00e4ngelanspr\u00fcchen. Rechtsgrundlage f\u00fcr die beschriebene Datenverarbeitung ist Art. 6 Abs. 1 Buchstabe b Datenschutz-Grundverordnung (Erf\u00fcllung des Kaufvertrags).<\/p>\n<p><strong>5.3   Produktr\u00fcckruf<\/strong><\/p>\n<p>Wir verarbeiten Ihre Daten (Name, E-Mail-Adresse, Transaktionsdaten), um die Sicherheit bei fehlerhaften Produkten zu gew\u00e4hrleisten und m\u00f6gliche Personen- oder Sachsch\u00e4den abzuwenden. Rechtsgrundlage f\u00fcr die beschriebene Datenverarbeitung ist Art. 6 Abs. 1 Buchstaben c, d Datenschutz-Grundverordnung (Erf\u00fcllung einer rechtlichen Verpflichtung, der OLIGO unterliegt, bzw. Schutz von lebenswichtigen Interessen der betroffenen Person oder einer anderen nat\u00fcrlichen Person).<\/p>\n<p><strong>5.4  Webseitenanalyse \/ Tracking<\/strong><\/p>\n<p>Zur bedarfsgerechten Gestaltung unserer Webseite erstellen wir pseudonyme Nutzungsprofile mithilfe von Google Analytics. Die genannten Webseitenanalysetools verwenden Cookies. Diese erm\u00f6glichen eine Analyse der Webseitenbenutzung durch Sie. Ihre IP-Adresse wird lediglich in anonymisierter Form verarbeitet. Die Webseitenanalysetools werten Ihre Nutzung der Webseite f\u00fcr uns aus und stellen Berichte \u00fcber die Webseitenaktivit\u00e4ten zusammen. Sie k\u00f6nnen der Erstellung der pseudonymen Nutzungsprofile jederzeit widersprechen.<br \/>\nGoogle Analytics: Der Webanalyse durch Google Analytics k\u00f6nnen Sie durch Setzen eines Opt out-Cookies widersprechen. Dieses weist Google an, Ihre Daten nicht f\u00fcr Zwecke der Webanalyse zu verarbeiten. Bitte beachten Sie, dass bei dieser L\u00f6sung die Webanalyse nur so lange nicht erfolgen wird, wie das Opt out-Cookie vom Browser gespeichert wird. Wenn Sie sich \u00fcber Google Analytics informieren m\u00f6chten, klicken Sie bitte <a href=\"http:\/\/analytics.google.com\/analytics\/web\/provision\/#\/provision\" rel=\"noopener noreferrer\" target=\"_blank\">hier<\/a>.<\/p>\n<p>Rechtsgrundlage f\u00fcr die beschriebene Datenverarbeitung ist Art. 6 Abs. 1 Buchstabe f Datenschutz-Grundverordnung (Interessenabw\u00e4gung, basierend auf dem Interesse von OLIGO, die Nutzung seiner Webseiten zu messen und zu analysieren).<\/p>\n<p><strong>5.5 Kontakt<\/strong><\/p>\n<p>Sie k\u00f6nnen \u00fcber E-Mail, postalisch und telefonisch Kontakt mit uns aufnehmen. Ihre Daten verarbeiten wir, um Ihre Anfrage zu beantworten und gegebenenfalls f\u00fcr die Zusendung von gew\u00fcnschtem Informationsmaterial. Ihre Daten k\u00f6nnen an die f\u00fcr Ihr Anliegen zust\u00e4ndige Stelle \u00fcbermittelt werden. Rechtsgrundlage f\u00fcr die beschriebene Datenverarbeitung ist Art. 6 Abs. 1 Buchstaben b, f Datenschutz-Grundverordnung (vorvertragliche Ma\u00dfnahme, Vertragserf\u00fcllung bzw. Interessenabw\u00e4gung, basierend auf dem Interesse von OLIGO, Anfragen von Kunden und anderen Personen zu beantworten).<\/p>\n<p><strong>5.6 Bewerbung<\/strong><\/p>\n<p>Auf unserer Webseite haben Sie die M\u00f6glichkeit, sich (durch Weiterleitung &#8211; beim Klick auf <a href=\"https:\/\/www.surface-controls.com\/de\/unternehmen\/karriere\/\">https:\/\/www.surface-controls.com\/de\/unternehmen\/karriere\/<\/a> \u00fcber ausgeschriebene Stellen zu informieren und per E-Mail zu bewerben oder eine Initiativbewerbung abzugeben. Ihre Daten werden von der Personalabteilung entgegengenommen und in Zusammenarbeit mit der Gesch\u00e4ftsf\u00fchrung gesichtet und ausgewertet. Alle Beteiligten behandeln Ihre Bewerbungsunterlagen mit der gebotenen Sorgfalt und strengsten Vertraulichkeit. Rechtsgrundlagen f\u00fcr die beschriebene Datenverarbeitung sind Art. 6 Abs. 1 Buchstabe b Datenschutz-Grundverordnung und \u00a7 26 Abs. 1 Satz 1 BDSG (Entscheidung \u00fcber die Begr\u00fcndung eines Besch\u00e4ftigungsverh\u00e4ltnisses).<\/p>\n<p><strong>5.7 Webserverprotokolle<\/strong><\/p>\n<p>Wenn Sie unsere Webseiten besuchen, verarbeiten wir zur Gew\u00e4hrleistung der Sicherheit unserer IT-Systeme standardm\u00e4\u00dfig die Verbindungsdaten des anfragenden Rechners einschlie\u00dflich der IP-Adresse, die Webseiten, die Sie bei uns besuchen, das Datum und die Dauer des Besuchs, die Erkennungsdaten des verwendeten Browser- und Betriebssystem-Typs sowie die Webseite, von der aus Sie uns besuchen. Rechtsgrundlage f\u00fcr die beschriebene Datenverarbeitung ist Art. 6 Abs. 1 Buchstabe f Datenschutz-Grundverordnung (Interessenabw\u00e4gung, basierend auf dem Interesse von OLIGO, die Sicherheit von IT-Systemen zu gew\u00e4hrleisten).<\/p>\n<p><strong>5.8 Cookies<\/strong><\/p>\n<p>Wir setzen in einigen Bereichen unserer Webseite Cookies ein, z.B. um Pr\u00e4ferenzen der Besucher erkennen und die Webseite entsprechend optimal gestalten zu k\u00f6nnen. Dies erm\u00f6glicht eine Erleichterung der Navigation und ein hohes Ma\u00df an Benutzerfreundlichkeit. Cookies helfen uns ebenfalls bei der Identifizierung besonders popul\u00e4rer Bereiche unseres Internetangebots.<\/p>\n<p>Cookies sind kleine Textdateien, die auf der Festplatte Ihres Endger\u00e4ts abgelegt werden. Sie erlauben es, Informationen \u00fcber einen bestimmten Zeitraum vorzuhalten und Ihr Endger\u00e4t zu identifizieren. Zur besseren Benutzerf\u00fchrung und individuellen Leistungsdarstellung setzen wir permanente Cookies ein. Ferner verwenden wir so genannte Session-Cookies, die automatisch gel\u00f6scht werden, wenn Sie Ihren Browser schlie\u00dfen. Sie k\u00f6nnen Ihren Browser so einstellen, dass er Sie \u00fcber die Platzierung von Cookies informiert. So wird der Gebrauch von Cookies f\u00fcr Sie transparent. Wichtig: Wenn Sie die Nutzung von Cookies v\u00f6llig ausschlie\u00dfen, k\u00f6nnen Sie einzelne Funktionen unserer Webseite m\u00f6glicherweise nicht verwenden.<\/p>\n<p>Wir verwenden auf unserer Webseite folgende Kategorien von Cookies:<\/p>\n<ul>\n<li>unbedingt notwendige Cookies<\/li>\n<li>Performance Cookies<\/li>\n<li>Funktionalit\u00e4ts-\/ Personalisierungs-Cookies<\/li>\n<\/ul>\n<p><em>Unbedingt notwendige Cookies:<\/em> Diese Cookies sind notwendig, damit Sie sich auf der Webseite bewegen und ihre Funktionen nutzen k\u00f6nnen, etwa beim Zugriff auf passwortgesch\u00fctzte Bereiche. Ohne diese Cookies k\u00f6nnen wir bestimmte von Ihnen angeforderte Dienste nicht f\u00fcr Sie bereitstellen. Wir verwenden unbedingt notwendige Cookies, um registrierte Benutzer eindeutig zu identifizieren, damit diese w\u00e4hrend ihres Aufenthalts und bei erneuten Besuchen der Webseite erkannt werden.<\/p>\n<p><em>Performance Cookies:<\/em> Diese Cookies erfassen Informationen dar\u00fcber, wie Besucher eine Webseite nutzen, zum Beispiel, welche Seiten sie am h\u00e4ufigsten aufrufen und ob sie Fehlermeldungen von Webseiten erhalten. Die mithilfe dieser Cookies erhobenen Daten dienen dazu, die Funktionalit\u00e4t und den Service der Webseite zu verbessern. Wir verwenden Performance Cookies, um Statistiken dar\u00fcber zu erstellen, wie unsere Webseite genutzt wird, und zu sehen, wie effektiv unsere Werbekampagnen sind.<\/p>\n<p><em>Funktionalit\u00e4ts-\/ Personalisierungs-Cookies:<\/em> Diese Cookies erm\u00f6glichen es Webseiten, sich an fr\u00fchere Angaben eines Besuchers zu erinnern (z.B. Benutzername oder Sprache), um optimierte, auf den Besucher zugeschnittene Funktionalit\u00e4ten anzubieten. Diese Cookies dienen auch dazu, Einstellungen beizubehalten, die Sie auf der Webseite vornehmen (z.B. Schriftart oder -gr\u00f6\u00dfe und andere vom Nutzer anpassbare Optionen). Zudem dienen sie zur Bereitstellung von angeforderten Diensten (z.B. Abspielen eines Videos). Diese Cookies sind nicht in der Lage, Ihre Browser-Aktivit\u00e4ten auf anderen Webseiten zu verfolgen. Sie erfassen keinerlei Informationen \u00fcber Sie, die f\u00fcr Werbezwecke verwendbar sind und k\u00f6nnen nicht nachvollziehen, wo Sie im Internet au\u00dferhalb unserer Webseite waren. Wir verwenden Funktionalit\u00e4ts-\/ Personalisierungs-Cookies, um Sie bei einem Besuch unserer Webseite wiederzuerkennen, um Inhalte zu personalisieren und Ihre Einstellungen zu speichern.<\/p>\n<p><strong>6. Wer hat Zugang zu Ihren Daten und aus welchem Grund?<\/strong><\/p>\n<p>Innerhalb von OLIGO erhalten nur Personen Zugang zu Ihren Daten, die diese zur Erledigung der Ihnen \u00fcbertragenen Aufgaben ben\u00f6tigen. Au\u00dferhalb von OLIGO k\u00f6nnen Dienstleister, die uns bei der Erf\u00fcllung unserer Aufgaben unterst\u00fctzen, Zugang zu Ihren Daten erhalten. Dies sind Dienstleister der folgenden Kategorien:<\/p>\n<ul>\n<li>Hosting-Dienstleister f\u00fcr den Betrieb unserer Server<\/li>\n<li>Entwicklungsdienstleister f\u00fcr Programmierung, Entwicklung, Wartung und Support von Software-Anwendungen<\/li>\n<li>Postdienstleister f\u00fcr die Verifizierung, Korrektur oder Vervollst\u00e4ndigung von Adressdaten<\/li>\n<li>Auskunfteien f\u00fcr die Durchf\u00fchrung von Bonit\u00e4tspr\u00fcfungen<\/li>\n<li>Zahlungsdienstleister und Banken f\u00fcr die Abwicklung von Zahlungen<\/li>\n<li>Inkassounternehmen und Rechtsanwaltskanzleien f\u00fcr die Geltendmachung von Forderungen<\/li>\n<li>E-Mail-Versand-Dienstleister f\u00fcr den Versand von E-Mails im Zusammenhang mit einer Bestellung<\/li>\n<li>Dienstleister f\u00fcr die Erbringung von Logistikdienstleistungen<\/li>\n<li>Paketversanddienstleister f\u00fcr die Auslieferung von Bestellungen<\/li>\n<li>HR-Dienstleister zur Unterst\u00fctzung bei der Bewerberauswahl<\/li>\n<\/ul>\n<p>Von uns eingesetzte Dienstleister m\u00fcssen besondere Vertraulichkeitsanforderungen erf\u00fcllen. Sie erhalten nur in dem Umfang und f\u00fcr den Zeitraum Zugang zu Ihren Daten, der f\u00fcr die Erf\u00fcllung der Aufgaben erforderlich ist.<\/p>\n<p><strong>7. Wie lange werden die Daten gespeichert? <\/strong><\/p>\n<p>Wir speichern Ihre Daten grunds\u00e4tzlich nur so lange, wie wir sie f\u00fcr die jeweiligen Verarbeitungszwecke ben\u00f6tigen. Sind die Daten f\u00fcr die Erf\u00fcllung der in diesen Datenschutzhinweisen genannten Verarbeitungszwecke nicht mehr erforderlich, werden diese gel\u00f6scht, es sei denn, deren Aufbewahrung ist zur Erf\u00fcllung von handels- oder steuerrechtlichen Aufbewahrungspflichten weiterhin notwendig. Im Regelfall l\u00f6schen wir Ihre Daten nach diesen Fristen bzw. legen die L\u00f6schfrist nach diesen Kriterien fest:<\/p>\n<ul>\n<li>Daten \u00fcber Warenk\u00e4ufe nach Ablauf der gesetzlichen Gew\u00e4hrleistungsfrist<\/li>\n<li>Daten zu einer Anfrage an den Kundenservice in der Regel 3 Monate, sp\u00e4testens 10 Jahre nach Abschluss des Vorgangs<\/li>\n<li>Daten zu einer Bewerbung auf eine ausgeschriebene Stelle sechs Monate nach Abschluss des Bewerbungsverfahrens<\/li>\n<\/ul>\n<p><strong>8. Welche Rechte haben Sie? <\/strong><\/p>\n<p><strong>8.1 Auskunft<\/strong><\/p>\n<p>Sie k\u00f6nnen Auskunft \u00fcber Ihre von uns verarbeiteten personenbezogenen Daten verlangen.<\/p>\n<p><strong>8.2 Berichtigung<\/strong><\/p>\n<p>Sollten Ihre Angaben nicht (mehr) zutreffend sein, k\u00f6nnen Sie die Berichtigung Ihrer Daten verlangen. Sollten Ihre Daten unvollst\u00e4ndig sein, k\u00f6nnen Sie eine Vervollst\u00e4ndigung verlangen.<\/p>\n<p><strong>8.3 L\u00f6schung<\/strong><\/p>\n<p>Sie haben das Recht, die L\u00f6schung Ihrer Daten zu verlangen. Bitte beachten Sie, dass ein Anspruch auf L\u00f6schung von dem Vorliegen eines legitimen Grundes abh\u00e4ngt. Zudem d\u00fcrfen keine Vorschriften bestehen, die uns zur Aufbewahrung Ihrer Daten verpflichten.<\/p>\n<p><strong>8.4 Einschr\u00e4nkung der Verarbeitung<\/strong><\/p>\n<p>Sie haben das Recht, die Einschr\u00e4nkung der Verarbeitung Ihrer Daten zu verlangen. Bitte beachten Sie, dass ein Anspruch auf Einschr\u00e4nkung der Verarbeitung von dem Vorliegen eines legitimen Grundes abh\u00e4ngt.<\/p>\n<p><strong>8.5 Widerspruch<\/strong><\/p>\n<p>Sie haben das Recht, aus Gr\u00fcnden, die sich aus Ihrer besonderen Situation ergeben, gegen die Verarbeitung Ihrer Daten Widerspruch einzulegen. Im Falle eines berechtigten Widerspruchs werden wir Ihre Daten nicht mehr verarbeiten.<\/p>\n<p><strong>8.6 Beschwerderecht<\/strong><\/p>\n<p>Sie sind berechtigt, bei einer Datenschutzaufsichtsbeh\u00f6rde Beschwerde einzureichen, wenn Sie mit der Verarbeitung Ihrer Daten nicht einverstanden sind.<\/p>\n<p><strong>8.7 Daten\u00fcbertragbarkeit<\/strong><\/p>\n<p>Sie haben das Recht, personenbezogene Daten, die Sie uns mitgeteilt haben, in einem elektronischen Format zu erhalten.<\/p>\n<p><strong>8.8 Widerruf Ihrer Einwilligung<\/strong><\/p>\n<p>Sie haben das Recht, eine Einwilligung in die Verarbeitung Ihrer Daten, welche Sie uns gegen\u00fcber erteilt haben, jederzeit zu widerrufen. Dies gilt auch f\u00fcr den Widerruf von Einwilligungserkl\u00e4rungen, die Sie uns gegen\u00fcber vor Geltung der Datenschutz-Grundverordnung, also vor dem 25.05.2018, abgegeben haben. Am einfachsten k\u00f6nnen Sie eine von Ihnen erteilte Einwilligung widerrufen, indem Sie sich per E-Mail an die oben genannten Kontaktdaten wenden. Der Widerruf der Einwilligung ber\u00fchrt nicht die Rechtm\u00e4\u00dfigkeit der bis zum Widerruf durchgef\u00fchrten Verarbeitung Ihrer Daten.<\/p>\n<\/div><div class=\"fusion-clearfix\"><\/div><\/div><\/div><\/div><\/div>\n","protected":false},"excerpt":{"rendered":"","protected":false},"author":1,"featured_media":0,"parent":0,"menu_order":23,"comment_status":"closed","ping_status":"closed","template":"","meta":{"footnotes":""},"class_list":["post-2264","page","type-page","status-publish","hentry"],"yoast_head":"<!-- This site is optimized with the Yoast SEO plugin v27.4 - https:\/\/yoast.com\/product\/yoast-seo-wordpress\/ -->\n<title>Privacy Policy - OLIGO Lichttechnik GmbH surface controls<\/title>\n<meta name=\"description\" content=\"The responsible handling of your personal information is very important to us.\" \/>\n<meta name=\"robots\" content=\"noindex, follow\" \/>\n<meta property=\"og:locale\" content=\"en_US\" \/>\n<meta property=\"og:type\" content=\"article\" \/>\n<meta property=\"og:title\" content=\"Privacy Policy - OLIGO Lichttechnik GmbH surface controls\" \/>\n<meta property=\"og:description\" content=\"The responsible handling of your personal information is very important to us.\" \/>\n<meta property=\"og:url\" content=\"https:\/\/www.surface-controls.com\/en\/privacy-policy\/\" \/>\n<meta property=\"og:site_name\" content=\"Surface Controls\" \/>\n<meta property=\"article:modified_time\" content=\"2021-04-28T08:55:12+00:00\" \/>\n<meta name=\"twitter:card\" content=\"summary_large_image\" \/>\n<meta name=\"twitter:label1\" content=\"Est. reading time\" \/>\n\t<meta name=\"twitter:data1\" content=\"12 minutes\" \/>\n<script type=\"application\/ld+json\" class=\"yoast-schema-graph\">{\"@context\":\"https:\\\/\\\/schema.org\",\"@graph\":[{\"@type\":\"WebPage\",\"@id\":\"https:\\\/\\\/www.surface-controls.com\\\/en\\\/privacy-policy\\\/\",\"url\":\"https:\\\/\\\/www.surface-controls.com\\\/en\\\/privacy-policy\\\/\",\"name\":\"Privacy Policy - OLIGO Lichttechnik GmbH surface controls\",\"isPartOf\":{\"@id\":\"https:\\\/\\\/www.surface-controls.com\\\/en\\\/#website\"},\"datePublished\":\"2020-04-01T11:09:14+00:00\",\"dateModified\":\"2021-04-28T08:55:12+00:00\",\"description\":\"The responsible handling of your personal information is very important to us.\",\"breadcrumb\":{\"@id\":\"https:\\\/\\\/www.surface-controls.com\\\/en\\\/privacy-policy\\\/#breadcrumb\"},\"inLanguage\":\"en-US\",\"potentialAction\":[{\"@type\":\"ReadAction\",\"target\":[\"https:\\\/\\\/www.surface-controls.com\\\/en\\\/privacy-policy\\\/\"]}]},{\"@type\":\"BreadcrumbList\",\"@id\":\"https:\\\/\\\/www.surface-controls.com\\\/en\\\/privacy-policy\\\/#breadcrumb\",\"itemListElement\":[{\"@type\":\"ListItem\",\"position\":1,\"name\":\"Startseite\",\"item\":\"https:\\\/\\\/www.surface-controls.com\\\/en\\\/\"},{\"@type\":\"ListItem\",\"position\":2,\"name\":\"Privacy Policy\"}]},{\"@type\":\"WebSite\",\"@id\":\"https:\\\/\\\/www.surface-controls.com\\\/en\\\/#website\",\"url\":\"https:\\\/\\\/www.surface-controls.com\\\/en\\\/\",\"name\":\"Surface Controls\",\"description\":\"Leuchten zur Oberfl\u00e4chenkontrolle\",\"potentialAction\":[{\"@type\":\"SearchAction\",\"target\":{\"@type\":\"EntryPoint\",\"urlTemplate\":\"https:\\\/\\\/www.surface-controls.com\\\/en\\\/?s={search_term_string}\"},\"query-input\":{\"@type\":\"PropertyValueSpecification\",\"valueRequired\":true,\"valueName\":\"search_term_string\"}}],\"inLanguage\":\"en-US\"}]}<\/script>\n<!-- \/ Yoast SEO plugin. -->","yoast_head_json":{"title":"Privacy Policy - OLIGO Lichttechnik GmbH surface controls","description":"The responsible handling of your personal information is very important to us.","robots":{"index":"noindex","follow":"follow"},"og_locale":"en_US","og_type":"article","og_title":"Privacy Policy - OLIGO Lichttechnik GmbH surface controls","og_description":"The responsible handling of your personal information is very important to us.","og_url":"https:\/\/www.surface-controls.com\/en\/privacy-policy\/","og_site_name":"Surface Controls","article_modified_time":"2021-04-28T08:55:12+00:00","twitter_card":"summary_large_image","twitter_misc":{"Est. reading time":"12 minutes"},"schema":{"@context":"https:\/\/schema.org","@graph":[{"@type":"WebPage","@id":"https:\/\/www.surface-controls.com\/en\/privacy-policy\/","url":"https:\/\/www.surface-controls.com\/en\/privacy-policy\/","name":"Privacy Policy - OLIGO Lichttechnik GmbH surface controls","isPartOf":{"@id":"https:\/\/www.surface-controls.com\/en\/#website"},"datePublished":"2020-04-01T11:09:14+00:00","dateModified":"2021-04-28T08:55:12+00:00","description":"The responsible handling of your personal information is very important to us.","breadcrumb":{"@id":"https:\/\/www.surface-controls.com\/en\/privacy-policy\/#breadcrumb"},"inLanguage":"en-US","potentialAction":[{"@type":"ReadAction","target":["https:\/\/www.surface-controls.com\/en\/privacy-policy\/"]}]},{"@type":"BreadcrumbList","@id":"https:\/\/www.surface-controls.com\/en\/privacy-policy\/#breadcrumb","itemListElement":[{"@type":"ListItem","position":1,"name":"Startseite","item":"https:\/\/www.surface-controls.com\/en\/"},{"@type":"ListItem","position":2,"name":"Privacy Policy"}]},{"@type":"WebSite","@id":"https:\/\/www.surface-controls.com\/en\/#website","url":"https:\/\/www.surface-controls.com\/en\/","name":"Surface Controls","description":"Leuchten zur Oberfl\u00e4chenkontrolle","potentialAction":[{"@type":"SearchAction","target":{"@type":"EntryPoint","urlTemplate":"https:\/\/www.surface-controls.com\/en\/?s={search_term_string}"},"query-input":{"@type":"PropertyValueSpecification","valueRequired":true,"valueName":"search_term_string"}}],"inLanguage":"en-US"}]}},"_links":{"self":[{"href":"https:\/\/www.surface-controls.com\/en\/wp-json\/wp\/v2\/pages\/2264","targetHints":{"allow":["GET"]}}],"collection":[{"href":"https:\/\/www.surface-controls.com\/en\/wp-json\/wp\/v2\/pages"}],"about":[{"href":"https:\/\/www.surface-controls.com\/en\/wp-json\/wp\/v2\/types\/page"}],"author":[{"embeddable":true,"href":"https:\/\/www.surface-controls.com\/en\/wp-json\/wp\/v2\/users\/1"}],"replies":[{"embeddable":true,"href":"https:\/\/www.surface-controls.com\/en\/wp-json\/wp\/v2\/comments?post=2264"}],"version-history":[{"count":9,"href":"https:\/\/www.surface-controls.com\/en\/wp-json\/wp\/v2\/pages\/2264\/revisions"}],"predecessor-version":[{"id":4602,"href":"https:\/\/www.surface-controls.com\/en\/wp-json\/wp\/v2\/pages\/2264\/revisions\/4602"}],"wp:attachment":[{"href":"https:\/\/www.surface-controls.com\/en\/wp-json\/wp\/v2\/media?parent=2264"}],"curies":[{"name":"wp","href":"https:\/\/api.w.org\/{rel}","templated":true}]}}